{"id":1053,"date":"2022-02-28T15:40:55","date_gmt":"2022-02-28T15:40:55","guid":{"rendered":"https:\/\/teszt.drlbeauty.com\/hu\/?page_id=1053"},"modified":"2023-08-03T07:44:17","modified_gmt":"2023-08-03T07:44:17","slug":"impresszum","status":"publish","type":"page","link":"https:\/\/drlbeauty.com\/hu\/impresszum\/","title":{"rendered":"Impresszum"},"content":{"rendered":"\n[et_pb_section fb_built=&#8221;1&#8243; _builder_version=&#8221;4.16&#8243; _module_preset=&#8221;default&#8221; global_colors_info=&#8221;{}&#8221;][et_pb_row _builder_version=&#8221;4.21.0&#8243; _module_preset=&#8221;default&#8221; hover_enabled=&#8221;0&#8243; global_colors_info=&#8221;{}&#8221; max_width=&#8221;100%&#8221; sticky_enabled=&#8221;0&#8243;][et_pb_column type=&#8221;4_4&#8243; _builder_version=&#8221;4.16&#8243; _module_preset=&#8221;default&#8221; global_colors_info=&#8221;{}&#8221;][et_pb_text _builder_version=&#8221;4.21.0&#8243; _module_preset=&#8221;default&#8221; text_font=&#8221;Open Sans||||||||&#8221; text_text_color=&#8221;rgba(0,0,0,0.81)&#8221; text_font_size=&#8221;16px&#8221; header_3_font=&#8221;Vollkorn||||||||&#8221; header_4_font=&#8221;Vollkorn||||||||&#8221; hover_enabled=&#8221;0&#8243; global_colors_info=&#8221;{}&#8221; content_last_edited=&#8221;on|desktop&#8221; sticky_enabled=&#8221;0&#8243; header_2_font=&#8221;Vollkorn||||||||&#8221; header_2_font_size=&#8221;40px&#8221; header_2_font_size_last_edited=&#8221;on|desktop&#8221; header_2_font_size_tablet=&#8221;32px&#8221; header_2_font_size_phone=&#8221;27px&#8221; header_3_font_size=&#8221;28px&#8221; header_3_font_size_last_edited=&#8221;on|desktop&#8221; header_3_font_size_tablet=&#8221;26px&#8221; header_3_font_size_phone=&#8221;22px&#8221; content_tablet=&#8221;<div class=%22et_pb_module et_pb_text et_pb_text_0  et_pb_text_align_left et_pb_bg_layout_light%22>\n<div class=%22et_pb_text_inner%22>\n<h2>drLBeauty Plasztikai Seb\u00e9szet<\/h2>\n<p>&nbsp;<\/p>\n<h3>C\u00e9gadatok<\/h3>\n<p>\u00dczemeltet\u0151: <span>DrL-Beauty Kft.<\/span><\/p>\n<p>Ad\u00f3sz\u00e1m: <span>26599995-1-43<\/span><\/p>\n<p>Sz\u00e9khely: <span>1112 Budapest, T\u00f3berek utca 8.<\/span><\/p>\n<p>Email c\u00edm: info<a href=%22mailto:hello@drlbeauty.com%22 class=%22email%22>@drlbeauty.com<\/a><\/p>\n<\/div>\n<\/div>\n<div class=%22et_pb_module et_pb_text et_pb_text_1  et_pb_text_align_left et_pb_bg_layout_light%22>\n<div class=%22et_pb_text_inner%22>\n<h3>T\u00e1rhelyszolg\u00e1ltat\u00f3 adatai:<\/h3>\n<p><span>T\u00e1rhely.Eu Szolg\u00e1ltat\u00f3 Kft.<\/span><\/p>\n<p><span>Sz\u00e9khelye: 1144. Budapest, Orm\u00e1ns\u00e1g u. 4.<\/span><\/p>\n<p><span>Weboldala:\u00a0<\/span><a href=%22http:\/\/www.tarhely.eu\/%22 data-et-target-link=%22_blank%22 rel=%22nofollow noopener%22>www.tarhely.eu<\/a><\/p>\n<p><span>E-mail c\u00edme:\u00a0<\/span><a href=%22mailto:support@tarhely.eu%22>support@tarhely.eu<\/a><\/p>\n<p><span>Telefonsz\u00e1ma: +36-1-789 2 789<\/span><\/p>\n<\/div>\n<\/div>&#8221; content_phone=&#8221;<div class=%22et_pb_module et_pb_text et_pb_text_0  et_pb_text_align_left et_pb_bg_layout_light%22>\n<div class=%22et_pb_text_inner%22>\n<h2>drLBeauty Plasztikai Seb\u00e9szet<\/h2>\n<p>&nbsp;<\/p>\n<h3>C\u00e9gadatok<\/h3>\n<p>\u00dczemeltet\u0151: <span>DrL-Beauty Kft.<\/span><\/p>\n<p>Ad\u00f3sz\u00e1m: <span>26599995-1-43<\/span><\/p>\n<p>Sz\u00e9khely: <span>1112 Budapest, T\u00f3berek utca 8.<\/span><\/p>\n<p>Email c\u00edm: info<a href=%22mailto:hello@drlbeauty.com%22 class=%22email%22>@drlbeauty.com<\/a><\/p>\n<\/div>\n<\/div>\n<div class=%22et_pb_module et_pb_text et_pb_text_1  et_pb_text_align_left et_pb_bg_layout_light%22>\n<div class=%22et_pb_text_inner%22>\n<h3>T\u00e1rhelyszolg\u00e1ltat\u00f3 adatai:<\/h3>\n<p><span>T\u00e1rhely.Eu Szolg\u00e1ltat\u00f3 Kft.<\/span><\/p>\n<p><span>Sz\u00e9khelye: 1144. Budapest, Orm\u00e1ns\u00e1g u. 4.<\/span><\/p>\n<p><span>Weboldala:\u00a0<\/span><a href=%22http:\/\/www.tarhely.eu\/%22 data-et-target-link=%22_blank%22 rel=%22nofollow noopener%22>www.tarhely.eu<\/a><\/p>\n<p><span>E-mail c\u00edme:\u00a0<\/span><a href=%22mailto:support@tarhely.eu%22>support@tarhely.eu<\/a><\/p>\n<p><span>Telefonsz\u00e1ma: +36-1-789 2 789<\/span><\/p>\n<\/div>\n<\/div>&#8222;]<div class=\"et_pb_module et_pb_text et_pb_text_0  et_pb_text_align_left et_pb_bg_layout_light\">\n<div class=\"et_pb_text_inner\">\n<h2>drLBeauty Plasztikai Seb\u00e9szet<\/h2>\n<p>&nbsp;<\/p>\n<h3>C\u00e9gadatok<\/h3>\n<p>\u00dczemeltet\u0151: <span>DrL-Beauty Kft.<\/span><\/p>\n<p>Ad\u00f3sz\u00e1m: <span>26599995-1-43<\/span><\/p>\n<p>Sz\u00e9khely: <span>1112 Budapest, T\u00f3berek utca 8.<\/span><\/p>\n<p>Email c\u00edm: info<a href=\"mailto:hello@drlbeauty.com\" class=\"email\">@drlbeauty.com<\/a><\/p>\n<\/div>\n<\/div>\n<div class=\"et_pb_module et_pb_text et_pb_text_1  et_pb_text_align_left et_pb_bg_layout_light\">\n<div class=\"et_pb_text_inner\">\n<h3>T\u00e1rhelyszolg\u00e1ltat\u00f3 adatai:<\/h3>\n<p><span>T\u00e1rhely.Eu Szolg\u00e1ltat\u00f3 Kft.<\/span><\/p>\n<p><span>Sz\u00e9khelye: 1144. Budapest, Orm\u00e1ns\u00e1g u. 4.<\/span><\/p>\n<p><span>Weboldala:\u00a0<\/span><a href=\"http:\/\/www.tarhely.eu\/\" target=\"_blank\" rel=\"nofollow noopener\">www.tarhely.eu<\/a><\/p>\n<p><span>E-mail c\u00edme:\u00a0<\/span><a href=\"mailto:support@tarhely.eu\">support@tarhely.eu<\/a><\/p>\n<p><span>Telefonsz\u00e1ma: +36-1-789 2 789<\/span><\/p>\n<\/div>\n<\/div>[\/et_pb_text][\/et_pb_column][\/et_pb_row][\/et_pb_section]\n","protected":false},"excerpt":{"rendered":"<p>drLBeauty Plasztikai Seb\u00e9szet &nbsp; C\u00e9gadatok \u00dczemeltet\u0151: DrL-Beauty Kft. Ad\u00f3sz\u00e1m: 26599995-1-43 Sz\u00e9khely: 1112 Budapest, T\u00f3berek utca 8. Email c\u00edm: info@drlbeauty.com T\u00e1rhelyszolg\u00e1ltat\u00f3 adatai: T\u00e1rhely.Eu Szolg\u00e1ltat\u00f3 Kft. Sz\u00e9khelye: 1144. Budapest, Orm\u00e1ns\u00e1g u. 4. Weboldala:\u00a0www.tarhely.eu E-mail c\u00edme:\u00a0support@tarhely.eu Telefonsz\u00e1ma: +36-1-789 2 789<\/p>\n","protected":false},"author":1,"featured_media":0,"parent":0,"menu_order":0,"comment_status":"closed","ping_status":"closed","template":"","meta":{"_et_pb_use_builder":"on","_et_pb_old_content":"<!-- wp:divi\/placeholder \/-->","_et_gb_content_width":"","footnotes":""},"class_list":["post-1053","page","type-page","status-publish","hentry"],"yoast_head":"<!-- This site is optimized with the Yoast SEO plugin v26.8 - https:\/\/yoast.com\/product\/yoast-seo-wordpress\/ -->\n<title>Impresszum - dr LBeauty Plasztikai Seb\u00e9szet<\/title>\n<meta name=\"robots\" content=\"noindex, follow\" \/>\n<meta property=\"og:locale\" content=\"hu_HU\" \/>\n<meta property=\"og:type\" content=\"article\" \/>\n<meta property=\"og:title\" content=\"Impresszum - dr LBeauty Plasztikai Seb\u00e9szet\" \/>\n<meta property=\"og:description\" content=\"drLBeauty Plasztikai Seb\u00e9szet &nbsp; C\u00e9gadatok \u00dczemeltet\u0151: DrL-Beauty Kft. Ad\u00f3sz\u00e1m: 26599995-1-43 Sz\u00e9khely: 1112 Budapest, T\u00f3berek utca 8. Email c\u00edm: info@drlbeauty.com T\u00e1rhelyszolg\u00e1ltat\u00f3 adatai: T\u00e1rhely.Eu Szolg\u00e1ltat\u00f3 Kft. Sz\u00e9khelye: 1144. Budapest, Orm\u00e1ns\u00e1g u. 4. Weboldala:\u00a0www.tarhely.eu E-mail c\u00edme:\u00a0support@tarhely.eu Telefonsz\u00e1ma: +36-1-789 2 789\" \/>\n<meta property=\"og:url\" content=\"https:\/\/drlbeauty.com\/hu\/impresszum\/\" \/>\n<meta property=\"og:site_name\" content=\"dr LBeauty Plasztikai Seb\u00e9szet\" \/>\n<meta property=\"article:modified_time\" content=\"2023-08-03T07:44:17+00:00\" \/>\n<meta name=\"twitter:card\" content=\"summary_large_image\" \/>\n<meta name=\"twitter:label1\" content=\"Becs\u00fclt olvas\u00e1si id\u0151\" \/>\n\t<meta name=\"twitter:data1\" content=\"1 perc\" \/>\n<script type=\"application\/ld+json\" class=\"yoast-schema-graph\">{\"@context\":\"https:\/\/schema.org\",\"@graph\":[{\"@type\":\"WebPage\",\"@id\":\"https:\/\/drlbeauty.com\/hu\/impresszum\/\",\"url\":\"https:\/\/drlbeauty.com\/hu\/impresszum\/\",\"name\":\"Impresszum - dr LBeauty Plasztikai Seb\u00e9szet\",\"isPartOf\":{\"@id\":\"https:\/\/drlbeauty.com\/hu\/#website\"},\"datePublished\":\"2022-02-28T15:40:55+00:00\",\"dateModified\":\"2023-08-03T07:44:17+00:00\",\"breadcrumb\":{\"@id\":\"https:\/\/drlbeauty.com\/hu\/impresszum\/#breadcrumb\"},\"inLanguage\":\"hu\",\"potentialAction\":[{\"@type\":\"ReadAction\",\"target\":[\"https:\/\/drlbeauty.com\/hu\/impresszum\/\"]}]},{\"@type\":\"BreadcrumbList\",\"@id\":\"https:\/\/drlbeauty.com\/hu\/impresszum\/#breadcrumb\",\"itemListElement\":[{\"@type\":\"ListItem\",\"position\":1,\"name\":\"Kezd\u0151lap\",\"item\":\"https:\/\/drlbeauty.com\/hu\/\"},{\"@type\":\"ListItem\",\"position\":2,\"name\":\"Impresszum\"}]},{\"@type\":\"WebSite\",\"@id\":\"https:\/\/drlbeauty.com\/hu\/#website\",\"url\":\"https:\/\/drlbeauty.com\/hu\/\",\"name\":\"dr LBeauty Plasztikai Seb\u00e9szet\",\"description\":\"My WordPress Blog\",\"publisher\":{\"@id\":\"https:\/\/drlbeauty.com\/hu\/#\/schema\/person\/21f1e9bac1ad5d5c110e02de659b156c\"},\"potentialAction\":[{\"@type\":\"SearchAction\",\"target\":{\"@type\":\"EntryPoint\",\"urlTemplate\":\"https:\/\/drlbeauty.com\/hu\/?s={search_term_string}\"},\"query-input\":{\"@type\":\"PropertyValueSpecification\",\"valueRequired\":true,\"valueName\":\"search_term_string\"}}],\"inLanguage\":\"hu\"},{\"@type\":[\"Person\",\"Organization\"],\"@id\":\"https:\/\/drlbeauty.com\/hu\/#\/schema\/person\/21f1e9bac1ad5d5c110e02de659b156c\",\"name\":\"Dr. L\u00e9vay Bernadett\",\"image\":{\"@type\":\"ImageObject\",\"inLanguage\":\"hu\",\"@id\":\"https:\/\/drlbeauty.com\/hu\/#\/schema\/person\/image\/\",\"url\":\"https:\/\/drlbeauty.com\/hu\/wp-content\/uploads\/2022\/02\/cropped-drlbeauty-weblogo.png\",\"contentUrl\":\"https:\/\/drlbeauty.com\/hu\/wp-content\/uploads\/2022\/02\/cropped-drlbeauty-weblogo.png\",\"width\":512,\"height\":512,\"caption\":\"Dr. L\u00e9vay Bernadett\"},\"logo\":{\"@id\":\"https:\/\/drlbeauty.com\/hu\/#\/schema\/person\/image\/\"},\"sameAs\":[\"https:\/\/drlbeauty.com\/hu\"]}]}<\/script>\n<!-- \/ Yoast SEO plugin. -->","yoast_head_json":{"title":"Impresszum - dr LBeauty Plasztikai Seb\u00e9szet","robots":{"index":"noindex","follow":"follow"},"og_locale":"hu_HU","og_type":"article","og_title":"Impresszum - dr LBeauty Plasztikai Seb\u00e9szet","og_description":"drLBeauty Plasztikai Seb\u00e9szet &nbsp; C\u00e9gadatok \u00dczemeltet\u0151: DrL-Beauty Kft. Ad\u00f3sz\u00e1m: 26599995-1-43 Sz\u00e9khely: 1112 Budapest, T\u00f3berek utca 8. Email c\u00edm: info@drlbeauty.com T\u00e1rhelyszolg\u00e1ltat\u00f3 adatai: T\u00e1rhely.Eu Szolg\u00e1ltat\u00f3 Kft. Sz\u00e9khelye: 1144. Budapest, Orm\u00e1ns\u00e1g u. 4. Weboldala:\u00a0www.tarhely.eu E-mail c\u00edme:\u00a0support@tarhely.eu Telefonsz\u00e1ma: +36-1-789 2 789","og_url":"https:\/\/drlbeauty.com\/hu\/impresszum\/","og_site_name":"dr LBeauty Plasztikai Seb\u00e9szet","article_modified_time":"2023-08-03T07:44:17+00:00","twitter_card":"summary_large_image","twitter_misc":{"Becs\u00fclt olvas\u00e1si id\u0151":"1 perc"},"schema":{"@context":"https:\/\/schema.org","@graph":[{"@type":"WebPage","@id":"https:\/\/drlbeauty.com\/hu\/impresszum\/","url":"https:\/\/drlbeauty.com\/hu\/impresszum\/","name":"Impresszum - dr LBeauty Plasztikai Seb\u00e9szet","isPartOf":{"@id":"https:\/\/drlbeauty.com\/hu\/#website"},"datePublished":"2022-02-28T15:40:55+00:00","dateModified":"2023-08-03T07:44:17+00:00","breadcrumb":{"@id":"https:\/\/drlbeauty.com\/hu\/impresszum\/#breadcrumb"},"inLanguage":"hu","potentialAction":[{"@type":"ReadAction","target":["https:\/\/drlbeauty.com\/hu\/impresszum\/"]}]},{"@type":"BreadcrumbList","@id":"https:\/\/drlbeauty.com\/hu\/impresszum\/#breadcrumb","itemListElement":[{"@type":"ListItem","position":1,"name":"Kezd\u0151lap","item":"https:\/\/drlbeauty.com\/hu\/"},{"@type":"ListItem","position":2,"name":"Impresszum"}]},{"@type":"WebSite","@id":"https:\/\/drlbeauty.com\/hu\/#website","url":"https:\/\/drlbeauty.com\/hu\/","name":"dr LBeauty Plasztikai Seb\u00e9szet","description":"My WordPress Blog","publisher":{"@id":"https:\/\/drlbeauty.com\/hu\/#\/schema\/person\/21f1e9bac1ad5d5c110e02de659b156c"},"potentialAction":[{"@type":"SearchAction","target":{"@type":"EntryPoint","urlTemplate":"https:\/\/drlbeauty.com\/hu\/?s={search_term_string}"},"query-input":{"@type":"PropertyValueSpecification","valueRequired":true,"valueName":"search_term_string"}}],"inLanguage":"hu"},{"@type":["Person","Organization"],"@id":"https:\/\/drlbeauty.com\/hu\/#\/schema\/person\/21f1e9bac1ad5d5c110e02de659b156c","name":"Dr. L\u00e9vay Bernadett","image":{"@type":"ImageObject","inLanguage":"hu","@id":"https:\/\/drlbeauty.com\/hu\/#\/schema\/person\/image\/","url":"https:\/\/drlbeauty.com\/hu\/wp-content\/uploads\/2022\/02\/cropped-drlbeauty-weblogo.png","contentUrl":"https:\/\/drlbeauty.com\/hu\/wp-content\/uploads\/2022\/02\/cropped-drlbeauty-weblogo.png","width":512,"height":512,"caption":"Dr. L\u00e9vay Bernadett"},"logo":{"@id":"https:\/\/drlbeauty.com\/hu\/#\/schema\/person\/image\/"},"sameAs":["https:\/\/drlbeauty.com\/hu"]}]}},"_links":{"self":[{"href":"https:\/\/drlbeauty.com\/hu\/wp-json\/wp\/v2\/pages\/1053","targetHints":{"allow":["GET"]}}],"collection":[{"href":"https:\/\/drlbeauty.com\/hu\/wp-json\/wp\/v2\/pages"}],"about":[{"href":"https:\/\/drlbeauty.com\/hu\/wp-json\/wp\/v2\/types\/page"}],"author":[{"embeddable":true,"href":"https:\/\/drlbeauty.com\/hu\/wp-json\/wp\/v2\/users\/1"}],"replies":[{"embeddable":true,"href":"https:\/\/drlbeauty.com\/hu\/wp-json\/wp\/v2\/comments?post=1053"}],"version-history":[{"count":7,"href":"https:\/\/drlbeauty.com\/hu\/wp-json\/wp\/v2\/pages\/1053\/revisions"}],"predecessor-version":[{"id":2903,"href":"https:\/\/drlbeauty.com\/hu\/wp-json\/wp\/v2\/pages\/1053\/revisions\/2903"}],"wp:attachment":[{"href":"https:\/\/drlbeauty.com\/hu\/wp-json\/wp\/v2\/media?parent=1053"}],"curies":[{"name":"wp","href":"https:\/\/api.w.org\/{rel}","templated":true}]}}