{"id":1060,"date":"2022-02-28T15:47:52","date_gmt":"2022-02-28T15:47:52","guid":{"rendered":"https:\/\/teszt.drlbeauty.com\/hu\/?page_id=1060"},"modified":"2023-08-03T08:15:42","modified_gmt":"2023-08-03T08:15:42","slug":"suti-szabalyzat","status":"publish","type":"page","link":"https:\/\/drlbeauty.com\/hu\/suti-szabalyzat\/","title":{"rendered":"S\u00fcti Szab\u00e1lyzat"},"content":{"rendered":"\n\n[et_pb_section fb_built=&#8221;1&#8243; _builder_version=&#8221;4.16&#8243; _module_preset=&#8221;default&#8221; global_colors_info=&#8221;{}&#8221;][et_pb_row _builder_version=&#8221;4.16&#8243; _module_preset=&#8221;default&#8221; global_colors_info=&#8221;{}&#8221;][et_pb_column type=&#8221;4_4&#8243; _builder_version=&#8221;4.16&#8243; _module_preset=&#8221;default&#8221; global_colors_info=&#8221;{}&#8221;][et_pb_text _builder_version=&#8221;4.18.0&#8243; _module_preset=&#8221;default&#8221; text_font=&#8221;Open Sans||||||||&#8221; text_text_color=&#8221;rgba(0,0,0,0.82)&#8221; text_font_size=&#8221;16px&#8221; header_font=&#8221;Vollkorn||||||||&#8221; header_3_font=&#8221;Vollkorn||||||||&#8221; hover_enabled=&#8221;0&#8243; text_font_size_tablet=&#8221;15px&#8221; text_font_size_phone=&#8221;15px&#8221; text_font_size_last_edited=&#8221;on|desktop&#8221; global_colors_info=&#8221;{}&#8221; content_last_edited=&#8221;on|tablet&#8221; sticky_enabled=&#8221;0&#8243; content_tablet=&#8221;<h1>S\u00fcti Szab\u00e1lyzat<\/h1>\n<p>&nbsp;<\/p>\n<h3 class=%22vc_custom_heading%22>Mik azok a cookie-k, s\u00fctik?<\/h3>\n<div class=%22wpb_text_column wpb_content_element %22>\n<div class=%22wpb_wrapper%22>\n<p>A cookie (s\u00fcti) egy kism\u00e9ret\u0171 adatf\u00e1jl, adategy\u00fcttes, amely egy weboldal megl\u00e1togat\u00e1sa, b\u00f6ng\u00e9sz\u00e9se sor\u00e1n ker\u00fcl az \u00d6n eszk\u00f6z\u00e9re (sz\u00e1m\u00edt\u00f3g\u00e9p\u00e9re, telefonj\u00e1ra, t\u00e1blag\u00e9p\u00e9re).<\/p>\n<p>A s\u00fctik sokf\u00e9le c\u00e9lt szolg\u00e1lhatnak. Leggyakrabban a felhaszn\u00e1l\u00f3i \u00e9lm\u00e9ny n\u00f6vel\u00e9se, tov\u00e1bb\u00e1 c\u00e9lzott rekl\u00e1mok elhelyez\u00e9se \u00e9rdek\u00e9ben gy\u0171jtenek adatokat a megl\u00e1togatott weboldal haszn\u00e1lat\u00e1r\u00f3l.<\/p>\n<p>A cookie-k nem alkalmasak egy weboldal l\u00e1togat\u00f3j\u00e1nak szem\u00e9ly szerinti azonos\u00edt\u00e1s\u00e1ra, kiz\u00e1r\u00f3lag a l\u00e1togat\u00f3 eszk\u00f6z\u00e9nek (sz\u00e1m\u00edt\u00f3g\u00e9p\u00e9nek, telefonj\u00e1nak, t\u00e1blag\u00e9p\u00e9nek) felismer\u00e9s\u00e9re.<span>\u00a0<\/span><span>A s\u00fctik nem v\u00edrusok \u00e9s nem k\u00e1rosak, valamint nem jegyeznek meg r\u00f3lunk olyan adatokat, mint p\u00e9ld\u00e1ul a bankk\u00e1rty\u00e1nk biztons\u00e1gi k\u00f3dja, viszont seg\u00edts\u00e9g\u00fckkel p\u00e9ld\u00e1ul megfigyelhetik b\u00f6ng\u00e9sz\u00e9si szok\u00e1sainkat, \u00e9s ezek alapj\u00e1n szem\u00e9lyre szabott tartalmat jelen\u00edthetnek meg nek\u00fcnk pl. rekl\u00e1mok form\u00e1j\u00e1ban.<\/span><\/p>\n<p><span><\/span><\/p>\n<p><span><\/span><\/p>\n<h3><span>Milyen c\u00e9lb\u0151l \u00e9s milyen s\u00fctiket haszn\u00e1l a drLBeauty.com Plasztikai Seb\u00e9szet \u2013 drlbeauty.com\/hu?<\/span><\/h3>\n<p><span>A drLBeauty Plasztikai Seb\u00e9szet a www.drlbeaty.com\/hu honlapon alkalmaz s\u00fctiket. A jelen l\u00e9v\u0151 honlap harmadik f\u00e9lt\u0151l sz\u00e1rmaz\u00f3 k\u00fcls\u0151 s\u00fctiket alkalmazza, azaz olyan cookie-kat, amelyet egy k\u00fcls\u0151 szolg\u00e1ltat\u00f3 hozott l\u00e9tre.<\/span><\/p>\n<p><span><\/span><\/p>\n<h4><span>Google Analytics cookie-k<\/span><\/h4>\n<p><span>Ezek a s\u00fctik a honlapok haszn\u00e1lat\u00e1r\u00f3l, l\u00e1togatotts\u00e1g\u00e1r\u00f3l val\u00f3 elemz\u00e9sek k\u00e9sz\u00edt\u00e9se \u00e9rdek\u00e9ben, a drLBeauty Plasztikai Seb\u00e9szet honlapj\u00e1n val\u00f3 l\u00e1togat\u00e1sokr\u00f3l statisztikai adatokat gy\u0171jtenek (pl.: megtekintett aloldalak, l\u00e1togat\u00f3k sz\u00e1ma, hozz\u00e1vet\u0151leges f\u00f6ldrajzi helyzet\u00fck stb.). A drLBeauty Plasztikai Seb\u00e9szet a Google Analytics szolg\u00e1ltat\u00e1son kereszt\u00fcl, a weboldalai forgalm\u00e1r\u00f3l \u00e9s haszn\u00e1lat\u00e1r\u00f3l kapott statisztikai adatokat a honlapjai fejleszt\u00e9s\u00e9re haszn\u00e1lja fel.<\/span><\/p>\n<p><span><\/span><\/p>\n<p><span><\/span><\/p>\n<h3 class=%22vc_custom_heading%22>Mennyi ideig t\u00e1rol\u00f3dnak a s\u00fctik \u00e9s hogyan t\u00f6r\u00f6lhet\u0151k?<\/h3>\n<p><span>A fenti s\u00fctik a drLBeauty Plasztikai Seb\u00e9szet weblapj\u00e1n tett l\u00e1togat\u00e1sa sor\u00e1n adott enged\u00e9ly\u00e9vel, azaz az \u00d6n hozz\u00e1j\u00e1rul\u00e1s\u00e1val ker\u00fclnek elhelyez\u00e9sre a b\u00f6ng\u00e9sz\u00e9sre haszn\u00e1lt eszk\u00f6z\u00e9n. \u00c9lettartamuk v\u00e1ltoz\u00f3, de legk\u00e9s\u0151bb az elhelyez\u00e9s\u00fcket k\u00f6vet\u0151 2 \u00e9v eltelt\u00e9vel automatikusan t\u00f6rl\u00e9sre ker\u00fclnek. Ugyanakkor \u00d6n a s\u00fctiket b\u00e1rmikor t\u00f6r\u00f6lheti, illetve be\u00e1ll\u00edthatja b\u00f6ng\u00e9sz\u0151j\u00e9t \u00fagy, hogy a s\u00fctik alkalmaz\u00e1s\u00e1t tiltsa. Az al\u00e1bbi linkeken t\u00e1j\u00e9koz\u00f3dhat a cookie-k t\u00f6rl\u00e9s\u00e9r\u0151l, be\u00e1ll\u00edt\u00e1s\u00e1r\u00f3l, annak f\u00fcggv\u00e9ny\u00e9ben hogy \u00d6n melyik b\u00f6ng\u00e9sz\u0151t haszn\u00e1lja:<\/span><\/p>\n<p><strong><a href=%22https:\/\/support.google.com\/accounts\/answer\/61416?hl=hu%22>Google Chrome<\/a><\/strong><\/p>\n<p><strong><a href=%22https:\/\/support.mozilla.org\/hu\/kb\/sutik-informacio-amelyet-weboldalak-tarolnak-szami?redirectlocale=hu&amp;redirectslug=S%C3%BCtik+kezel%C3%A9se%22>Mozilla Firefox<\/a><\/strong><\/p>\n<p><strong><a href=%22https:\/\/support.microsoft.com\/hu-hu\/windows\/cookie-k-t%C3%B6rl%C3%A9se-%C3%A9s-kezel%C3%A9se-168dab11-0753-043d-7c16-ede5947fc64d%22>Internet Explorer<\/a><\/strong><\/p>\n<\/div>\n<\/div>&#8221; content_phone=&#8221;<h1>S\u00fcti Szab\u00e1lyzat<\/h1>\n<p>&nbsp;<\/p>\n<h3 class=%22vc_custom_heading%22>Mik azok a cookie-k, s\u00fctik?<\/h3>\n<div class=%22wpb_text_column wpb_content_element %22>\n<div class=%22wpb_wrapper%22>\n<p>A cookie (s\u00fcti) egy kism\u00e9ret\u0171 adatf\u00e1jl, adategy\u00fcttes, amely egy weboldal megl\u00e1togat\u00e1sa, b\u00f6ng\u00e9sz\u00e9se sor\u00e1n ker\u00fcl az \u00d6n eszk\u00f6z\u00e9re (sz\u00e1m\u00edt\u00f3g\u00e9p\u00e9re, telefonj\u00e1ra, t\u00e1blag\u00e9p\u00e9re).<\/p>\n<p>A s\u00fctik sokf\u00e9le c\u00e9lt szolg\u00e1lhatnak. Leggyakrabban a felhaszn\u00e1l\u00f3i \u00e9lm\u00e9ny n\u00f6vel\u00e9se, tov\u00e1bb\u00e1 c\u00e9lzott rekl\u00e1mok elhelyez\u00e9se \u00e9rdek\u00e9ben gy\u0171jtenek adatokat a megl\u00e1togatott weboldal haszn\u00e1lat\u00e1r\u00f3l.<\/p>\n<p>A cookie-k nem alkalmasak egy weboldal l\u00e1togat\u00f3j\u00e1nak szem\u00e9ly szerinti azonos\u00edt\u00e1s\u00e1ra, kiz\u00e1r\u00f3lag a l\u00e1togat\u00f3 eszk\u00f6z\u00e9nek (sz\u00e1m\u00edt\u00f3g\u00e9p\u00e9nek, telefonj\u00e1nak, t\u00e1blag\u00e9p\u00e9nek) felismer\u00e9s\u00e9re.<span>\u00a0<\/span><span>A s\u00fctik nem v\u00edrusok \u00e9s nem k\u00e1rosak, valamint nem jegyeznek meg r\u00f3lunk olyan adatokat, mint p\u00e9ld\u00e1ul a bankk\u00e1rty\u00e1nk biztons\u00e1gi k\u00f3dja, viszont seg\u00edts\u00e9g\u00fckkel p\u00e9ld\u00e1ul megfigyelhetik b\u00f6ng\u00e9sz\u00e9si szok\u00e1sainkat, \u00e9s ezek alapj\u00e1n szem\u00e9lyre szabott tartalmat jelen\u00edthetnek meg nek\u00fcnk pl. rekl\u00e1mok form\u00e1j\u00e1ban.<\/span><\/p>\n<p><span><\/span><\/p>\n<p><span><\/span><\/p>\n<h3><span>Milyen c\u00e9lb\u0151l \u00e9s milyen s\u00fctiket haszn\u00e1l a drLBeauty.com Plasztikai Seb\u00e9szet \u2013 drlbeauty.com\/hu?<\/span><\/h3>\n<p><span>A drLBeauty Plasztikai Seb\u00e9szet a www.drlbeaty.com\/hu honlapon alkalmaz s\u00fctiket. A jelen l\u00e9v\u0151 honlap harmadik f\u00e9lt\u0151l sz\u00e1rmaz\u00f3 k\u00fcls\u0151 s\u00fctiket alkalmazza, azaz olyan cookie-kat, amelyet egy k\u00fcls\u0151 szolg\u00e1ltat\u00f3 hozott l\u00e9tre.<\/span><\/p>\n<p><span><\/span><\/p>\n<h4><span>Google Analytics cookie-k<\/span><\/h4>\n<p><span>Ezek a s\u00fctik a honlapok haszn\u00e1lat\u00e1r\u00f3l, l\u00e1togatotts\u00e1g\u00e1r\u00f3l val\u00f3 elemz\u00e9sek k\u00e9sz\u00edt\u00e9se \u00e9rdek\u00e9ben, a drLBeauty Plasztikai Seb\u00e9szet honlapj\u00e1n val\u00f3 l\u00e1togat\u00e1sokr\u00f3l statisztikai adatokat gy\u0171jtenek (pl.: megtekintett aloldalak, l\u00e1togat\u00f3k sz\u00e1ma, hozz\u00e1vet\u0151leges f\u00f6ldrajzi helyzet\u00fck stb.). A drLBeauty Plasztikai Seb\u00e9szet a Google Analytics szolg\u00e1ltat\u00e1son kereszt\u00fcl, a weboldalai forgalm\u00e1r\u00f3l \u00e9s haszn\u00e1lat\u00e1r\u00f3l kapott statisztikai adatokat a honlapjai fejleszt\u00e9s\u00e9re haszn\u00e1lja fel.<\/span><\/p>\n<p><span><\/span><\/p>\n<p><span><\/span><\/p>\n<h3 class=%22vc_custom_heading%22>Mennyi ideig t\u00e1rol\u00f3dnak a s\u00fctik \u00e9s hogyan t\u00f6r\u00f6lhet\u0151k?<\/h3>\n<p><span>A fenti s\u00fctik a drLBeauty Plasztikai Seb\u00e9szet weblapj\u00e1n tett l\u00e1togat\u00e1sa sor\u00e1n adott enged\u00e9ly\u00e9vel, azaz az \u00d6n hozz\u00e1j\u00e1rul\u00e1s\u00e1val ker\u00fclnek elhelyez\u00e9sre a b\u00f6ng\u00e9sz\u00e9sre haszn\u00e1lt eszk\u00f6z\u00e9n. \u00c9lettartamuk v\u00e1ltoz\u00f3, de legk\u00e9s\u0151bb az elhelyez\u00e9s\u00fcket k\u00f6vet\u0151 2 \u00e9v eltelt\u00e9vel automatikusan t\u00f6rl\u00e9sre ker\u00fclnek. Ugyanakkor \u00d6n a s\u00fctiket b\u00e1rmikor t\u00f6r\u00f6lheti, illetve be\u00e1ll\u00edthatja b\u00f6ng\u00e9sz\u0151j\u00e9t \u00fagy, hogy a s\u00fctik alkalmaz\u00e1s\u00e1t tiltsa. Az al\u00e1bbi linkeken t\u00e1j\u00e9koz\u00f3dhat a cookie-k t\u00f6rl\u00e9s\u00e9r\u0151l, be\u00e1ll\u00edt\u00e1s\u00e1r\u00f3l, annak f\u00fcggv\u00e9ny\u00e9ben hogy \u00d6n melyik b\u00f6ng\u00e9sz\u0151t haszn\u00e1lja:<\/span><\/p>\n<p><strong><a href=%22https:\/\/support.google.com\/accounts\/answer\/61416?hl=hu%22>Google Chrome<\/a><\/strong><\/p>\n<p><strong><a href=%22https:\/\/support.mozilla.org\/hu\/kb\/sutik-informacio-amelyet-weboldalak-tarolnak-szami?redirectlocale=hu&amp;redirectslug=S%C3%BCtik+kezel%C3%A9se%22>Mozilla Firefox<\/a><\/strong><\/p>\n<p><strong><a href=%22https:\/\/support.microsoft.com\/hu-hu\/windows\/cookie-k-t%C3%B6rl%C3%A9se-%C3%A9s-kezel%C3%A9se-168dab11-0753-043d-7c16-ede5947fc64d%22>Internet Explorer<\/a><\/strong><\/p>\n<\/div>\n<\/div>&#8222;]<h1>S\u00fcti Szab\u00e1lyzat<\/h1>\n<p>&nbsp;<\/p>\n<h3 class=\"vc_custom_heading\">Mik azok a cookie-k, s\u00fctik?<\/h3>\n<div class=\"wpb_text_column wpb_content_element \">\n<div class=\"wpb_wrapper\">\n<p>A cookie (s\u00fcti) egy kism\u00e9ret\u0171 adatf\u00e1jl, adategy\u00fcttes, amely egy weboldal megl\u00e1togat\u00e1sa, b\u00f6ng\u00e9sz\u00e9se sor\u00e1n ker\u00fcl az \u00d6n eszk\u00f6z\u00e9re (sz\u00e1m\u00edt\u00f3g\u00e9p\u00e9re, telefonj\u00e1ra, t\u00e1blag\u00e9p\u00e9re).<\/p>\n<p>A s\u00fctik sokf\u00e9le c\u00e9lt szolg\u00e1lhatnak. Leggyakrabban a felhaszn\u00e1l\u00f3i \u00e9lm\u00e9ny n\u00f6vel\u00e9se, tov\u00e1bb\u00e1 c\u00e9lzott rekl\u00e1mok elhelyez\u00e9se \u00e9rdek\u00e9ben gy\u0171jtenek adatokat a megl\u00e1togatott weboldal haszn\u00e1lat\u00e1r\u00f3l.<\/p>\n<p>A cookie-k nem alkalmasak egy weboldal l\u00e1togat\u00f3j\u00e1nak szem\u00e9ly szerinti azonos\u00edt\u00e1s\u00e1ra, kiz\u00e1r\u00f3lag a l\u00e1togat\u00f3 eszk\u00f6z\u00e9nek (sz\u00e1m\u00edt\u00f3g\u00e9p\u00e9nek, telefonj\u00e1nak, t\u00e1blag\u00e9p\u00e9nek) felismer\u00e9s\u00e9re.<span>\u00a0<\/span><span>A s\u00fctik nem v\u00edrusok \u00e9s nem k\u00e1rosak, valamint nem jegyeznek meg r\u00f3lunk olyan adatokat, mint p\u00e9ld\u00e1ul a bankk\u00e1rty\u00e1nk biztons\u00e1gi k\u00f3dja, viszont seg\u00edts\u00e9g\u00fckkel p\u00e9ld\u00e1ul megfigyelhetik b\u00f6ng\u00e9sz\u00e9si szok\u00e1sainkat, \u00e9s ezek alapj\u00e1n szem\u00e9lyre szabott tartalmat jelen\u00edthetnek meg nek\u00fcnk pl. rekl\u00e1mok form\u00e1j\u00e1ban.<\/span><\/p>\n<p><span><\/span><\/p>\n<p><span><\/span><\/p>\n<h3><span>Milyen c\u00e9lb\u0151l \u00e9s milyen s\u00fctiket haszn\u00e1l a drLBeauty.com Plasztikai Seb\u00e9szet \u2013 drlbeauty.com\/hu?<\/span><\/h3>\n<p><span>A drLBeauty Plasztikai Seb\u00e9szet a www.drlbeaty.com\/hu honlapon alkalmaz s\u00fctiket. A jelen l\u00e9v\u0151 honlap harmadik f\u00e9lt\u0151l sz\u00e1rmaz\u00f3 k\u00fcls\u0151 s\u00fctiket alkalmazza, azaz olyan cookie-kat, amelyet egy k\u00fcls\u0151 szolg\u00e1ltat\u00f3 hozott l\u00e9tre.<\/span><\/p>\n<p><span><\/span><\/p>\n<h4><span>Google Analytics cookie-k<\/span><\/h4>\n<p><span>Ezek a s\u00fctik a honlapok haszn\u00e1lat\u00e1r\u00f3l, l\u00e1togatotts\u00e1g\u00e1r\u00f3l val\u00f3 elemz\u00e9sek k\u00e9sz\u00edt\u00e9se \u00e9rdek\u00e9ben, a drLBeauty Plasztikai Seb\u00e9szet honlapj\u00e1n val\u00f3 l\u00e1togat\u00e1sokr\u00f3l statisztikai adatokat gy\u0171jtenek (pl.: megtekintett aloldalak, l\u00e1togat\u00f3k sz\u00e1ma, hozz\u00e1vet\u0151leges f\u00f6ldrajzi helyzet\u00fck stb.). A drLBeauty Plasztikai Seb\u00e9szet a Google Analytics szolg\u00e1ltat\u00e1son kereszt\u00fcl, a weboldalai forgalm\u00e1r\u00f3l \u00e9s haszn\u00e1lat\u00e1r\u00f3l kapott statisztikai adatokat a honlapjai fejleszt\u00e9s\u00e9re haszn\u00e1lja fel.<\/span><\/p>\n<p><span><\/span><\/p>\n<p><span><\/span><\/p>\n<h3 class=\"vc_custom_heading\">Mennyi ideig t\u00e1rol\u00f3dnak a s\u00fctik \u00e9s hogyan t\u00f6r\u00f6lhet\u0151k?<\/h3>\n<p><span>A fenti s\u00fctik a drLBeauty Plasztikai Seb\u00e9szet weblapj\u00e1n tett l\u00e1togat\u00e1sa sor\u00e1n adott enged\u00e9ly\u00e9vel, azaz az \u00d6n hozz\u00e1j\u00e1rul\u00e1s\u00e1val ker\u00fclnek elhelyez\u00e9sre a b\u00f6ng\u00e9sz\u00e9sre haszn\u00e1lt eszk\u00f6z\u00e9n. \u00c9lettartamuk v\u00e1ltoz\u00f3, de legk\u00e9s\u0151bb az elhelyez\u00e9s\u00fcket k\u00f6vet\u0151 2 \u00e9v eltelt\u00e9vel automatikusan t\u00f6rl\u00e9sre ker\u00fclnek. Ugyanakkor \u00d6n a s\u00fctiket b\u00e1rmikor t\u00f6r\u00f6lheti, illetve be\u00e1ll\u00edthatja b\u00f6ng\u00e9sz\u0151j\u00e9t \u00fagy, hogy a s\u00fctik alkalmaz\u00e1s\u00e1t tiltsa. Az al\u00e1bbi linkeken t\u00e1j\u00e9koz\u00f3dhat a cookie-k t\u00f6rl\u00e9s\u00e9r\u0151l, be\u00e1ll\u00edt\u00e1s\u00e1r\u00f3l, annak f\u00fcggv\u00e9ny\u00e9ben hogy \u00d6n melyik b\u00f6ng\u00e9sz\u0151t haszn\u00e1lja:<\/span><\/p>\n<p><strong><a href=\"https:\/\/support.google.com\/accounts\/answer\/61416?hl=hu\">Google Chrome<\/a><\/strong><\/p>\n<p><strong><a href=\"https:\/\/support.mozilla.org\/hu\/kb\/sutik-informacio-amelyet-weboldalak-tarolnak-szami?redirectlocale=hu&amp;redirectslug=S%C3%BCtik+kezel%C3%A9se\">Mozilla Firefox<\/a><\/strong><\/p>\n<p><strong><a href=\"https:\/\/support.microsoft.com\/hu-hu\/windows\/cookie-k-t%C3%B6rl%C3%A9se-%C3%A9s-kezel%C3%A9se-168dab11-0753-043d-7c16-ede5947fc64d\">Internet Explorer<\/a><\/strong><\/p>\n<\/div>\n<\/div>[\/et_pb_text][\/et_pb_column][\/et_pb_row][\/et_pb_section]\n\n","protected":false},"excerpt":{"rendered":"<p>S\u00fcti Szab\u00e1lyzat &nbsp; Mik azok a cookie-k, s\u00fctik? A cookie (s\u00fcti) egy kism\u00e9ret\u0171 adatf\u00e1jl, adategy\u00fcttes, amely egy weboldal megl\u00e1togat\u00e1sa, b\u00f6ng\u00e9sz\u00e9se sor\u00e1n ker\u00fcl az \u00d6n eszk\u00f6z\u00e9re (sz\u00e1m\u00edt\u00f3g\u00e9p\u00e9re, telefonj\u00e1ra, t\u00e1blag\u00e9p\u00e9re). A s\u00fctik sokf\u00e9le c\u00e9lt szolg\u00e1lhatnak. Leggyakrabban a felhaszn\u00e1l\u00f3i \u00e9lm\u00e9ny n\u00f6vel\u00e9se, tov\u00e1bb\u00e1 c\u00e9lzott rekl\u00e1mok elhelyez\u00e9se \u00e9rdek\u00e9ben gy\u0171jtenek adatokat a megl\u00e1togatott weboldal haszn\u00e1lat\u00e1r\u00f3l. A cookie-k nem alkalmasak egy weboldal [&hellip;]<\/p>\n","protected":false},"author":1,"featured_media":0,"parent":0,"menu_order":0,"comment_status":"closed","ping_status":"closed","template":"","meta":{"_et_pb_use_builder":"on","_et_pb_old_content":"","_et_gb_content_width":"","footnotes":""},"class_list":["post-1060","page","type-page","status-publish","hentry"],"yoast_head":"<!-- This site is optimized with the Yoast SEO plugin v26.8 - https:\/\/yoast.com\/product\/yoast-seo-wordpress\/ -->\n<title>S\u00fcti Szab\u00e1lyzat - dr LBeauty Plasztikai Seb\u00e9szet<\/title>\n<meta name=\"robots\" content=\"noindex, follow\" \/>\n<meta property=\"og:locale\" content=\"hu_HU\" \/>\n<meta property=\"og:type\" content=\"article\" \/>\n<meta property=\"og:title\" content=\"S\u00fcti Szab\u00e1lyzat - dr LBeauty Plasztikai Seb\u00e9szet\" \/>\n<meta property=\"og:description\" content=\"S\u00fcti Szab\u00e1lyzat &nbsp; Mik azok a cookie-k, s\u00fctik? A cookie (s\u00fcti) egy kism\u00e9ret\u0171 adatf\u00e1jl, adategy\u00fcttes, amely egy weboldal megl\u00e1togat\u00e1sa, b\u00f6ng\u00e9sz\u00e9se sor\u00e1n ker\u00fcl az \u00d6n eszk\u00f6z\u00e9re (sz\u00e1m\u00edt\u00f3g\u00e9p\u00e9re, telefonj\u00e1ra, t\u00e1blag\u00e9p\u00e9re). A s\u00fctik sokf\u00e9le c\u00e9lt szolg\u00e1lhatnak. Leggyakrabban a felhaszn\u00e1l\u00f3i \u00e9lm\u00e9ny n\u00f6vel\u00e9se, tov\u00e1bb\u00e1 c\u00e9lzott rekl\u00e1mok elhelyez\u00e9se \u00e9rdek\u00e9ben gy\u0171jtenek adatokat a megl\u00e1togatott weboldal haszn\u00e1lat\u00e1r\u00f3l. A cookie-k nem alkalmasak egy weboldal [&hellip;]\" \/>\n<meta property=\"og:url\" content=\"https:\/\/drlbeauty.com\/hu\/suti-szabalyzat\/\" \/>\n<meta property=\"og:site_name\" content=\"dr LBeauty Plasztikai Seb\u00e9szet\" \/>\n<meta property=\"article:modified_time\" content=\"2023-08-03T08:15:42+00:00\" \/>\n<meta name=\"twitter:card\" content=\"summary_large_image\" \/>\n<meta name=\"twitter:label1\" content=\"Becs\u00fclt olvas\u00e1si id\u0151\" \/>\n\t<meta name=\"twitter:data1\" content=\"5 perc\" \/>\n<script type=\"application\/ld+json\" class=\"yoast-schema-graph\">{\"@context\":\"https:\/\/schema.org\",\"@graph\":[{\"@type\":\"WebPage\",\"@id\":\"https:\/\/drlbeauty.com\/hu\/suti-szabalyzat\/\",\"url\":\"https:\/\/drlbeauty.com\/hu\/suti-szabalyzat\/\",\"name\":\"S\u00fcti Szab\u00e1lyzat - dr LBeauty Plasztikai Seb\u00e9szet\",\"isPartOf\":{\"@id\":\"https:\/\/drlbeauty.com\/hu\/#website\"},\"datePublished\":\"2022-02-28T15:47:52+00:00\",\"dateModified\":\"2023-08-03T08:15:42+00:00\",\"breadcrumb\":{\"@id\":\"https:\/\/drlbeauty.com\/hu\/suti-szabalyzat\/#breadcrumb\"},\"inLanguage\":\"hu\",\"potentialAction\":[{\"@type\":\"ReadAction\",\"target\":[\"https:\/\/drlbeauty.com\/hu\/suti-szabalyzat\/\"]}]},{\"@type\":\"BreadcrumbList\",\"@id\":\"https:\/\/drlbeauty.com\/hu\/suti-szabalyzat\/#breadcrumb\",\"itemListElement\":[{\"@type\":\"ListItem\",\"position\":1,\"name\":\"Kezd\u0151lap\",\"item\":\"https:\/\/drlbeauty.com\/hu\/\"},{\"@type\":\"ListItem\",\"position\":2,\"name\":\"S\u00fcti Szab\u00e1lyzat\"}]},{\"@type\":\"WebSite\",\"@id\":\"https:\/\/drlbeauty.com\/hu\/#website\",\"url\":\"https:\/\/drlbeauty.com\/hu\/\",\"name\":\"dr LBeauty Plasztikai Seb\u00e9szet\",\"description\":\"My WordPress Blog\",\"publisher\":{\"@id\":\"https:\/\/drlbeauty.com\/hu\/#\/schema\/person\/21f1e9bac1ad5d5c110e02de659b156c\"},\"potentialAction\":[{\"@type\":\"SearchAction\",\"target\":{\"@type\":\"EntryPoint\",\"urlTemplate\":\"https:\/\/drlbeauty.com\/hu\/?s={search_term_string}\"},\"query-input\":{\"@type\":\"PropertyValueSpecification\",\"valueRequired\":true,\"valueName\":\"search_term_string\"}}],\"inLanguage\":\"hu\"},{\"@type\":[\"Person\",\"Organization\"],\"@id\":\"https:\/\/drlbeauty.com\/hu\/#\/schema\/person\/21f1e9bac1ad5d5c110e02de659b156c\",\"name\":\"Dr. L\u00e9vay Bernadett\",\"image\":{\"@type\":\"ImageObject\",\"inLanguage\":\"hu\",\"@id\":\"https:\/\/drlbeauty.com\/hu\/#\/schema\/person\/image\/\",\"url\":\"https:\/\/drlbeauty.com\/hu\/wp-content\/uploads\/2022\/02\/cropped-drlbeauty-weblogo.png\",\"contentUrl\":\"https:\/\/drlbeauty.com\/hu\/wp-content\/uploads\/2022\/02\/cropped-drlbeauty-weblogo.png\",\"width\":512,\"height\":512,\"caption\":\"Dr. L\u00e9vay Bernadett\"},\"logo\":{\"@id\":\"https:\/\/drlbeauty.com\/hu\/#\/schema\/person\/image\/\"},\"sameAs\":[\"https:\/\/drlbeauty.com\/hu\"]}]}<\/script>\n<!-- \/ Yoast SEO plugin. -->","yoast_head_json":{"title":"S\u00fcti Szab\u00e1lyzat - dr LBeauty Plasztikai Seb\u00e9szet","robots":{"index":"noindex","follow":"follow"},"og_locale":"hu_HU","og_type":"article","og_title":"S\u00fcti Szab\u00e1lyzat - dr LBeauty Plasztikai Seb\u00e9szet","og_description":"S\u00fcti Szab\u00e1lyzat &nbsp; Mik azok a cookie-k, s\u00fctik? A cookie (s\u00fcti) egy kism\u00e9ret\u0171 adatf\u00e1jl, adategy\u00fcttes, amely egy weboldal megl\u00e1togat\u00e1sa, b\u00f6ng\u00e9sz\u00e9se sor\u00e1n ker\u00fcl az \u00d6n eszk\u00f6z\u00e9re (sz\u00e1m\u00edt\u00f3g\u00e9p\u00e9re, telefonj\u00e1ra, t\u00e1blag\u00e9p\u00e9re). A s\u00fctik sokf\u00e9le c\u00e9lt szolg\u00e1lhatnak. Leggyakrabban a felhaszn\u00e1l\u00f3i \u00e9lm\u00e9ny n\u00f6vel\u00e9se, tov\u00e1bb\u00e1 c\u00e9lzott rekl\u00e1mok elhelyez\u00e9se \u00e9rdek\u00e9ben gy\u0171jtenek adatokat a megl\u00e1togatott weboldal haszn\u00e1lat\u00e1r\u00f3l. A cookie-k nem alkalmasak egy weboldal [&hellip;]","og_url":"https:\/\/drlbeauty.com\/hu\/suti-szabalyzat\/","og_site_name":"dr LBeauty Plasztikai Seb\u00e9szet","article_modified_time":"2023-08-03T08:15:42+00:00","twitter_card":"summary_large_image","twitter_misc":{"Becs\u00fclt olvas\u00e1si id\u0151":"5 perc"},"schema":{"@context":"https:\/\/schema.org","@graph":[{"@type":"WebPage","@id":"https:\/\/drlbeauty.com\/hu\/suti-szabalyzat\/","url":"https:\/\/drlbeauty.com\/hu\/suti-szabalyzat\/","name":"S\u00fcti Szab\u00e1lyzat - dr LBeauty Plasztikai Seb\u00e9szet","isPartOf":{"@id":"https:\/\/drlbeauty.com\/hu\/#website"},"datePublished":"2022-02-28T15:47:52+00:00","dateModified":"2023-08-03T08:15:42+00:00","breadcrumb":{"@id":"https:\/\/drlbeauty.com\/hu\/suti-szabalyzat\/#breadcrumb"},"inLanguage":"hu","potentialAction":[{"@type":"ReadAction","target":["https:\/\/drlbeauty.com\/hu\/suti-szabalyzat\/"]}]},{"@type":"BreadcrumbList","@id":"https:\/\/drlbeauty.com\/hu\/suti-szabalyzat\/#breadcrumb","itemListElement":[{"@type":"ListItem","position":1,"name":"Kezd\u0151lap","item":"https:\/\/drlbeauty.com\/hu\/"},{"@type":"ListItem","position":2,"name":"S\u00fcti Szab\u00e1lyzat"}]},{"@type":"WebSite","@id":"https:\/\/drlbeauty.com\/hu\/#website","url":"https:\/\/drlbeauty.com\/hu\/","name":"dr LBeauty Plasztikai Seb\u00e9szet","description":"My WordPress Blog","publisher":{"@id":"https:\/\/drlbeauty.com\/hu\/#\/schema\/person\/21f1e9bac1ad5d5c110e02de659b156c"},"potentialAction":[{"@type":"SearchAction","target":{"@type":"EntryPoint","urlTemplate":"https:\/\/drlbeauty.com\/hu\/?s={search_term_string}"},"query-input":{"@type":"PropertyValueSpecification","valueRequired":true,"valueName":"search_term_string"}}],"inLanguage":"hu"},{"@type":["Person","Organization"],"@id":"https:\/\/drlbeauty.com\/hu\/#\/schema\/person\/21f1e9bac1ad5d5c110e02de659b156c","name":"Dr. L\u00e9vay Bernadett","image":{"@type":"ImageObject","inLanguage":"hu","@id":"https:\/\/drlbeauty.com\/hu\/#\/schema\/person\/image\/","url":"https:\/\/drlbeauty.com\/hu\/wp-content\/uploads\/2022\/02\/cropped-drlbeauty-weblogo.png","contentUrl":"https:\/\/drlbeauty.com\/hu\/wp-content\/uploads\/2022\/02\/cropped-drlbeauty-weblogo.png","width":512,"height":512,"caption":"Dr. L\u00e9vay Bernadett"},"logo":{"@id":"https:\/\/drlbeauty.com\/hu\/#\/schema\/person\/image\/"},"sameAs":["https:\/\/drlbeauty.com\/hu"]}]}},"_links":{"self":[{"href":"https:\/\/drlbeauty.com\/hu\/wp-json\/wp\/v2\/pages\/1060","targetHints":{"allow":["GET"]}}],"collection":[{"href":"https:\/\/drlbeauty.com\/hu\/wp-json\/wp\/v2\/pages"}],"about":[{"href":"https:\/\/drlbeauty.com\/hu\/wp-json\/wp\/v2\/types\/page"}],"author":[{"embeddable":true,"href":"https:\/\/drlbeauty.com\/hu\/wp-json\/wp\/v2\/users\/1"}],"replies":[{"embeddable":true,"href":"https:\/\/drlbeauty.com\/hu\/wp-json\/wp\/v2\/comments?post=1060"}],"version-history":[{"count":4,"href":"https:\/\/drlbeauty.com\/hu\/wp-json\/wp\/v2\/pages\/1060\/revisions"}],"predecessor-version":[{"id":2808,"href":"https:\/\/drlbeauty.com\/hu\/wp-json\/wp\/v2\/pages\/1060\/revisions\/2808"}],"wp:attachment":[{"href":"https:\/\/drlbeauty.com\/hu\/wp-json\/wp\/v2\/media?parent=1060"}],"curies":[{"name":"wp","href":"https:\/\/api.w.org\/{rel}","templated":true}]}}