{"id":1190,"date":"2022-03-01T14:45:17","date_gmt":"2022-03-01T14:45:17","guid":{"rendered":"https:\/\/teszt.drlbeauty.com\/hu\/?page_id=1190"},"modified":"2025-02-13T14:55:32","modified_gmt":"2025-02-13T14:55:32","slug":"mellimplantatum-garancia-programok","status":"publish","type":"page","link":"https:\/\/drlbeauty.com\/hu\/mellimplantatum-garancia-programok\/","title":{"rendered":"Mellimplant\u00e1tum garancia programok"},"content":{"rendered":"<p>[et_pb_section fb_built=&#8221;1&#8243; _builder_version=&#8221;4.16&#8243; _module_preset=&#8221;default&#8221; custom_padding=&#8221;||0px|||&#8221; global_colors_info=&#8221;{}&#8221;][et_pb_row _builder_version=&#8221;4.27.4&#8243; _module_preset=&#8221;default&#8221; max_width=&#8221;100%&#8221; hover_enabled=&#8221;0&#8243; global_colors_info=&#8221;{}&#8221; sticky_enabled=&#8221;0&#8243;][et_pb_column type=&#8221;4_4&#8243; _builder_version=&#8221;4.16&#8243; _module_preset=&#8221;default&#8221; global_colors_info=&#8221;{}&#8221;][et_pb_text _builder_version=&#8221;4.20.4&#8243; _module_preset=&#8221;default&#8221; text_font=&#8221;Open Sans||||||||&#8221; text_text_color=&#8221;rgba(0,0,0,0.83)&#8221; text_font_size=&#8221;16px&#8221; header_font=&#8221;Vollkorn||||||||&#8221; header_text_color=&#8221;rgba(0,0,0,0.83)&#8221; header_font_size=&#8221;42px&#8221; header_2_font=&#8221;Vollkorn||||||||&#8221; header_2_font_size=&#8221;30px&#8221; header_3_font=&#8221;Vollkorn||||||||&#8221; header_3_text_color=&#8221;rgba(0,0,0,0.8)&#8221; header_3_font_size=&#8221;23px&#8221; header_3_line_height=&#8221;1.3em&#8221; custom_margin=&#8221;0px||30px||false|false&#8221; custom_margin_tablet=&#8221;0px||||false|false&#8221; custom_margin_phone=&#8221;0px||||false|false&#8221; custom_margin_last_edited=&#8221;on|desktop&#8221; custom_padding=&#8221;||0px|||&#8221; animation_style=&#8221;zoom&#8221; animation_intensity_zoom=&#8221;20%&#8221; text_font_size_tablet=&#8221;15px&#8221; text_font_size_phone=&#8221;15px&#8221; text_font_size_last_edited=&#8221;on|desktop&#8221; header_font_size_tablet=&#8221;35px&#8221; header_font_size_phone=&#8221;28px&#8221; header_font_size_last_edited=&#8221;on|desktop&#8221; header_2_font_size_tablet=&#8221;26px&#8221; header_2_font_size_phone=&#8221;21px&#8221; header_2_font_size_last_edited=&#8221;on|desktop&#8221; header_3_font_size_tablet=&#8221;21px&#8221; header_3_font_size_phone=&#8221;19px&#8221; header_3_font_size_last_edited=&#8221;on|desktop&#8221; global_colors_info=&#8221;{}&#8221; button_text_size_tablet=&#8221;16px&#8221; button_text_size_phone=&#8221;15px&#8221; button_text_size_last_edited=&#8221;on|desktop&#8221; button_letter_spacing__hover=&#8221;2px&#8221; button_letter_spacing__hover_enabled=&#8221;on&#8221;]<\/p>\n<h1>Mellimplant\u00e1tum garancia programok<\/h1>\n<p>&nbsp;<\/p>\n<h2>Mi\u00e9rt a legjobb implant\u00e1tumot kapod?<\/h2>\n<p>Seb\u00e9szet\u00fcnk\u00f6n a jelenleg el\u00e9rhet\u0151 legjobb \u00e9s leginnovat\u00edvabb term\u00e9kek k\u00f6z\u00fcl\u00a0 a Mentor MemoryGel mellimplant\u00e1tumokkal dolgozunk.<br \/>A vil\u00e1gon gy\u00e1rtott \u00f6sszes szilikon g\u00e9l tartalm\u00fa<a href=\"https:\/\/www.instagram.com\/p\/Cqa7CO-onYq\/\"> mellimplant\u00e1tuma<\/a> k\u00f6z\u00fcl csup\u00e1n n\u00e9h\u00e1ny, k\u00f6zt\u00fck ez a term\u00e9k kapta meg a vil\u00e1g legszigor\u00fabb min\u0151s\u00e9gbiztos\u00edt\u00f3 hat\u00f3s\u00e1g\u00e1nak, az FDA-nak (Food and Drug Administration &#8211; az Amerikai Egyes\u00fclt \u00c1llamok eg\u00e9szs\u00e9g\u00fcgyi hat\u00f3s\u00e1ga) a t\u00f6rzsk\u00f6nyv\u00e9t, valamint az eur\u00f3pai CE (Conformit\u00e9 Europ\u00e9enne) szabv\u00e1ny jelz\u00e9st is.<br \/><strong>Az FDA min\u0151s\u00e9gbizos\u00edt\u00e1si ir\u00e1nyelvei szerint a gy\u00e1rt\u00e1si folyamat minden f\u00e1zis\u00e1t szigor\u00faan ellen\u0151rzik<\/strong>, \u00edgy garant\u00e1lva az el\u00e9rhet\u0151 legjobb, val\u00f3s min\u0151s\u00e9get \u00e9s biztons\u00e1got p\u00e1cienseink sz\u00e1m\u00e1ra.<br \/>Mindez hozz\u00e1j\u00e1rul ahhoz, hogy jobb eredm\u00e9nyt kapj, \u00e9s<span>\u00a0<\/span><strong>gondtalanabb legyen a j\u00f6v\u0151d<\/strong>.<br \/>A Te adotts\u00e1gaidnak \u00e9s ig\u00e9nyeidnek legink\u00e1bb megfelel\u0151 implant\u00e1tum megtal\u00e1l\u00e1sa a szakorvos seg\u00edts\u00e9g\u00e9vel t\u00f6rt\u00e9nik a konzult\u00e1ci\u00f3k folyam\u00e1n.<\/p>\n<p><strong>A Mentor term\u00e9kekre a kiemelked\u0151 garanciaprogram jellemz\u0151.<\/strong><span>\u00a0<\/span>A mellimplant\u00e1tumok mai min\u0151s\u00e9g\u00e9nek h\u00e1tter\u00e9ben a Mentor implant\u00e1tumok eset\u00e9ben t\u00f6bb, mint 20 \u00e9ves kutat\u00e1s-fejleszt\u00e9s \u00e1ll! Ahhoz, hogy meg tudj\u00e1k \u0151rizni a m\u00e9lt\u00e1n ki\u00e9rdemelt piacvezet\u0151 poz\u00edci\u00f3jukat, \u00e1lland\u00f3an meg kell felelni\u00fck a szigor\u00fa min\u0151s\u00e9gellen\u0151rz\u00e9seknek, melyet a kutat\u00e1s-fejleszt\u00e9s folyamatoss\u00e1g\u00e1nak fenntart\u00e1sa is lehet\u0151v\u00e9 tesz.<br \/>Mindezek ut\u00e1n nem meglep\u0151, hogy 2006-ban a Mentor gy\u00e1rt\u00f3 megkapta az FDA min\u0151s\u00edt\u00e9st. Ezek az implant\u00e1tumok kiemelked\u0151 min\u0151s\u00e9g\u00fcknek k\u00f6sz\u00f6nhet\u0151en &#8211; egyes m\u00e1s implant\u00e1tum gy\u00e1rt\u00f3k term\u00e9keivel ellent\u00e9tben &#8211; sosem szorulnak cser\u00e9re!<\/p>\n<p>[\/et_pb_text][et_pb_text _builder_version=&#8221;4.16&#8243; _module_preset=&#8221;default&#8221; text_font=&#8221;Open Sans||||||||&#8221; text_text_color=&#8221;rgba(0,0,0,0.83)&#8221; text_font_size=&#8221;16px&#8221; header_font=&#8221;Vollkorn||||||||&#8221; header_text_color=&#8221;rgba(0,0,0,0.83)&#8221; header_font_size=&#8221;42px&#8221; header_2_font=&#8221;Vollkorn||||||||&#8221; header_2_font_size=&#8221;30px&#8221; header_3_font=&#8221;Vollkorn||||||||&#8221; header_3_text_color=&#8221;rgba(0,0,0,0.8)&#8221; header_3_font_size=&#8221;23px&#8221; header_3_line_height=&#8221;1.3em&#8221; custom_margin=&#8221;0px||30px||false|false&#8221; custom_margin_tablet=&#8221;0px||||false|false&#8221; custom_margin_phone=&#8221;0px||||false|false&#8221; custom_margin_last_edited=&#8221;on|desktop&#8221; custom_padding=&#8221;||0px|||&#8221; animation_style=&#8221;zoom&#8221; animation_intensity_zoom=&#8221;20%&#8221; header_font_size_tablet=&#8221;35px&#8221; header_font_size_phone=&#8221;28px&#8221; header_font_size_last_edited=&#8221;on|desktop&#8221; header_2_font_size_tablet=&#8221;26px&#8221; header_2_font_size_phone=&#8221;21px&#8221; header_2_font_size_last_edited=&#8221;on|desktop&#8221; header_3_font_size_tablet=&#8221;21px&#8221; header_3_font_size_phone=&#8221;19px&#8221; header_3_font_size_last_edited=&#8221;on|desktop&#8221; global_colors_info=&#8221;{}&#8221;]<\/p>\n<h2>A Mentor gy\u00e1rt\u00f3 garanciaprogramj\u00e1nak l\u00e9nyegi pontjai<\/h2>\n<h3>Mentor MemoryGel<\/h3>\n<p><strong>Mentor PatientCare Promise garanciaprogram<\/strong><\/p>\n<p>Az implant\u00e1tum elismert, elhaszn\u00e1l\u00f3d\u00e1s k\u00f6vetkezt\u00e9ben felmer\u00fcl\u0151 szakad\u00e1sa eset\u00e9n:<\/p>\n<ul>\n<li>\u00c9lethosszig tart\u00f3 term\u00e9kcsere garancia<\/li>\n<li>Maximum 1000 eur\u00f3 p\u00e9nzbeli t\u00e1mogat\u00e1s<\/li>\n<\/ul>\n<p>Az implant\u00e1l\u00e1st\u00f3l sz\u00e1m\u00edtott 10 \u00e9ven bel\u00fcl felmer\u00fcl\u0151 kapszul\u00e1ris kontrakt\u00fara (Baker III, IV) augment\u00e1ci\u00f3s m\u0171t\u00e9t eset\u00e9n:<\/p>\n<ul>\n<li>Ingyenes csere azonos vagy hasonl\u00f3 term\u00e9kre<\/li>\n<\/ul>\n<p>A drLBeauty plasztikai seb\u00e9szet praxisa alatt m\u00e9g soha nem volt panasz a Mentor gy\u00e1rt\u00f3 implant\u00e1tumaival, ez\u00e9rt p\u00e1cienseink eg\u00e9szs\u00e9ge \u00e9rdek\u00e9ben ragaszkodunk ezen term\u00e9kek haszn\u00e1lat\u00e1hoz.<br \/>A beavatkoz\u00e1s ut\u00e1n az els\u0151 kontroll egy, a m\u00e1sodik 3 h\u00f3nap ut\u00e1n, majd a harmadik a 6. h\u00f3napot k\u00f6vet\u0151en esed\u00e9kes, ezt k\u00f6vet\u0151en pedig<span>\u00a0<\/span><strong>rendszeresen, \u00e9vente tal\u00e1lkozunk<\/strong><span>\u00a0<\/span><strong>p\u00e1cienseinkkel<\/strong>.<\/p>\n<p>A garancia le\u00edr\u00e1sa nem teljes k\u00f6r\u0171, a r\u00e9szletek\u00e9rt tekintsd meg a gy\u00e1rt\u00f3 egyedi prospektusait, vagy k\u00e9rdezd bizalommal szakorvosunkat!<\/p>\n<p>[\/et_pb_text][et_pb_text _builder_version=&#8221;4.16&#8243; _module_preset=&#8221;default&#8221; text_font=&#8221;Open Sans||||||||&#8221; text_text_color=&#8221;rgba(0,0,0,0.83)&#8221; text_font_size=&#8221;16px&#8221; header_font=&#8221;Vollkorn||||||||&#8221; header_text_color=&#8221;rgba(0,0,0,0.83)&#8221; header_font_size=&#8221;42px&#8221; header_2_font=&#8221;Vollkorn||||||||&#8221; header_2_font_size=&#8221;30px&#8221; header_3_font=&#8221;Vollkorn||||||||&#8221; header_3_text_color=&#8221;rgba(0,0,0,0.8)&#8221; header_3_font_size=&#8221;23px&#8221; header_3_line_height=&#8221;1.3em&#8221; custom_margin=&#8221;0px||30px||false|false&#8221; custom_margin_tablet=&#8221;0px||||false|false&#8221; custom_margin_phone=&#8221;0px||||false|false&#8221; custom_margin_last_edited=&#8221;on|desktop&#8221; custom_padding=&#8221;||0px|||&#8221; animation_style=&#8221;zoom&#8221; animation_intensity_zoom=&#8221;20%&#8221; header_font_size_tablet=&#8221;35px&#8221; header_font_size_phone=&#8221;28px&#8221; header_font_size_last_edited=&#8221;on|desktop&#8221; header_2_font_size_tablet=&#8221;26px&#8221; header_2_font_size_phone=&#8221;21px&#8221; header_2_font_size_last_edited=&#8221;on|desktop&#8221; header_3_font_size_tablet=&#8221;21px&#8221; header_3_font_size_phone=&#8221;19px&#8221; header_3_font_size_last_edited=&#8221;on|desktop&#8221; global_colors_info=&#8221;{}&#8221;]<\/p>\n<h2>Bros\u00fara &#8211; a gy\u00e1rt\u00f3 r\u00e9szletesebb t\u00e1j\u00e9koztat\u00f3i<\/h2>\n<h3>Mentor PatientCare Promise garanciaprogram<\/h3>\n<p>[\/et_pb_text][et_pb_image src=&#8221;https:\/\/drlbeauty.com\/hu\/wp-content\/uploads\/2022\/03\/garancia_mentor_01.jpg&#8221; title_text=&#8221;garancia_mentor_01&#8243; show_in_lightbox=&#8221;on&#8221; _builder_version=&#8221;4.16&#8243; _module_preset=&#8221;default&#8221; width=&#8221;75%&#8221; width_tablet=&#8221;75%&#8221; width_phone=&#8221;75%&#8221; width_last_edited=&#8221;on|desktop&#8221; global_colors_info=&#8221;{}&#8221;][\/et_pb_image][et_pb_image src=&#8221;https:\/\/drlbeauty.com\/hu\/wp-content\/uploads\/2022\/03\/garancia_mentor_02.jpg&#8221; title_text=&#8221;garancia_mentor_02&#8243; show_in_lightbox=&#8221;on&#8221; _builder_version=&#8221;4.16&#8243; _module_preset=&#8221;default&#8221; width=&#8221;75%&#8221; global_colors_info=&#8221;{}&#8221;][\/et_pb_image][et_pb_text _builder_version=&#8221;4.16&#8243; _module_preset=&#8221;default&#8221; text_font=&#8221;Open Sans||||||||&#8221; text_text_color=&#8221;rgba(0,0,0,0.83)&#8221; text_font_size=&#8221;16px&#8221; header_font=&#8221;Vollkorn||||||||&#8221; header_text_color=&#8221;rgba(0,0,0,0.83)&#8221; header_font_size=&#8221;42px&#8221; header_2_font=&#8221;Vollkorn||||||||&#8221; header_2_font_size=&#8221;30px&#8221; header_3_font=&#8221;Vollkorn||||||||&#8221; header_3_text_color=&#8221;rgba(0,0,0,0.8)&#8221; header_3_font_size=&#8221;23px&#8221; header_3_line_height=&#8221;1.3em&#8221; custom_margin=&#8221;0px||30px||false|false&#8221; custom_margin_tablet=&#8221;0px||||false|false&#8221; custom_margin_phone=&#8221;0px||||false|false&#8221; custom_margin_last_edited=&#8221;on|desktop&#8221; custom_padding=&#8221;||0px|||&#8221; animation_style=&#8221;zoom&#8221; animation_intensity_zoom=&#8221;20%&#8221; header_font_size_tablet=&#8221;35px&#8221; header_font_size_phone=&#8221;28px&#8221; header_font_size_last_edited=&#8221;on|desktop&#8221; header_2_font_size_tablet=&#8221;26px&#8221; header_2_font_size_phone=&#8221;21px&#8221; header_2_font_size_last_edited=&#8221;on|desktop&#8221; header_3_font_size_tablet=&#8221;21px&#8221; header_3_font_size_phone=&#8221;19px&#8221; header_3_font_size_last_edited=&#8221;on|desktop&#8221; global_colors_info=&#8221;{}&#8221;]<\/p>\n<h3>Mentor bros\u00fara<\/h3>\n<p>[\/et_pb_text][et_pb_gallery gallery_ids=&#8221;1199,1200,1201,1202,1203,1204,1205,1206,1207,1208,1209,1210&#8243; posts_number=&#8221;12&#8243; orientation=&#8221;portrait&#8221; show_title_and_caption=&#8221;off&#8221; show_pagination=&#8221;off&#8221; _builder_version=&#8221;4.16&#8243; _module_preset=&#8221;default&#8221; global_colors_info=&#8221;{}&#8221;][\/et_pb_gallery][\/et_pb_column][\/et_pb_row][\/et_pb_section]<\/p>\n","protected":false},"excerpt":{"rendered":"<p>Mellimplant\u00e1tum garancia programok &nbsp; Mi\u00e9rt a legjobb implant\u00e1tumot kapod? Seb\u00e9szet\u00fcnk\u00f6n a jelenleg el\u00e9rhet\u0151 legjobb \u00e9s leginnovat\u00edvabb term\u00e9kek k\u00f6z\u00fcl\u00a0 a Mentor MemoryGel mellimplant\u00e1tumokkal dolgozunk.A vil\u00e1gon gy\u00e1rtott \u00f6sszes szilikon g\u00e9l tartalm\u00fa mellimplant\u00e1tuma k\u00f6z\u00fcl csup\u00e1n n\u00e9h\u00e1ny, k\u00f6zt\u00fck ez a term\u00e9k kapta meg a vil\u00e1g legszigor\u00fabb min\u0151s\u00e9gbiztos\u00edt\u00f3 hat\u00f3s\u00e1g\u00e1nak, az FDA-nak (Food and Drug Administration &#8211; az Amerikai Egyes\u00fclt \u00c1llamok [&hellip;]<\/p>\n","protected":false},"author":1,"featured_media":1184,"parent":0,"menu_order":0,"comment_status":"closed","ping_status":"closed","template":"","meta":{"_et_pb_use_builder":"on","_et_pb_old_content":"","_et_gb_content_width":"","footnotes":""},"class_list":["post-1190","page","type-page","status-publish","has-post-thumbnail","hentry"],"yoast_head":"<!-- This site is optimized with the Yoast SEO plugin v26.8 - https:\/\/yoast.com\/product\/yoast-seo-wordpress\/ -->\n<title>Mellimplant\u00e1tum garancia - DrLBeauty Plasztikai Seb\u00e9szet<\/title>\n<meta name=\"description\" content=\"Mellimplant\u00e1tum garancia. Mi\u00e9rt a legjobb implant\u00e1tumot kapod?Seb\u00e9szet\u00fcnk\u00f6n a jelenleg el\u00e9rhet\u0151 legjobb \u00e9s leginnovat\u00edvabb term\u00e9kek k\u00f6z\u00fcl...\" \/>\n<meta name=\"robots\" content=\"index, follow, max-snippet:-1, max-image-preview:large, max-video-preview:-1\" \/>\n<link rel=\"canonical\" href=\"https:\/\/drlbeauty.com\/hu\/mellimplantatum-garancia-programok\/\" \/>\n<meta property=\"og:locale\" content=\"hu_HU\" \/>\n<meta property=\"og:type\" content=\"article\" \/>\n<meta property=\"og:title\" content=\"Mellimplant\u00e1tum garancia - DrLBeauty Plasztikai Seb\u00e9szet\" \/>\n<meta property=\"og:description\" content=\"Mellimplant\u00e1tum garancia. Mi\u00e9rt a legjobb implant\u00e1tumot kapod?Seb\u00e9szet\u00fcnk\u00f6n a jelenleg el\u00e9rhet\u0151 legjobb \u00e9s leginnovat\u00edvabb term\u00e9kek k\u00f6z\u00fcl...\" \/>\n<meta property=\"og:url\" content=\"https:\/\/drlbeauty.com\/hu\/mellimplantatum-garancia-programok\/\" \/>\n<meta property=\"og:site_name\" content=\"dr LBeauty Plasztikai Seb\u00e9szet\" \/>\n<meta property=\"article:modified_time\" content=\"2025-02-13T14:55:32+00:00\" \/>\n<meta property=\"og:image\" content=\"https:\/\/drlbeauty.com\/hu\/wp-content\/uploads\/2022\/03\/mellimplantatumok-mellplasztika1.jpg\" \/>\n\t<meta property=\"og:image:width\" content=\"1080\" \/>\n\t<meta property=\"og:image:height\" content=\"1080\" \/>\n\t<meta property=\"og:image:type\" content=\"image\/jpeg\" \/>\n<meta name=\"twitter:card\" content=\"summary_large_image\" \/>\n<meta name=\"twitter:label1\" content=\"Becs\u00fclt olvas\u00e1si id\u0151\" \/>\n\t<meta name=\"twitter:data1\" content=\"7 perc\" \/>\n<script type=\"application\/ld+json\" class=\"yoast-schema-graph\">{\"@context\":\"https:\/\/schema.org\",\"@graph\":[{\"@type\":\"WebPage\",\"@id\":\"https:\/\/drlbeauty.com\/hu\/mellimplantatum-garancia-programok\/\",\"url\":\"https:\/\/drlbeauty.com\/hu\/mellimplantatum-garancia-programok\/\",\"name\":\"Mellimplant\u00e1tum garancia - DrLBeauty Plasztikai Seb\u00e9szet\",\"isPartOf\":{\"@id\":\"https:\/\/drlbeauty.com\/hu\/#website\"},\"primaryImageOfPage\":{\"@id\":\"https:\/\/drlbeauty.com\/hu\/mellimplantatum-garancia-programok\/#primaryimage\"},\"image\":{\"@id\":\"https:\/\/drlbeauty.com\/hu\/mellimplantatum-garancia-programok\/#primaryimage\"},\"thumbnailUrl\":\"https:\/\/drlbeauty.com\/hu\/wp-content\/uploads\/2022\/03\/mellimplantatumok-mellplasztika1.jpg\",\"datePublished\":\"2022-03-01T14:45:17+00:00\",\"dateModified\":\"2025-02-13T14:55:32+00:00\",\"description\":\"Mellimplant\u00e1tum garancia. Mi\u00e9rt a legjobb implant\u00e1tumot kapod?Seb\u00e9szet\u00fcnk\u00f6n a jelenleg el\u00e9rhet\u0151 legjobb \u00e9s leginnovat\u00edvabb term\u00e9kek k\u00f6z\u00fcl...\",\"breadcrumb\":{\"@id\":\"https:\/\/drlbeauty.com\/hu\/mellimplantatum-garancia-programok\/#breadcrumb\"},\"inLanguage\":\"hu\",\"potentialAction\":[{\"@type\":\"ReadAction\",\"target\":[\"https:\/\/drlbeauty.com\/hu\/mellimplantatum-garancia-programok\/\"]}]},{\"@type\":\"ImageObject\",\"inLanguage\":\"hu\",\"@id\":\"https:\/\/drlbeauty.com\/hu\/mellimplantatum-garancia-programok\/#primaryimage\",\"url\":\"https:\/\/drlbeauty.com\/hu\/wp-content\/uploads\/2022\/03\/mellimplantatumok-mellplasztika1.jpg\",\"contentUrl\":\"https:\/\/drlbeauty.com\/hu\/wp-content\/uploads\/2022\/03\/mellimplantatumok-mellplasztika1.jpg\",\"width\":1080,\"height\":1080,\"caption\":\"Mellimplant\u00e1tum\"},{\"@type\":\"BreadcrumbList\",\"@id\":\"https:\/\/drlbeauty.com\/hu\/mellimplantatum-garancia-programok\/#breadcrumb\",\"itemListElement\":[{\"@type\":\"ListItem\",\"position\":1,\"name\":\"Kezd\u0151lap\",\"item\":\"https:\/\/drlbeauty.com\/hu\/\"},{\"@type\":\"ListItem\",\"position\":2,\"name\":\"Mellimplant\u00e1tum garancia programok\"}]},{\"@type\":\"WebSite\",\"@id\":\"https:\/\/drlbeauty.com\/hu\/#website\",\"url\":\"https:\/\/drlbeauty.com\/hu\/\",\"name\":\"dr LBeauty Plasztikai Seb\u00e9szet\",\"description\":\"My WordPress Blog\",\"publisher\":{\"@id\":\"https:\/\/drlbeauty.com\/hu\/#\/schema\/person\/21f1e9bac1ad5d5c110e02de659b156c\"},\"potentialAction\":[{\"@type\":\"SearchAction\",\"target\":{\"@type\":\"EntryPoint\",\"urlTemplate\":\"https:\/\/drlbeauty.com\/hu\/?s={search_term_string}\"},\"query-input\":{\"@type\":\"PropertyValueSpecification\",\"valueRequired\":true,\"valueName\":\"search_term_string\"}}],\"inLanguage\":\"hu\"},{\"@type\":[\"Person\",\"Organization\"],\"@id\":\"https:\/\/drlbeauty.com\/hu\/#\/schema\/person\/21f1e9bac1ad5d5c110e02de659b156c\",\"name\":\"Dr. L\u00e9vay Bernadett\",\"image\":{\"@type\":\"ImageObject\",\"inLanguage\":\"hu\",\"@id\":\"https:\/\/drlbeauty.com\/hu\/#\/schema\/person\/image\/\",\"url\":\"https:\/\/drlbeauty.com\/hu\/wp-content\/uploads\/2022\/02\/cropped-drlbeauty-weblogo.png\",\"contentUrl\":\"https:\/\/drlbeauty.com\/hu\/wp-content\/uploads\/2022\/02\/cropped-drlbeauty-weblogo.png\",\"width\":512,\"height\":512,\"caption\":\"Dr. L\u00e9vay Bernadett\"},\"logo\":{\"@id\":\"https:\/\/drlbeauty.com\/hu\/#\/schema\/person\/image\/\"},\"sameAs\":[\"https:\/\/drlbeauty.com\/hu\"]}]}<\/script>\n<!-- \/ Yoast SEO plugin. -->","yoast_head_json":{"title":"Mellimplant\u00e1tum garancia - DrLBeauty Plasztikai Seb\u00e9szet","description":"Mellimplant\u00e1tum garancia. Mi\u00e9rt a legjobb implant\u00e1tumot kapod?Seb\u00e9szet\u00fcnk\u00f6n a jelenleg el\u00e9rhet\u0151 legjobb \u00e9s leginnovat\u00edvabb term\u00e9kek k\u00f6z\u00fcl...","robots":{"index":"index","follow":"follow","max-snippet":"max-snippet:-1","max-image-preview":"max-image-preview:large","max-video-preview":"max-video-preview:-1"},"canonical":"https:\/\/drlbeauty.com\/hu\/mellimplantatum-garancia-programok\/","og_locale":"hu_HU","og_type":"article","og_title":"Mellimplant\u00e1tum garancia - DrLBeauty Plasztikai Seb\u00e9szet","og_description":"Mellimplant\u00e1tum garancia. Mi\u00e9rt a legjobb implant\u00e1tumot kapod?Seb\u00e9szet\u00fcnk\u00f6n a jelenleg el\u00e9rhet\u0151 legjobb \u00e9s leginnovat\u00edvabb term\u00e9kek k\u00f6z\u00fcl...","og_url":"https:\/\/drlbeauty.com\/hu\/mellimplantatum-garancia-programok\/","og_site_name":"dr LBeauty Plasztikai Seb\u00e9szet","article_modified_time":"2025-02-13T14:55:32+00:00","og_image":[{"width":1080,"height":1080,"url":"https:\/\/drlbeauty.com\/hu\/wp-content\/uploads\/2022\/03\/mellimplantatumok-mellplasztika1.jpg","type":"image\/jpeg"}],"twitter_card":"summary_large_image","twitter_misc":{"Becs\u00fclt olvas\u00e1si id\u0151":"7 perc"},"schema":{"@context":"https:\/\/schema.org","@graph":[{"@type":"WebPage","@id":"https:\/\/drlbeauty.com\/hu\/mellimplantatum-garancia-programok\/","url":"https:\/\/drlbeauty.com\/hu\/mellimplantatum-garancia-programok\/","name":"Mellimplant\u00e1tum garancia - DrLBeauty Plasztikai Seb\u00e9szet","isPartOf":{"@id":"https:\/\/drlbeauty.com\/hu\/#website"},"primaryImageOfPage":{"@id":"https:\/\/drlbeauty.com\/hu\/mellimplantatum-garancia-programok\/#primaryimage"},"image":{"@id":"https:\/\/drlbeauty.com\/hu\/mellimplantatum-garancia-programok\/#primaryimage"},"thumbnailUrl":"https:\/\/drlbeauty.com\/hu\/wp-content\/uploads\/2022\/03\/mellimplantatumok-mellplasztika1.jpg","datePublished":"2022-03-01T14:45:17+00:00","dateModified":"2025-02-13T14:55:32+00:00","description":"Mellimplant\u00e1tum garancia. Mi\u00e9rt a legjobb implant\u00e1tumot kapod?Seb\u00e9szet\u00fcnk\u00f6n a jelenleg el\u00e9rhet\u0151 legjobb \u00e9s leginnovat\u00edvabb term\u00e9kek k\u00f6z\u00fcl...","breadcrumb":{"@id":"https:\/\/drlbeauty.com\/hu\/mellimplantatum-garancia-programok\/#breadcrumb"},"inLanguage":"hu","potentialAction":[{"@type":"ReadAction","target":["https:\/\/drlbeauty.com\/hu\/mellimplantatum-garancia-programok\/"]}]},{"@type":"ImageObject","inLanguage":"hu","@id":"https:\/\/drlbeauty.com\/hu\/mellimplantatum-garancia-programok\/#primaryimage","url":"https:\/\/drlbeauty.com\/hu\/wp-content\/uploads\/2022\/03\/mellimplantatumok-mellplasztika1.jpg","contentUrl":"https:\/\/drlbeauty.com\/hu\/wp-content\/uploads\/2022\/03\/mellimplantatumok-mellplasztika1.jpg","width":1080,"height":1080,"caption":"Mellimplant\u00e1tum"},{"@type":"BreadcrumbList","@id":"https:\/\/drlbeauty.com\/hu\/mellimplantatum-garancia-programok\/#breadcrumb","itemListElement":[{"@type":"ListItem","position":1,"name":"Kezd\u0151lap","item":"https:\/\/drlbeauty.com\/hu\/"},{"@type":"ListItem","position":2,"name":"Mellimplant\u00e1tum garancia programok"}]},{"@type":"WebSite","@id":"https:\/\/drlbeauty.com\/hu\/#website","url":"https:\/\/drlbeauty.com\/hu\/","name":"dr LBeauty Plasztikai Seb\u00e9szet","description":"My WordPress Blog","publisher":{"@id":"https:\/\/drlbeauty.com\/hu\/#\/schema\/person\/21f1e9bac1ad5d5c110e02de659b156c"},"potentialAction":[{"@type":"SearchAction","target":{"@type":"EntryPoint","urlTemplate":"https:\/\/drlbeauty.com\/hu\/?s={search_term_string}"},"query-input":{"@type":"PropertyValueSpecification","valueRequired":true,"valueName":"search_term_string"}}],"inLanguage":"hu"},{"@type":["Person","Organization"],"@id":"https:\/\/drlbeauty.com\/hu\/#\/schema\/person\/21f1e9bac1ad5d5c110e02de659b156c","name":"Dr. L\u00e9vay Bernadett","image":{"@type":"ImageObject","inLanguage":"hu","@id":"https:\/\/drlbeauty.com\/hu\/#\/schema\/person\/image\/","url":"https:\/\/drlbeauty.com\/hu\/wp-content\/uploads\/2022\/02\/cropped-drlbeauty-weblogo.png","contentUrl":"https:\/\/drlbeauty.com\/hu\/wp-content\/uploads\/2022\/02\/cropped-drlbeauty-weblogo.png","width":512,"height":512,"caption":"Dr. L\u00e9vay Bernadett"},"logo":{"@id":"https:\/\/drlbeauty.com\/hu\/#\/schema\/person\/image\/"},"sameAs":["https:\/\/drlbeauty.com\/hu"]}]}},"_links":{"self":[{"href":"https:\/\/drlbeauty.com\/hu\/wp-json\/wp\/v2\/pages\/1190","targetHints":{"allow":["GET"]}}],"collection":[{"href":"https:\/\/drlbeauty.com\/hu\/wp-json\/wp\/v2\/pages"}],"about":[{"href":"https:\/\/drlbeauty.com\/hu\/wp-json\/wp\/v2\/types\/page"}],"author":[{"embeddable":true,"href":"https:\/\/drlbeauty.com\/hu\/wp-json\/wp\/v2\/users\/1"}],"replies":[{"embeddable":true,"href":"https:\/\/drlbeauty.com\/hu\/wp-json\/wp\/v2\/comments?post=1190"}],"version-history":[{"count":10,"href":"https:\/\/drlbeauty.com\/hu\/wp-json\/wp\/v2\/pages\/1190\/revisions"}],"predecessor-version":[{"id":3433,"href":"https:\/\/drlbeauty.com\/hu\/wp-json\/wp\/v2\/pages\/1190\/revisions\/3433"}],"wp:featuredmedia":[{"embeddable":true,"href":"https:\/\/drlbeauty.com\/hu\/wp-json\/wp\/v2\/media\/1184"}],"wp:attachment":[{"href":"https:\/\/drlbeauty.com\/hu\/wp-json\/wp\/v2\/media?parent=1190"}],"curies":[{"name":"wp","href":"https:\/\/api.w.org\/{rel}","templated":true}]}}