{"id":1429,"date":"2022-03-07T07:19:06","date_gmt":"2022-03-07T07:19:06","guid":{"rendered":"https:\/\/teszt.drlbeauty.com\/hu\/?page_id=1429"},"modified":"2023-10-22T13:28:19","modified_gmt":"2023-10-22T13:28:19","slug":"hasplasztika-elotte-utana-kep","status":"publish","type":"page","link":"https:\/\/drlbeauty.com\/hu\/referenciak\/hasplasztika-elotte-utana-kep\/","title":{"rendered":"Hasplasztika el\u0151tte ut\u00e1na k\u00e9p"},"content":{"rendered":"\n\n\n[et_pb_section fb_built=&#8221;1&#8243; _builder_version=&#8221;4.16&#8243; _module_preset=&#8221;default&#8221; custom_padding=&#8221;5px|||||&#8221; global_colors_info=&#8221;{}&#8221;][et_pb_row _builder_version=&#8221;4.16&#8243; _module_preset=&#8221;default&#8221; max_width=&#8221;100%&#8221; custom_padding=&#8221;||5px|||&#8221; global_colors_info=&#8221;{}&#8221;][et_pb_column type=&#8221;4_4&#8243; _builder_version=&#8221;4.16&#8243; _module_preset=&#8221;default&#8221; global_colors_info=&#8221;{}&#8221;][et_pb_text _builder_version=&#8221;4.20.4&#8243; _module_preset=&#8221;default&#8221; text_font=&#8221;Open Sans||||||||&#8221; text_text_color=&#8221;rgba(0,0,0,0.83)&#8221; text_font_size=&#8221;16px&#8221; header_font=&#8221;Vollkorn||||||||&#8221; header_text_color=&#8221;rgba(0,0,0,0.83)&#8221; header_font_size=&#8221;41px&#8221; header_line_height=&#8221;1.4em&#8221; header_2_font=&#8221;Vollkorn|||on|||||&#8221; header_2_font_size=&#8221;30px&#8221; header_3_font=&#8221;Vollkorn||||||||&#8221; header_3_text_color=&#8221;rgba(0,0,0,0.8)&#8221; header_3_font_size=&#8221;23px&#8221; header_3_line_height=&#8221;1.3em&#8221; custom_margin=&#8221;0px||2px||false|false&#8221; custom_margin_tablet=&#8221;0px||||false|false&#8221; custom_margin_phone=&#8221;0px||||false|false&#8221; custom_margin_last_edited=&#8221;on|phone&#8221; animation_style=&#8221;zoom&#8221; animation_intensity_zoom=&#8221;20%&#8221; hover_enabled=&#8221;0&#8243; header_font_size_tablet=&#8221;33px&#8221; header_font_size_phone=&#8221;27px&#8221; header_font_size_last_edited=&#8221;on|desktop&#8221; header_2_font_size_tablet=&#8221;26px&#8221; header_2_font_size_phone=&#8221;21px&#8221; header_2_font_size_last_edited=&#8221;on|desktop&#8221; header_3_font_size_tablet=&#8221;21px&#8221; header_3_font_size_phone=&#8221;19px&#8221; header_3_font_size_last_edited=&#8221;on|desktop&#8221; global_colors_info=&#8221;{}&#8221; button_text_size_tablet=&#8221;16px&#8221; button_text_size_phone=&#8221;15px&#8221; button_text_size_last_edited=&#8221;on|desktop&#8221; button_letter_spacing__hover=&#8221;2px&#8221; button_letter_spacing__hover_enabled=&#8221;on&#8221; sticky_enabled=&#8221;0&#8243;]<h1>Hasplasztika el\u0151tte-ut\u00e1na k\u00e9p<\/h1>\n<p>El\u0151tte-ut\u00e1na k\u00e9peinket nem m\u00f3dos\u00edtottuk k\u00e9pszerkeszt\u0151 szoftverekkel, teh\u00e1t a val\u00f3s \u00e1llapotot t\u00fckr\u00f6zik.<\/p>\n<p><strong>A k\u00e9pek nagy\u00edt\u00e1s\u00e1hoz<\/strong> \u00e9s az elv\u00e9gzett beavatkoz\u00e1ssal kapcsolatos <strong>inform\u00e1ci\u00f3k megtekint\u00e9s\u00e9hez kattints egy k\u00e9pre!<\/strong><\/p>\n<p><strong>Dr. L\u00e9vay Bernadett<span>\u00a0a\u00a0<\/span><span><a href=\"https:\/\/www.youtube.com\/watch?v=LPqxKU-rFIY&amp;t=1s\">hasplasztik\u00e1r\u00f3l \u00e9s a zs\u00edrlesz\u00edv\u00e1sr\u00f3l<\/a>\u00a0<\/span><span>besz\u00e9l!<\/span><\/strong><\/p>\n<p>A <a href=\"https:\/\/drlbeauty.com\/hu\/szolgaltatasok\/hasplasztika\/\">hasplasztika<\/a> m\u0171t\u00e9t ut\u00e1n a k\u00e9t cs\u00edp\u0151lap\u00e1t k\u00f6z\u00f6tt keletkezik egy \u00edvelt heg, melynek hossz\u00e1t az alkati adotts\u00e1gok befoly\u00e1solj\u00e1k.<strong>Ennek ismeret\u00e9ben is a beavatkoz\u00e1s mellett d\u00f6ntenek p\u00e1cienseink<span>, <\/span><\/strong>mivel a heges ter\u00fclet eltakar\u00e1sa m\u00e9g ny\u00e1ron, bikinivel sem okoz probl\u00e9m\u00e1t.<\/p>\n<p><strong><\/strong><\/p>[\/et_pb_text][et_pb_button button_url=&#8221;https:\/\/drlbeauty.com\/hu\/szolgaltatasok\/hasplasztika\/&#8221; button_text=&#8221;Hasplasztik\u00e1r\u00f3l&#8221; button_alignment=&#8221;left&#8221; _builder_version=&#8221;4.17.1&#8243; _module_preset=&#8221;default&#8221; custom_button=&#8221;on&#8221; button_text_size=&#8221;17px&#8221; button_text_color=&#8221;#FFFFFF&#8221; button_bg_color=&#8221;#9a63b7&#8243; button_border_color=&#8221;RGBA(255,255,255,0)&#8221; button_border_radius=&#8221;100px&#8221; button_font=&#8221;Raleway||||||||&#8221; background_layout=&#8221;dark&#8221; custom_margin=&#8221;2px|||||&#8221; custom_padding=&#8221;|||&#8221; button_text_size_tablet=&#8221;16px&#8221; button_text_size_phone=&#8221;15px&#8221; button_text_size_last_edited=&#8221;on|tablet&#8221; global_colors_info=&#8221;{}&#8221; button_letter_spacing__hover=&#8221;2px&#8221; button_letter_spacing__hover_enabled=&#8221;on&#8221;][\/et_pb_button][\/et_pb_column][\/et_pb_row][et_pb_row column_structure=&#8221;1_2,1_2&#8243; _builder_version=&#8221;4.16&#8243; _module_preset=&#8221;default&#8221; max_width=&#8221;100%&#8221; custom_padding=&#8221;||5px|||&#8221; global_colors_info=&#8221;{}&#8221;][et_pb_column type=&#8221;1_2&#8243; _builder_version=&#8221;4.16&#8243; _module_preset=&#8221;default&#8221; global_colors_info=&#8221;{}&#8221;][et_pb_image src=&#8221;https:\/\/drlbeauty.com\/hu\/wp-content\/uploads\/2022\/03\/drlbeauty_elotte_utana_hasplasztika3.jpg&#8221; title_text=&#8221;drlbeauty_elotte_utana_hasplasztika3&#8243; url=&#8221;https:\/\/drlbeauty.com\/hu\/referencia\/hapslasztika36\/&#8221; _builder_version=&#8221;4.17.1&#8243; _module_preset=&#8221;default&#8221; width=&#8221;85%&#8221; width_tablet=&#8221;85%&#8221; width_phone=&#8221;85%&#8221; width_last_edited=&#8221;on|desktop&#8221; global_colors_info=&#8221;{}&#8221;][\/et_pb_image][et_pb_text _builder_version=&#8221;4.16&#8243; _module_preset=&#8221;default&#8221; text_font=&#8221;Open Sans||||||||&#8221; text_font_size=&#8221;16px&#8221; custom_margin=&#8221;-30px||||false|false&#8221; custom_margin_tablet=&#8221;-20px||||false|false&#8221; custom_margin_phone=&#8221;-20px||||false|false&#8221; custom_margin_last_edited=&#8221;on|desktop&#8221; global_colors_info=&#8221;{}&#8221;]<p style=\"text-align: left;\">A m\u0171t\u00e9t el\u0151tt<\/p>[\/et_pb_text][\/et_pb_column][et_pb_column type=&#8221;1_2&#8243; _builder_version=&#8221;4.16&#8243; _module_preset=&#8221;default&#8221; global_colors_info=&#8221;{}&#8221;][et_pb_image src=&#8221;https:\/\/drlbeauty.com\/hu\/wp-content\/uploads\/2022\/03\/drlbeauty_elotte_utana_hasplasztika4.jpg&#8221; title_text=&#8221;drlbeauty_elotte_utana_hasplasztika4&#8243; url=&#8221;https:\/\/drlbeauty.com\/hu\/referencia\/hapslasztika36\/&#8221; _builder_version=&#8221;4.17.1&#8243; _module_preset=&#8221;default&#8221; width=&#8221;85%&#8221; width_tablet=&#8221;85%&#8221; width_phone=&#8221;85%&#8221; width_last_edited=&#8221;on|desktop&#8221; global_colors_info=&#8221;{}&#8221;][\/et_pb_image][et_pb_text _builder_version=&#8221;4.16&#8243; _module_preset=&#8221;default&#8221; text_font=&#8221;Open Sans||||||||&#8221; text_font_size=&#8221;16px&#8221; custom_margin=&#8221;-30px||||false|false&#8221; custom_margin_tablet=&#8221;-20px||||false|false&#8221; custom_margin_phone=&#8221;-20px||||false|false&#8221; custom_margin_last_edited=&#8221;on|desktop&#8221; locked=&#8221;off&#8221; global_colors_info=&#8221;{}&#8221;]<p style=\"text-align: left;\"><span>A m\u0171t\u00e9t ut\u00e1n 3 h\u00f3nappal<\/span><\/p>[\/et_pb_text][\/et_pb_column][\/et_pb_row][et_pb_row column_structure=&#8221;1_2,1_2&#8243; _builder_version=&#8221;4.16&#8243; _module_preset=&#8221;default&#8221; max_width=&#8221;100%&#8221; custom_padding=&#8221;||5px|||&#8221; locked=&#8221;off&#8221; global_colors_info=&#8221;{}&#8221;][et_pb_column type=&#8221;1_2&#8243; _builder_version=&#8221;4.16&#8243; _module_preset=&#8221;default&#8221; global_colors_info=&#8221;{}&#8221;][et_pb_image src=&#8221;https:\/\/drlbeauty.com\/hu\/wp-content\/uploads\/2022\/03\/drlbeauty_elotte_utana_hasplasztika1.jpg&#8221; title_text=&#8221;drlbeauty_elotte_utana_hasplasztika1&#8243; url=&#8221;https:\/\/drlbeauty.com\/hu\/referencia\/hasplasztika35\/&#8221; _builder_version=&#8221;4.17.1&#8243; _module_preset=&#8221;default&#8221; width=&#8221;85%&#8221; width_tablet=&#8221;85%&#8221; width_phone=&#8221;85%&#8221; width_last_edited=&#8221;on|desktop&#8221; global_colors_info=&#8221;{}&#8221;][\/et_pb_image][et_pb_text _builder_version=&#8221;4.16&#8243; _module_preset=&#8221;default&#8221; text_font=&#8221;Open Sans||||||||&#8221; text_font_size=&#8221;16px&#8221; custom_margin=&#8221;-30px||||false|false&#8221; custom_margin_tablet=&#8221;-20px||||false|false&#8221; custom_margin_phone=&#8221;-20px||||false|false&#8221; custom_margin_last_edited=&#8221;on|desktop&#8221; global_colors_info=&#8221;{}&#8221;]<p style=\"text-align: left;\">A m\u0171t\u00e9t el\u0151tt<\/p>[\/et_pb_text][\/et_pb_column][et_pb_column type=&#8221;1_2&#8243; _builder_version=&#8221;4.16&#8243; _module_preset=&#8221;default&#8221; global_colors_info=&#8221;{}&#8221;][et_pb_image src=&#8221;https:\/\/drlbeauty.com\/hu\/wp-content\/uploads\/2022\/03\/drlbeauty_elotte_utana_hasplasztika2.jpg&#8221; title_text=&#8221;drlbeauty_elotte_utana_hasplasztika2&#8243; url=&#8221;https:\/\/drlbeauty.com\/hu\/referencia\/hasplasztika35\/&#8221; _builder_version=&#8221;4.17.1&#8243; _module_preset=&#8221;default&#8221; width=&#8221;85%&#8221; width_tablet=&#8221;85%&#8221; width_phone=&#8221;85%&#8221; width_last_edited=&#8221;on|desktop&#8221; global_colors_info=&#8221;{}&#8221;][\/et_pb_image][et_pb_text _builder_version=&#8221;4.16&#8243; _module_preset=&#8221;default&#8221; text_font=&#8221;Open Sans||||||||&#8221; text_font_size=&#8221;16px&#8221; custom_margin=&#8221;-30px||||false|false&#8221; custom_margin_tablet=&#8221;-20px||||false|false&#8221; custom_margin_phone=&#8221;-20px||||false|false&#8221; custom_margin_last_edited=&#8221;on|desktop&#8221; locked=&#8221;off&#8221; global_colors_info=&#8221;{}&#8221;]<p style=\"text-align: left;\"><span>A m\u0171t\u00e9t ut\u00e1n 1 \u00e9vvel<\/span><\/p>[\/et_pb_text][\/et_pb_column][\/et_pb_row][et_pb_row _builder_version=&#8221;4.16&#8243; _module_preset=&#8221;default&#8221; max_width=&#8221;100%&#8221; custom_padding=&#8221;||5px|||&#8221; global_colors_info=&#8221;{}&#8221;][et_pb_column type=&#8221;4_4&#8243; _builder_version=&#8221;4.16&#8243; _module_preset=&#8221;default&#8221; global_colors_info=&#8221;{}&#8221;][et_pb_button button_url=&#8221;https:\/\/drlbeauty.com\/hu\/kapcsolat\/&#8221; button_text=&#8221;Konzult\u00e1ci\u00f3ra jelentkezek&#8221; button_alignment=&#8221;left&#8221; _builder_version=&#8221;4.17.1&#8243; _module_preset=&#8221;default&#8221; custom_button=&#8221;on&#8221; button_text_size=&#8221;17px&#8221; button_text_color=&#8221;#FFFFFF&#8221; button_bg_color=&#8221;#9a63b7&#8243; button_border_color=&#8221;RGBA(255,255,255,0)&#8221; button_border_radius=&#8221;100px&#8221; button_font=&#8221;Raleway||||||||&#8221; background_layout=&#8221;dark&#8221; custom_margin=&#8221;16px|||||&#8221; custom_padding=&#8221;|||&#8221; button_text_size_tablet=&#8221;16px&#8221; button_text_size_phone=&#8221;15px&#8221; button_text_size_last_edited=&#8221;on|tablet&#8221; global_colors_info=&#8221;{}&#8221; button_letter_spacing__hover=&#8221;2px&#8221; button_letter_spacing__hover_enabled=&#8221;on&#8221;][\/et_pb_button][\/et_pb_column][\/et_pb_row][\/et_pb_section]\n\n\n","protected":false},"excerpt":{"rendered":"<p>Hasplasztika el\u0151tte-ut\u00e1na k\u00e9p El\u0151tte-ut\u00e1na k\u00e9peinket nem m\u00f3dos\u00edtottuk k\u00e9pszerkeszt\u0151 szoftverekkel, teh\u00e1t a val\u00f3s \u00e1llapotot t\u00fckr\u00f6zik. A k\u00e9pek nagy\u00edt\u00e1s\u00e1hoz \u00e9s az elv\u00e9gzett beavatkoz\u00e1ssal kapcsolatos inform\u00e1ci\u00f3k megtekint\u00e9s\u00e9hez kattints egy k\u00e9pre! Dr. L\u00e9vay Bernadett\u00a0a\u00a0hasplasztik\u00e1r\u00f3l \u00e9s a zs\u00edrlesz\u00edv\u00e1sr\u00f3l\u00a0besz\u00e9l! A hasplasztika m\u0171t\u00e9t ut\u00e1n a k\u00e9t cs\u00edp\u0151lap\u00e1t k\u00f6z\u00f6tt keletkezik egy \u00edvelt heg, melynek hossz\u00e1t az alkati adotts\u00e1gok befoly\u00e1solj\u00e1k.Ennek ismeret\u00e9ben is a beavatkoz\u00e1s [&hellip;]<\/p>\n","protected":false},"author":1,"featured_media":1946,"parent":32,"menu_order":0,"comment_status":"closed","ping_status":"closed","template":"","meta":{"_et_pb_use_builder":"on","_et_pb_old_content":"<!-- wp:divi\/placeholder \/-->","_et_gb_content_width":"","footnotes":""},"class_list":["post-1429","page","type-page","status-publish","has-post-thumbnail","hentry"],"yoast_head":"<!-- This site is optimized with the Yoast SEO plugin v26.8 - https:\/\/yoast.com\/product\/yoast-seo-wordpress\/ -->\n<title>Hasplasztika el\u0151tte ut\u00e1na k\u00e9p - dr LBeauty Plasztikai Seb\u00e9szet<\/title>\n<meta name=\"description\" content=\"Hasplasztika el\u0151tte-ut\u00e1na k\u00e9p. El\u0151tte-ut\u00e1na k\u00e9peinket nem m\u00f3dos\u00edtottuk k\u00e9pszerkeszt\u0151 szoftverekkel, teh\u00e1t a val\u00f3s \u00e1llapotot t\u00fckr\u00f6zik.\" \/>\n<meta name=\"robots\" content=\"index, follow, max-snippet:-1, max-image-preview:large, max-video-preview:-1\" \/>\n<link rel=\"canonical\" href=\"https:\/\/drlbeauty.com\/hu\/referenciak\/hasplasztika-elotte-utana-kep\/\" \/>\n<meta property=\"og:locale\" content=\"hu_HU\" \/>\n<meta property=\"og:type\" content=\"article\" \/>\n<meta property=\"og:title\" content=\"Hasplasztika el\u0151tte ut\u00e1na k\u00e9p - dr LBeauty Plasztikai Seb\u00e9szet\" \/>\n<meta property=\"og:description\" content=\"Hasplasztika el\u0151tte-ut\u00e1na k\u00e9p. El\u0151tte-ut\u00e1na k\u00e9peinket nem m\u00f3dos\u00edtottuk k\u00e9pszerkeszt\u0151 szoftverekkel, teh\u00e1t a val\u00f3s \u00e1llapotot t\u00fckr\u00f6zik.\" \/>\n<meta property=\"og:url\" content=\"https:\/\/drlbeauty.com\/hu\/referenciak\/hasplasztika-elotte-utana-kep\/\" \/>\n<meta property=\"og:site_name\" content=\"dr LBeauty Plasztikai Seb\u00e9szet\" \/>\n<meta property=\"article:modified_time\" content=\"2023-10-22T13:28:19+00:00\" \/>\n<meta property=\"og:image\" content=\"https:\/\/drlbeauty.com\/hu\/wp-content\/uploads\/2022\/03\/hasplasztika-drlbeauty.jpg\" \/>\n\t<meta property=\"og:image:width\" content=\"1388\" \/>\n\t<meta property=\"og:image:height\" content=\"924\" \/>\n\t<meta property=\"og:image:type\" content=\"image\/jpeg\" \/>\n<meta name=\"twitter:card\" content=\"summary_large_image\" \/>\n<meta name=\"twitter:label1\" content=\"Becs\u00fclt olvas\u00e1si id\u0151\" \/>\n\t<meta name=\"twitter:data1\" content=\"2 perc\" \/>\n<script type=\"application\/ld+json\" class=\"yoast-schema-graph\">{\"@context\":\"https:\/\/schema.org\",\"@graph\":[{\"@type\":\"WebPage\",\"@id\":\"https:\/\/drlbeauty.com\/hu\/referenciak\/hasplasztika-elotte-utana-kep\/\",\"url\":\"https:\/\/drlbeauty.com\/hu\/referenciak\/hasplasztika-elotte-utana-kep\/\",\"name\":\"Hasplasztika el\u0151tte ut\u00e1na k\u00e9p - dr LBeauty Plasztikai Seb\u00e9szet\",\"isPartOf\":{\"@id\":\"https:\/\/drlbeauty.com\/hu\/#website\"},\"primaryImageOfPage\":{\"@id\":\"https:\/\/drlbeauty.com\/hu\/referenciak\/hasplasztika-elotte-utana-kep\/#primaryimage\"},\"image\":{\"@id\":\"https:\/\/drlbeauty.com\/hu\/referenciak\/hasplasztika-elotte-utana-kep\/#primaryimage\"},\"thumbnailUrl\":\"https:\/\/drlbeauty.com\/hu\/wp-content\/uploads\/2022\/03\/hasplasztika-drlbeauty.jpg\",\"datePublished\":\"2022-03-07T07:19:06+00:00\",\"dateModified\":\"2023-10-22T13:28:19+00:00\",\"description\":\"Hasplasztika el\u0151tte-ut\u00e1na k\u00e9p. El\u0151tte-ut\u00e1na k\u00e9peinket nem m\u00f3dos\u00edtottuk k\u00e9pszerkeszt\u0151 szoftverekkel, teh\u00e1t a val\u00f3s \u00e1llapotot t\u00fckr\u00f6zik.\",\"breadcrumb\":{\"@id\":\"https:\/\/drlbeauty.com\/hu\/referenciak\/hasplasztika-elotte-utana-kep\/#breadcrumb\"},\"inLanguage\":\"hu\",\"potentialAction\":[{\"@type\":\"ReadAction\",\"target\":[\"https:\/\/drlbeauty.com\/hu\/referenciak\/hasplasztika-elotte-utana-kep\/\"]}]},{\"@type\":\"ImageObject\",\"inLanguage\":\"hu\",\"@id\":\"https:\/\/drlbeauty.com\/hu\/referenciak\/hasplasztika-elotte-utana-kep\/#primaryimage\",\"url\":\"https:\/\/drlbeauty.com\/hu\/wp-content\/uploads\/2022\/03\/hasplasztika-drlbeauty.jpg\",\"contentUrl\":\"https:\/\/drlbeauty.com\/hu\/wp-content\/uploads\/2022\/03\/hasplasztika-drlbeauty.jpg\",\"width\":1388,\"height\":924,\"caption\":\"hasplasztika, n\u0151i test\"},{\"@type\":\"BreadcrumbList\",\"@id\":\"https:\/\/drlbeauty.com\/hu\/referenciak\/hasplasztika-elotte-utana-kep\/#breadcrumb\",\"itemListElement\":[{\"@type\":\"ListItem\",\"position\":1,\"name\":\"Kezd\u0151lap\",\"item\":\"https:\/\/drlbeauty.com\/hu\/\"},{\"@type\":\"ListItem\",\"position\":2,\"name\":\"Referenci\u00e1k\",\"item\":\"https:\/\/drlbeauty.com\/hu\/referenciak\/\"},{\"@type\":\"ListItem\",\"position\":3,\"name\":\"Hasplasztika el\u0151tte ut\u00e1na k\u00e9p\"}]},{\"@type\":\"WebSite\",\"@id\":\"https:\/\/drlbeauty.com\/hu\/#website\",\"url\":\"https:\/\/drlbeauty.com\/hu\/\",\"name\":\"dr LBeauty Plasztikai Seb\u00e9szet\",\"description\":\"My WordPress Blog\",\"publisher\":{\"@id\":\"https:\/\/drlbeauty.com\/hu\/#\/schema\/person\/21f1e9bac1ad5d5c110e02de659b156c\"},\"potentialAction\":[{\"@type\":\"SearchAction\",\"target\":{\"@type\":\"EntryPoint\",\"urlTemplate\":\"https:\/\/drlbeauty.com\/hu\/?s={search_term_string}\"},\"query-input\":{\"@type\":\"PropertyValueSpecification\",\"valueRequired\":true,\"valueName\":\"search_term_string\"}}],\"inLanguage\":\"hu\"},{\"@type\":[\"Person\",\"Organization\"],\"@id\":\"https:\/\/drlbeauty.com\/hu\/#\/schema\/person\/21f1e9bac1ad5d5c110e02de659b156c\",\"name\":\"Dr. L\u00e9vay Bernadett\",\"image\":{\"@type\":\"ImageObject\",\"inLanguage\":\"hu\",\"@id\":\"https:\/\/drlbeauty.com\/hu\/#\/schema\/person\/image\/\",\"url\":\"https:\/\/drlbeauty.com\/hu\/wp-content\/uploads\/2022\/02\/cropped-drlbeauty-weblogo.png\",\"contentUrl\":\"https:\/\/drlbeauty.com\/hu\/wp-content\/uploads\/2022\/02\/cropped-drlbeauty-weblogo.png\",\"width\":512,\"height\":512,\"caption\":\"Dr. L\u00e9vay Bernadett\"},\"logo\":{\"@id\":\"https:\/\/drlbeauty.com\/hu\/#\/schema\/person\/image\/\"},\"sameAs\":[\"https:\/\/drlbeauty.com\/hu\"]}]}<\/script>\n<!-- \/ Yoast SEO plugin. -->","yoast_head_json":{"title":"Hasplasztika el\u0151tte ut\u00e1na k\u00e9p - dr LBeauty Plasztikai Seb\u00e9szet","description":"Hasplasztika el\u0151tte-ut\u00e1na k\u00e9p. El\u0151tte-ut\u00e1na k\u00e9peinket nem m\u00f3dos\u00edtottuk k\u00e9pszerkeszt\u0151 szoftverekkel, teh\u00e1t a val\u00f3s \u00e1llapotot t\u00fckr\u00f6zik.","robots":{"index":"index","follow":"follow","max-snippet":"max-snippet:-1","max-image-preview":"max-image-preview:large","max-video-preview":"max-video-preview:-1"},"canonical":"https:\/\/drlbeauty.com\/hu\/referenciak\/hasplasztika-elotte-utana-kep\/","og_locale":"hu_HU","og_type":"article","og_title":"Hasplasztika el\u0151tte ut\u00e1na k\u00e9p - dr LBeauty Plasztikai Seb\u00e9szet","og_description":"Hasplasztika el\u0151tte-ut\u00e1na k\u00e9p. El\u0151tte-ut\u00e1na k\u00e9peinket nem m\u00f3dos\u00edtottuk k\u00e9pszerkeszt\u0151 szoftverekkel, teh\u00e1t a val\u00f3s \u00e1llapotot t\u00fckr\u00f6zik.","og_url":"https:\/\/drlbeauty.com\/hu\/referenciak\/hasplasztika-elotte-utana-kep\/","og_site_name":"dr LBeauty Plasztikai Seb\u00e9szet","article_modified_time":"2023-10-22T13:28:19+00:00","og_image":[{"width":1388,"height":924,"url":"https:\/\/drlbeauty.com\/hu\/wp-content\/uploads\/2022\/03\/hasplasztika-drlbeauty.jpg","type":"image\/jpeg"}],"twitter_card":"summary_large_image","twitter_misc":{"Becs\u00fclt olvas\u00e1si id\u0151":"2 perc"},"schema":{"@context":"https:\/\/schema.org","@graph":[{"@type":"WebPage","@id":"https:\/\/drlbeauty.com\/hu\/referenciak\/hasplasztika-elotte-utana-kep\/","url":"https:\/\/drlbeauty.com\/hu\/referenciak\/hasplasztika-elotte-utana-kep\/","name":"Hasplasztika el\u0151tte ut\u00e1na k\u00e9p - dr LBeauty Plasztikai Seb\u00e9szet","isPartOf":{"@id":"https:\/\/drlbeauty.com\/hu\/#website"},"primaryImageOfPage":{"@id":"https:\/\/drlbeauty.com\/hu\/referenciak\/hasplasztika-elotte-utana-kep\/#primaryimage"},"image":{"@id":"https:\/\/drlbeauty.com\/hu\/referenciak\/hasplasztika-elotte-utana-kep\/#primaryimage"},"thumbnailUrl":"https:\/\/drlbeauty.com\/hu\/wp-content\/uploads\/2022\/03\/hasplasztika-drlbeauty.jpg","datePublished":"2022-03-07T07:19:06+00:00","dateModified":"2023-10-22T13:28:19+00:00","description":"Hasplasztika el\u0151tte-ut\u00e1na k\u00e9p. El\u0151tte-ut\u00e1na k\u00e9peinket nem m\u00f3dos\u00edtottuk k\u00e9pszerkeszt\u0151 szoftverekkel, teh\u00e1t a val\u00f3s \u00e1llapotot t\u00fckr\u00f6zik.","breadcrumb":{"@id":"https:\/\/drlbeauty.com\/hu\/referenciak\/hasplasztika-elotte-utana-kep\/#breadcrumb"},"inLanguage":"hu","potentialAction":[{"@type":"ReadAction","target":["https:\/\/drlbeauty.com\/hu\/referenciak\/hasplasztika-elotte-utana-kep\/"]}]},{"@type":"ImageObject","inLanguage":"hu","@id":"https:\/\/drlbeauty.com\/hu\/referenciak\/hasplasztika-elotte-utana-kep\/#primaryimage","url":"https:\/\/drlbeauty.com\/hu\/wp-content\/uploads\/2022\/03\/hasplasztika-drlbeauty.jpg","contentUrl":"https:\/\/drlbeauty.com\/hu\/wp-content\/uploads\/2022\/03\/hasplasztika-drlbeauty.jpg","width":1388,"height":924,"caption":"hasplasztika, n\u0151i test"},{"@type":"BreadcrumbList","@id":"https:\/\/drlbeauty.com\/hu\/referenciak\/hasplasztika-elotte-utana-kep\/#breadcrumb","itemListElement":[{"@type":"ListItem","position":1,"name":"Kezd\u0151lap","item":"https:\/\/drlbeauty.com\/hu\/"},{"@type":"ListItem","position":2,"name":"Referenci\u00e1k","item":"https:\/\/drlbeauty.com\/hu\/referenciak\/"},{"@type":"ListItem","position":3,"name":"Hasplasztika el\u0151tte ut\u00e1na k\u00e9p"}]},{"@type":"WebSite","@id":"https:\/\/drlbeauty.com\/hu\/#website","url":"https:\/\/drlbeauty.com\/hu\/","name":"dr LBeauty Plasztikai Seb\u00e9szet","description":"My WordPress Blog","publisher":{"@id":"https:\/\/drlbeauty.com\/hu\/#\/schema\/person\/21f1e9bac1ad5d5c110e02de659b156c"},"potentialAction":[{"@type":"SearchAction","target":{"@type":"EntryPoint","urlTemplate":"https:\/\/drlbeauty.com\/hu\/?s={search_term_string}"},"query-input":{"@type":"PropertyValueSpecification","valueRequired":true,"valueName":"search_term_string"}}],"inLanguage":"hu"},{"@type":["Person","Organization"],"@id":"https:\/\/drlbeauty.com\/hu\/#\/schema\/person\/21f1e9bac1ad5d5c110e02de659b156c","name":"Dr. L\u00e9vay Bernadett","image":{"@type":"ImageObject","inLanguage":"hu","@id":"https:\/\/drlbeauty.com\/hu\/#\/schema\/person\/image\/","url":"https:\/\/drlbeauty.com\/hu\/wp-content\/uploads\/2022\/02\/cropped-drlbeauty-weblogo.png","contentUrl":"https:\/\/drlbeauty.com\/hu\/wp-content\/uploads\/2022\/02\/cropped-drlbeauty-weblogo.png","width":512,"height":512,"caption":"Dr. L\u00e9vay Bernadett"},"logo":{"@id":"https:\/\/drlbeauty.com\/hu\/#\/schema\/person\/image\/"},"sameAs":["https:\/\/drlbeauty.com\/hu"]}]}},"_links":{"self":[{"href":"https:\/\/drlbeauty.com\/hu\/wp-json\/wp\/v2\/pages\/1429","targetHints":{"allow":["GET"]}}],"collection":[{"href":"https:\/\/drlbeauty.com\/hu\/wp-json\/wp\/v2\/pages"}],"about":[{"href":"https:\/\/drlbeauty.com\/hu\/wp-json\/wp\/v2\/types\/page"}],"author":[{"embeddable":true,"href":"https:\/\/drlbeauty.com\/hu\/wp-json\/wp\/v2\/users\/1"}],"replies":[{"embeddable":true,"href":"https:\/\/drlbeauty.com\/hu\/wp-json\/wp\/v2\/comments?post=1429"}],"version-history":[{"count":11,"href":"https:\/\/drlbeauty.com\/hu\/wp-json\/wp\/v2\/pages\/1429\/revisions"}],"predecessor-version":[{"id":2601,"href":"https:\/\/drlbeauty.com\/hu\/wp-json\/wp\/v2\/pages\/1429\/revisions\/2601"}],"up":[{"embeddable":true,"href":"https:\/\/drlbeauty.com\/hu\/wp-json\/wp\/v2\/pages\/32"}],"wp:featuredmedia":[{"embeddable":true,"href":"https:\/\/drlbeauty.com\/hu\/wp-json\/wp\/v2\/media\/1946"}],"wp:attachment":[{"href":"https:\/\/drlbeauty.com\/hu\/wp-json\/wp\/v2\/media?parent=1429"}],"curies":[{"name":"wp","href":"https:\/\/api.w.org\/{rel}","templated":true}]}}