{"id":32,"date":"2022-01-18T07:49:52","date_gmt":"2022-01-18T07:49:52","guid":{"rendered":"https:\/\/teszt.drlbeauty.com\/hu\/?page_id=32"},"modified":"2024-03-16T09:19:11","modified_gmt":"2024-03-16T09:19:11","slug":"referenciak","status":"publish","type":"page","link":"https:\/\/drlbeauty.com\/hu\/referenciak\/","title":{"rendered":"Referenci\u00e1k"},"content":{"rendered":"<p>[et_pb_section fb_built=&#8221;1&#8243; custom_padding_last_edited=&#8221;on|desktop&#8221; _builder_version=&#8221;4.21.0&#8243; _module_preset=&#8221;default&#8221; custom_padding=&#8221;10px||||false|false&#8221; custom_padding_tablet=&#8221;0px||||false|false&#8221; custom_padding_phone=&#8221;0px||||false|false&#8221; global_colors_info=&#8221;{}&#8221;][et_pb_row _builder_version=&#8221;4.21.0&#8243; _module_preset=&#8221;default&#8221; global_colors_info=&#8221;{}&#8221;][et_pb_column type=&#8221;4_4&#8243; _builder_version=&#8221;4.21.0&#8243; _module_preset=&#8221;default&#8221; global_colors_info=&#8221;{}&#8221;][et_pb_text _builder_version=&#8221;4.24.2&#8243; _module_preset=&#8221;default&#8221; text_font=&#8221;Open Sans||||||||&#8221; text_font_size=&#8221;18px&#8221; header_font=&#8221;Vollkorn||||||||&#8221; header_text_align=&#8221;center&#8221; header_text_color=&#8221;#000000&#8243; header_font_size=&#8221;60px&#8221; header_line_height=&#8221;1.4em&#8221; text_orientation=&#8221;center&#8221; hover_enabled=&#8221;0&#8243; text_font_size_tablet=&#8221;17px&#8221; text_font_size_phone=&#8221;16px&#8221; text_font_size_last_edited=&#8221;on|desktop&#8221; header_font_size_tablet=&#8221;40px&#8221; header_font_size_phone=&#8221;32px&#8221; header_font_size_last_edited=&#8221;on|desktop&#8221; global_colors_info=&#8221;{}&#8221; sticky_enabled=&#8221;0&#8243;]<\/p>\n<h1>Referenci\u00e1k<\/h1>\n<p>N\u00e9zd meg az el\u0151tte-ut\u00e1na k\u00e9peket. Tov\u00e1bb\u00e1 ha \u00e9rdekel olvad el a <strong><a href=\"https:\/\/drlbeauty.com\/hu\/referenciak\/sikertortenetek\/\">Sikert\u00f6rt\u00e9neteinket<\/a><\/strong> \u00e9s a kedves<strong><a href=\"https:\/\/drlbeauty.com\/hu\/rolam\/velemenyek\/\"> p\u00e1cienseink v\u00e9lem\u00e9ny\u00e9t.<\/a><\/strong><\/p>\n<p>K\u00e9rj b\u00e1tran egy konzult\u00e1ci\u00f3t \u00fczenetk\u00fcld\u00e9ssel vagy ak\u00e1r telefonon is. Konzult\u00e1ci\u00f3ra id\u0151pontot k\u00f6zvetlen\u00fcl szakorvosunk asszisztens\u00e9t\u0151l (Kov\u00e1cs Dorina k\u00e9rhetsz a +36-30-601-4325 telefonsz\u00e1mon.<\/p>\n<p>[\/et_pb_text][\/et_pb_column][\/et_pb_row][et_pb_row column_structure=&#8221;1_3,1_3,1_3&#8243; _builder_version=&#8221;4.21.0&#8243; _module_preset=&#8221;default&#8221; max_width=&#8221;100%&#8221; global_colors_info=&#8221;{}&#8221;][et_pb_column type=&#8221;1_3&#8243; _builder_version=&#8221;4.16&#8243; _module_preset=&#8221;default&#8221; global_colors_info=&#8221;{}&#8221;][et_pb_blurb title=&#8221;Mellnagyobb\u00edt\u00e1s el\u0151tte-ut\u00e1na k\u00e9pek&#8221; url=&#8221;https:\/\/drlbeauty.com\/hu\/referencia\/mellnagyobbitas\/&#8221; image=&#8221;https:\/\/drlbeauty.com\/hu\/wp-content\/uploads\/2022\/01\/mellplasztika_mellnagyobbitas_plasztikalevaybernadett.jpg&#8221; _builder_version=&#8221;4.17.1&#8243; _module_preset=&#8221;default&#8221; header_font=&#8221;Vollkorn||||||||&#8221; header_text_align=&#8221;center&#8221; header_text_color=&#8221;rgba(0,0,0,0.81)&#8221; header_font_size=&#8221;23px&#8221; header_font_size_tablet=&#8221;23px&#8221; header_font_size_phone=&#8221;21px&#8221; header_font_size_last_edited=&#8221;on|desktop&#8221; global_colors_info=&#8221;{}&#8221; transform_styles__hover_enabled=&#8221;on|hover&#8221; transform_scale__hover_enabled=&#8221;on|hover&#8221; transform_translate__hover_enabled=&#8221;on|desktop&#8221; transform_rotate__hover_enabled=&#8221;on|desktop&#8221; transform_skew__hover_enabled=&#8221;on|desktop&#8221; transform_origin__hover_enabled=&#8221;on|desktop&#8221; transform_scale__hover=&#8221;104%|104%&#8221;][\/et_pb_blurb][\/et_pb_column][et_pb_column type=&#8221;1_3&#8243; _builder_version=&#8221;4.16&#8243; _module_preset=&#8221;default&#8221; global_colors_info=&#8221;{}&#8221;][et_pb_blurb title=&#8221;Mellnagyobb\u00edt\u00e1s \u00e9s felvarr\u00e1s el\u0151tte-ut\u00e1na k\u00e9pek&#8221; url=&#8221;https:\/\/drlbeauty.com\/hu\/referencia\/mellnagyobbitas-es-felvarras\/&#8221; image=&#8221;https:\/\/drlbeauty.com\/hu\/wp-content\/uploads\/2022\/02\/mellplasztika_mellnagyobbitas_drlbeauty.jpg&#8221; _builder_version=&#8221;4.17.1&#8243; _module_preset=&#8221;default&#8221; header_font=&#8221;Vollkorn||||||||&#8221; header_text_align=&#8221;center&#8221; header_text_color=&#8221;rgba(0,0,0,0.81)&#8221; header_font_size=&#8221;23px&#8221; link_option_url=&#8221;https:\/\/drlbeauty.com\/hu\/referencia\/mellnagyobbitas-es-felvarras\/&#8221; header_font_size_tablet=&#8221;23px&#8221; header_font_size_phone=&#8221;21px&#8221; header_font_size_last_edited=&#8221;on|desktop&#8221; locked=&#8221;off&#8221; global_colors_info=&#8221;{}&#8221; transform_styles__hover_enabled=&#8221;on|hover&#8221; transform_scale__hover=&#8221;104%|104%&#8221; transform_scale__hover_enabled=&#8221;on|hover&#8221; transform_translate__hover_enabled=&#8221;on|desktop&#8221; transform_rotate__hover_enabled=&#8221;on|desktop&#8221; transform_skew__hover_enabled=&#8221;on|desktop&#8221; transform_origin__hover_enabled=&#8221;on|desktop&#8221;][\/et_pb_blurb][\/et_pb_column][et_pb_column type=&#8221;1_3&#8243; _builder_version=&#8221;4.16&#8243; _module_preset=&#8221;default&#8221; global_colors_info=&#8221;{}&#8221;][et_pb_blurb title=&#8221;Mellfelvarr\u00e1s el\u0151tte-ut\u00e1na k\u00e9pek&#8221; url=&#8221;https:\/\/drlbeauty.com\/hu\/referencia\/mellfelvarras\/&#8221; image=&#8221;https:\/\/drlbeauty.com\/hu\/wp-content\/uploads\/2022\/02\/mellplasztika_mellfelvarras_drlbeauty.jpg&#8221; _builder_version=&#8221;4.21.0&#8243; _module_preset=&#8221;default&#8221; header_font=&#8221;Vollkorn||||||||&#8221; header_text_align=&#8221;center&#8221; header_text_color=&#8221;rgba(0,0,0,0.81)&#8221; header_font_size=&#8221;23px&#8221; header_font_size_tablet=&#8221;23px&#8221; header_font_size_phone=&#8221;21px&#8221; header_font_size_last_edited=&#8221;on|desktop&#8221; locked=&#8221;off&#8221; global_colors_info=&#8221;{}&#8221; transform_styles__hover_enabled=&#8221;on|hover&#8221; transform_scale__hover=&#8221;104%|104%&#8221; transform_scale__hover_enabled=&#8221;on|hover&#8221; transform_translate__hover_enabled=&#8221;on|desktop&#8221; transform_rotate__hover_enabled=&#8221;on|desktop&#8221; transform_skew__hover_enabled=&#8221;on|desktop&#8221; transform_origin__hover_enabled=&#8221;on|desktop&#8221;][\/et_pb_blurb][\/et_pb_column][\/et_pb_row][et_pb_row column_structure=&#8221;1_3,1_3,1_3&#8243; _builder_version=&#8221;4.21.0&#8243; _module_preset=&#8221;default&#8221; max_width=&#8221;100%&#8221; global_colors_info=&#8221;{}&#8221;][et_pb_column type=&#8221;1_3&#8243; _builder_version=&#8221;4.16&#8243; _module_preset=&#8221;default&#8221; global_colors_info=&#8221;{}&#8221;][et_pb_blurb title=&#8221;Hasplasztika el\u0151tte-ut\u00e1na k\u00e9pek&#8221; url=&#8221;https:\/\/drlbeauty.com\/hu\/referencia\/hasplasztika-elotte-utana-kep\/&#8221; image=&#8221;https:\/\/drlbeauty.com\/hu\/wp-content\/uploads\/2022\/02\/hasplasztika_-drlbeauty.jpg&#8221; _builder_version=&#8221;4.20.4&#8243; _module_preset=&#8221;default&#8221; header_font=&#8221;Vollkorn||||||||&#8221; header_text_align=&#8221;center&#8221; header_text_color=&#8221;rgba(0,0,0,0.81)&#8221; header_font_size=&#8221;23px&#8221; header_font_size_tablet=&#8221;23px&#8221; header_font_size_phone=&#8221;21px&#8221; header_font_size_last_edited=&#8221;on|desktop&#8221; locked=&#8221;off&#8221; global_colors_info=&#8221;{}&#8221; transform_styles__hover_enabled=&#8221;on|hover&#8221; transform_scale__hover=&#8221;104%|104%&#8221; transform_scale__hover_enabled=&#8221;on|hover&#8221; transform_translate__hover_enabled=&#8221;on|desktop&#8221; transform_rotate__hover_enabled=&#8221;on|desktop&#8221; transform_skew__hover_enabled=&#8221;on|desktop&#8221; transform_origin__hover_enabled=&#8221;on|desktop&#8221;][\/et_pb_blurb][\/et_pb_column][et_pb_column type=&#8221;1_3&#8243; _builder_version=&#8221;4.16&#8243; _module_preset=&#8221;default&#8221; global_colors_info=&#8221;{}&#8221;][et_pb_blurb title=&#8221;Mell- \u00e9s hasplasztika el\u0151tte-ut\u00e1na k\u00e9pek&#8221; url=&#8221;https:\/\/drlbeauty.com\/hu\/referenciak\/mell-es-hasplasztika\/&#8221; image=&#8221;https:\/\/drlbeauty.com\/hu\/wp-content\/uploads\/2022\/01\/mellplasztika_hasplasztika_plasztikalevaybernadett.jpg&#8221; _builder_version=&#8221;4.21.0&#8243; _module_preset=&#8221;default&#8221; header_font=&#8221;Vollkorn||||||||&#8221; header_text_align=&#8221;center&#8221; header_text_color=&#8221;rgba(0,0,0,0.81)&#8221; header_font_size=&#8221;23px&#8221; header_font_size_tablet=&#8221;23px&#8221; header_font_size_phone=&#8221;21px&#8221; header_font_size_last_edited=&#8221;on|desktop&#8221; locked=&#8221;off&#8221; global_colors_info=&#8221;{}&#8221; transform_styles__hover_enabled=&#8221;on|hover&#8221; transform_scale__hover=&#8221;104%|104%&#8221; transform_scale__hover_enabled=&#8221;on|hover&#8221; transform_translate__hover_enabled=&#8221;on|desktop&#8221; transform_rotate__hover_enabled=&#8221;on|desktop&#8221; transform_skew__hover_enabled=&#8221;on|desktop&#8221; transform_origin__hover_enabled=&#8221;on|desktop&#8221;][\/et_pb_blurb][\/et_pb_column][et_pb_column type=&#8221;1_3&#8243; _builder_version=&#8221;4.16&#8243; _module_preset=&#8221;default&#8221; global_colors_info=&#8221;{}&#8221;][et_pb_blurb title=&#8221;\u00d6sszes el\u0151tte-ut\u00e1na k\u00e9p&#8221; url=&#8221;https:\/\/drlbeauty.com\/hu\/referencia\/osszes-referencia\/&#8221; image=&#8221;https:\/\/drlbeauty.com\/hu\/wp-content\/uploads\/2022\/01\/mellplasztika_hasplasztika_plasztikalevaybernadett.jpg&#8221; _builder_version=&#8221;4.17.1&#8243; _module_preset=&#8221;default&#8221; header_font=&#8221;Vollkorn||||||||&#8221; header_text_align=&#8221;center&#8221; header_text_color=&#8221;rgba(0,0,0,0.81)&#8221; header_font_size=&#8221;23px&#8221; header_font_size_tablet=&#8221;23px&#8221; header_font_size_phone=&#8221;21px&#8221; header_font_size_last_edited=&#8221;on|desktop&#8221; locked=&#8221;off&#8221; global_colors_info=&#8221;{}&#8221; transform_styles__hover_enabled=&#8221;on|hover&#8221; transform_scale__hover=&#8221;104%|104%&#8221; transform_scale__hover_enabled=&#8221;on|hover&#8221; transform_translate__hover_enabled=&#8221;on|desktop&#8221; transform_rotate__hover_enabled=&#8221;on|desktop&#8221; transform_skew__hover_enabled=&#8221;on|desktop&#8221; transform_origin__hover_enabled=&#8221;on|desktop&#8221;][\/et_pb_blurb][\/et_pb_column][\/et_pb_row][\/et_pb_section]<\/p>\n","protected":false},"excerpt":{"rendered":"<p>Referenci\u00e1k N\u00e9zd meg az el\u0151tte-ut\u00e1na k\u00e9peket. Tov\u00e1bb\u00e1 ha \u00e9rdekel olvad el a Sikert\u00f6rt\u00e9neteinket \u00e9s a kedves p\u00e1cienseink v\u00e9lem\u00e9ny\u00e9t. K\u00e9rj b\u00e1tran egy konzult\u00e1ci\u00f3t \u00fczenetk\u00fcld\u00e9ssel vagy ak\u00e1r telefonon is. Konzult\u00e1ci\u00f3ra id\u0151pontot k\u00f6zvetlen\u00fcl szakorvosunk asszisztens\u00e9t\u0151l (Kov\u00e1cs Dorina k\u00e9rhetsz a +36-30-601-4325 telefonsz\u00e1mon.<\/p>\n","protected":false},"author":1,"featured_media":555,"parent":0,"menu_order":0,"comment_status":"closed","ping_status":"closed","template":"","meta":{"_et_pb_use_builder":"on","_et_pb_old_content":"<!-- wp:divi\/placeholder \/-->","_et_gb_content_width":"","footnotes":""},"class_list":["post-32","page","type-page","status-publish","has-post-thumbnail","hentry"],"yoast_head":"<!-- This site is optimized with the Yoast SEO plugin v26.8 - https:\/\/yoast.com\/product\/yoast-seo-wordpress\/ -->\n<title>Referenci\u00e1k - dr LBeauty Plasztikai Seb\u00e9szet Budapest<\/title>\n<meta name=\"description\" content=\"Referenci\u00e1k. El\u0151tte-ut\u00e1na k\u00e9pek: mellnagyobb\u00edt\u00e1s, mellfelvarr\u00e1s, hasplasztika, mell \u00e9s hasplasztika egyszerre.\" \/>\n<meta name=\"robots\" content=\"index, follow, max-snippet:-1, max-image-preview:large, max-video-preview:-1\" \/>\n<link rel=\"canonical\" href=\"https:\/\/drlbeauty.com\/hu\/referenciak\/\" \/>\n<meta property=\"og:locale\" content=\"hu_HU\" \/>\n<meta property=\"og:type\" content=\"article\" \/>\n<meta property=\"og:title\" content=\"Referenci\u00e1k - dr LBeauty Plasztikai Seb\u00e9szet Budapest\" \/>\n<meta property=\"og:description\" content=\"Referenci\u00e1k. El\u0151tte-ut\u00e1na k\u00e9pek: mellnagyobb\u00edt\u00e1s, mellfelvarr\u00e1s, hasplasztika, mell \u00e9s hasplasztika egyszerre.\" \/>\n<meta property=\"og:url\" content=\"https:\/\/drlbeauty.com\/hu\/referenciak\/\" \/>\n<meta property=\"og:site_name\" content=\"dr LBeauty Plasztikai Seb\u00e9szet\" \/>\n<meta property=\"article:modified_time\" content=\"2024-03-16T09:19:11+00:00\" \/>\n<meta property=\"og:image\" content=\"https:\/\/drlbeauty.com\/hu\/wp-content\/uploads\/2022\/02\/zsirleszivas_drlbeauty.jpg\" \/>\n\t<meta property=\"og:image:width\" content=\"1080\" \/>\n\t<meta property=\"og:image:height\" content=\"1080\" \/>\n\t<meta property=\"og:image:type\" content=\"image\/jpeg\" \/>\n<meta name=\"twitter:card\" content=\"summary_large_image\" \/>\n<meta name=\"twitter:label1\" content=\"Becs\u00fclt olvas\u00e1si id\u0151\" \/>\n\t<meta name=\"twitter:data1\" content=\"2 perc\" \/>\n<script type=\"application\/ld+json\" class=\"yoast-schema-graph\">{\"@context\":\"https:\/\/schema.org\",\"@graph\":[{\"@type\":\"WebPage\",\"@id\":\"https:\/\/drlbeauty.com\/hu\/referenciak\/\",\"url\":\"https:\/\/drlbeauty.com\/hu\/referenciak\/\",\"name\":\"Referenci\u00e1k - dr LBeauty Plasztikai Seb\u00e9szet Budapest\",\"isPartOf\":{\"@id\":\"https:\/\/drlbeauty.com\/hu\/#website\"},\"primaryImageOfPage\":{\"@id\":\"https:\/\/drlbeauty.com\/hu\/referenciak\/#primaryimage\"},\"image\":{\"@id\":\"https:\/\/drlbeauty.com\/hu\/referenciak\/#primaryimage\"},\"thumbnailUrl\":\"https:\/\/drlbeauty.com\/hu\/wp-content\/uploads\/2022\/02\/zsirleszivas_drlbeauty.jpg\",\"datePublished\":\"2022-01-18T07:49:52+00:00\",\"dateModified\":\"2024-03-16T09:19:11+00:00\",\"description\":\"Referenci\u00e1k. El\u0151tte-ut\u00e1na k\u00e9pek: mellnagyobb\u00edt\u00e1s, mellfelvarr\u00e1s, hasplasztika, mell \u00e9s hasplasztika egyszerre.\",\"breadcrumb\":{\"@id\":\"https:\/\/drlbeauty.com\/hu\/referenciak\/#breadcrumb\"},\"inLanguage\":\"hu\",\"potentialAction\":[{\"@type\":\"ReadAction\",\"target\":[\"https:\/\/drlbeauty.com\/hu\/referenciak\/\"]}]},{\"@type\":\"ImageObject\",\"inLanguage\":\"hu\",\"@id\":\"https:\/\/drlbeauty.com\/hu\/referenciak\/#primaryimage\",\"url\":\"https:\/\/drlbeauty.com\/hu\/wp-content\/uploads\/2022\/02\/zsirleszivas_drlbeauty.jpg\",\"contentUrl\":\"https:\/\/drlbeauty.com\/hu\/wp-content\/uploads\/2022\/02\/zsirleszivas_drlbeauty.jpg\",\"width\":1080,\"height\":1080,\"caption\":\"Referenci\u00e1k\"},{\"@type\":\"BreadcrumbList\",\"@id\":\"https:\/\/drlbeauty.com\/hu\/referenciak\/#breadcrumb\",\"itemListElement\":[{\"@type\":\"ListItem\",\"position\":1,\"name\":\"Kezd\u0151lap\",\"item\":\"https:\/\/drlbeauty.com\/hu\/\"},{\"@type\":\"ListItem\",\"position\":2,\"name\":\"Referenci\u00e1k\"}]},{\"@type\":\"WebSite\",\"@id\":\"https:\/\/drlbeauty.com\/hu\/#website\",\"url\":\"https:\/\/drlbeauty.com\/hu\/\",\"name\":\"dr LBeauty Plasztikai Seb\u00e9szet\",\"description\":\"My WordPress Blog\",\"publisher\":{\"@id\":\"https:\/\/drlbeauty.com\/hu\/#\/schema\/person\/21f1e9bac1ad5d5c110e02de659b156c\"},\"potentialAction\":[{\"@type\":\"SearchAction\",\"target\":{\"@type\":\"EntryPoint\",\"urlTemplate\":\"https:\/\/drlbeauty.com\/hu\/?s={search_term_string}\"},\"query-input\":{\"@type\":\"PropertyValueSpecification\",\"valueRequired\":true,\"valueName\":\"search_term_string\"}}],\"inLanguage\":\"hu\"},{\"@type\":[\"Person\",\"Organization\"],\"@id\":\"https:\/\/drlbeauty.com\/hu\/#\/schema\/person\/21f1e9bac1ad5d5c110e02de659b156c\",\"name\":\"Dr. L\u00e9vay Bernadett\",\"image\":{\"@type\":\"ImageObject\",\"inLanguage\":\"hu\",\"@id\":\"https:\/\/drlbeauty.com\/hu\/#\/schema\/person\/image\/\",\"url\":\"https:\/\/drlbeauty.com\/hu\/wp-content\/uploads\/2022\/02\/cropped-drlbeauty-weblogo.png\",\"contentUrl\":\"https:\/\/drlbeauty.com\/hu\/wp-content\/uploads\/2022\/02\/cropped-drlbeauty-weblogo.png\",\"width\":512,\"height\":512,\"caption\":\"Dr. L\u00e9vay Bernadett\"},\"logo\":{\"@id\":\"https:\/\/drlbeauty.com\/hu\/#\/schema\/person\/image\/\"},\"sameAs\":[\"https:\/\/drlbeauty.com\/hu\"]}]}<\/script>\n<!-- \/ Yoast SEO plugin. -->","yoast_head_json":{"title":"Referenci\u00e1k - dr LBeauty Plasztikai Seb\u00e9szet Budapest","description":"Referenci\u00e1k. El\u0151tte-ut\u00e1na k\u00e9pek: mellnagyobb\u00edt\u00e1s, mellfelvarr\u00e1s, hasplasztika, mell \u00e9s hasplasztika egyszerre.","robots":{"index":"index","follow":"follow","max-snippet":"max-snippet:-1","max-image-preview":"max-image-preview:large","max-video-preview":"max-video-preview:-1"},"canonical":"https:\/\/drlbeauty.com\/hu\/referenciak\/","og_locale":"hu_HU","og_type":"article","og_title":"Referenci\u00e1k - dr LBeauty Plasztikai Seb\u00e9szet Budapest","og_description":"Referenci\u00e1k. El\u0151tte-ut\u00e1na k\u00e9pek: mellnagyobb\u00edt\u00e1s, mellfelvarr\u00e1s, hasplasztika, mell \u00e9s hasplasztika egyszerre.","og_url":"https:\/\/drlbeauty.com\/hu\/referenciak\/","og_site_name":"dr LBeauty Plasztikai Seb\u00e9szet","article_modified_time":"2024-03-16T09:19:11+00:00","og_image":[{"width":1080,"height":1080,"url":"https:\/\/drlbeauty.com\/hu\/wp-content\/uploads\/2022\/02\/zsirleszivas_drlbeauty.jpg","type":"image\/jpeg"}],"twitter_card":"summary_large_image","twitter_misc":{"Becs\u00fclt olvas\u00e1si id\u0151":"2 perc"},"schema":{"@context":"https:\/\/schema.org","@graph":[{"@type":"WebPage","@id":"https:\/\/drlbeauty.com\/hu\/referenciak\/","url":"https:\/\/drlbeauty.com\/hu\/referenciak\/","name":"Referenci\u00e1k - dr LBeauty Plasztikai Seb\u00e9szet Budapest","isPartOf":{"@id":"https:\/\/drlbeauty.com\/hu\/#website"},"primaryImageOfPage":{"@id":"https:\/\/drlbeauty.com\/hu\/referenciak\/#primaryimage"},"image":{"@id":"https:\/\/drlbeauty.com\/hu\/referenciak\/#primaryimage"},"thumbnailUrl":"https:\/\/drlbeauty.com\/hu\/wp-content\/uploads\/2022\/02\/zsirleszivas_drlbeauty.jpg","datePublished":"2022-01-18T07:49:52+00:00","dateModified":"2024-03-16T09:19:11+00:00","description":"Referenci\u00e1k. El\u0151tte-ut\u00e1na k\u00e9pek: mellnagyobb\u00edt\u00e1s, mellfelvarr\u00e1s, hasplasztika, mell \u00e9s hasplasztika egyszerre.","breadcrumb":{"@id":"https:\/\/drlbeauty.com\/hu\/referenciak\/#breadcrumb"},"inLanguage":"hu","potentialAction":[{"@type":"ReadAction","target":["https:\/\/drlbeauty.com\/hu\/referenciak\/"]}]},{"@type":"ImageObject","inLanguage":"hu","@id":"https:\/\/drlbeauty.com\/hu\/referenciak\/#primaryimage","url":"https:\/\/drlbeauty.com\/hu\/wp-content\/uploads\/2022\/02\/zsirleszivas_drlbeauty.jpg","contentUrl":"https:\/\/drlbeauty.com\/hu\/wp-content\/uploads\/2022\/02\/zsirleszivas_drlbeauty.jpg","width":1080,"height":1080,"caption":"Referenci\u00e1k"},{"@type":"BreadcrumbList","@id":"https:\/\/drlbeauty.com\/hu\/referenciak\/#breadcrumb","itemListElement":[{"@type":"ListItem","position":1,"name":"Kezd\u0151lap","item":"https:\/\/drlbeauty.com\/hu\/"},{"@type":"ListItem","position":2,"name":"Referenci\u00e1k"}]},{"@type":"WebSite","@id":"https:\/\/drlbeauty.com\/hu\/#website","url":"https:\/\/drlbeauty.com\/hu\/","name":"dr LBeauty Plasztikai Seb\u00e9szet","description":"My WordPress Blog","publisher":{"@id":"https:\/\/drlbeauty.com\/hu\/#\/schema\/person\/21f1e9bac1ad5d5c110e02de659b156c"},"potentialAction":[{"@type":"SearchAction","target":{"@type":"EntryPoint","urlTemplate":"https:\/\/drlbeauty.com\/hu\/?s={search_term_string}"},"query-input":{"@type":"PropertyValueSpecification","valueRequired":true,"valueName":"search_term_string"}}],"inLanguage":"hu"},{"@type":["Person","Organization"],"@id":"https:\/\/drlbeauty.com\/hu\/#\/schema\/person\/21f1e9bac1ad5d5c110e02de659b156c","name":"Dr. L\u00e9vay Bernadett","image":{"@type":"ImageObject","inLanguage":"hu","@id":"https:\/\/drlbeauty.com\/hu\/#\/schema\/person\/image\/","url":"https:\/\/drlbeauty.com\/hu\/wp-content\/uploads\/2022\/02\/cropped-drlbeauty-weblogo.png","contentUrl":"https:\/\/drlbeauty.com\/hu\/wp-content\/uploads\/2022\/02\/cropped-drlbeauty-weblogo.png","width":512,"height":512,"caption":"Dr. L\u00e9vay Bernadett"},"logo":{"@id":"https:\/\/drlbeauty.com\/hu\/#\/schema\/person\/image\/"},"sameAs":["https:\/\/drlbeauty.com\/hu"]}]}},"_links":{"self":[{"href":"https:\/\/drlbeauty.com\/hu\/wp-json\/wp\/v2\/pages\/32","targetHints":{"allow":["GET"]}}],"collection":[{"href":"https:\/\/drlbeauty.com\/hu\/wp-json\/wp\/v2\/pages"}],"about":[{"href":"https:\/\/drlbeauty.com\/hu\/wp-json\/wp\/v2\/types\/page"}],"author":[{"embeddable":true,"href":"https:\/\/drlbeauty.com\/hu\/wp-json\/wp\/v2\/users\/1"}],"replies":[{"embeddable":true,"href":"https:\/\/drlbeauty.com\/hu\/wp-json\/wp\/v2\/comments?post=32"}],"version-history":[{"count":28,"href":"https:\/\/drlbeauty.com\/hu\/wp-json\/wp\/v2\/pages\/32\/revisions"}],"predecessor-version":[{"id":3287,"href":"https:\/\/drlbeauty.com\/hu\/wp-json\/wp\/v2\/pages\/32\/revisions\/3287"}],"wp:featuredmedia":[{"embeddable":true,"href":"https:\/\/drlbeauty.com\/hu\/wp-json\/wp\/v2\/media\/555"}],"wp:attachment":[{"href":"https:\/\/drlbeauty.com\/hu\/wp-json\/wp\/v2\/media?parent=32"}],"curies":[{"name":"wp","href":"https:\/\/api.w.org\/{rel}","templated":true}]}}