{"id":900,"date":"2022-02-23T12:20:07","date_gmt":"2022-02-23T12:20:07","guid":{"rendered":"https:\/\/teszt.drlbeauty.com\/hu\/?page_id=900"},"modified":"2023-08-03T08:13:41","modified_gmt":"2023-08-03T08:13:41","slug":"marta","status":"publish","type":"page","link":"https:\/\/drlbeauty.com\/hu\/sikertortenetek\/marta\/","title":{"rendered":"M\u00e1rta"},"content":{"rendered":"\n[et_pb_section fb_built=&#8221;1&#8243; _builder_version=&#8221;4.16&#8243; _module_preset=&#8221;default&#8221; global_colors_info=&#8221;{}&#8221; custom_padding=&#8221;10px|||||&#8221;][et_pb_row _builder_version=&#8221;4.16&#8243; _module_preset=&#8221;default&#8221; custom_margin=&#8221;9px|||||&#8221; custom_padding=&#8221;|||&#8221; global_colors_info=&#8221;{}&#8221; button_text_size_tablet=&#8221;18px&#8221; button_text_size_phone=&#8221;15px&#8221; button_text_size_last_edited=&#8221;on|desktop&#8221; button_letter_spacing__hover=&#8221;2px&#8221; button_letter_spacing__hover_enabled=&#8221;on&#8221;][et_pb_column type=&#8221;4_4&#8243; _builder_version=&#8221;4.16&#8243; _module_preset=&#8221;default&#8221; global_colors_info=&#8221;{}&#8221;][et_pb_text _builder_version=&#8221;4.16&#8243; _module_preset=&#8221;default&#8221; text_font=&#8221;Open Sans||||||||&#8221; text_text_color=&#8221;rgba(0,0,0,0.82)&#8221; text_font_size=&#8221;16px&#8221; header_font=&#8221;Vollkorn||||||||&#8221; header_text_color=&#8221;rgba(0,0,0,0.81)&#8221; header_font_size=&#8221;36px&#8221; header_line_height=&#8221;1.7em&#8221; text_font_size_tablet=&#8221;15px&#8221; text_font_size_phone=&#8221;15px&#8221; text_font_size_last_edited=&#8221;on|desktop&#8221; header_font_size_tablet=&#8221;30px&#8221; header_font_size_phone=&#8221;22px&#8221; header_font_size_last_edited=&#8221;on|desktop&#8221; global_colors_info=&#8221;{}&#8221;]<p><span>&#8222;a hasam feszes, a sz\u0171k ruh\u00e1kat m\u00e1r fel tudom venni; s\u0151t sokan megdics\u00e9rnek, hogy mennyit fogytam, pedig val\u00f3j\u00e1ban nem is&#8230;&#8221;<\/span><\/p>\n<h1><span class=\"sikertortenet-cim\">M\u00e1rta sikert\u00f6rt\u00e9nete<span>\u00a0<\/span><\/span><span class=\"sikertortenet-cim\">(38 \u00e9ves)<\/span><\/h1>\n<p>A hasplasztika m\u0171t\u00e9tem nem egy hirtelen elhat\u00e1roz\u00e1s eredm\u00e9nye volt. Legal\u00e1bb h\u00e1rom \u00e9ve gy\u00f6t\u00f6rtem magamat \u00e9s sz\u0171kebb k\u00f6rnyezetemet a \u201ehatalmas has\u201d probl\u00e9m\u00e1mmal. Az igazs\u00e1g az, hogy a csal\u00e1dom \u2013 els\u0151sorban a F\u00e9rjem \u00e9s az \u00c9desany\u00e1m \u2013 nagyon meg\u00e9rt\u0151ek \u00e9s t\u00e1mogat\u00f3ak voltak; val\u00f3j\u00e1ban a d\u00f6nt\u00e9st nekem kellett meghozni, \u00e9s ez nagyon-nagyon neh\u00e9z volt.<\/p>\n<p>A t\u00f6rt\u00e9netem persze nem h\u00e1rom \u00e9ve kezd\u0151d\u00f6tt, hanem sokkal kor\u00e1bban. H\u00e1rom gyermeket sz\u00fcltem, viszonylag r\u00f6vid id\u0151k\u00f6z\u00f6kkel. Mindh\u00e1rom terhess\u00e9gn\u00e9l k\u00f6zel 30 kilogrammot h\u00edztam. Az els\u0151 k\u00e9t gyermek ut\u00e1n siker\u00fclt sz\u00e9pen visszafogyni, persze m\u00e9g \u00edgy is volt 5 kg s\u00falyt\u00f6bbletem az els\u0151 teherbees\u00e9shez k\u00e9pest, de a hasam sz\u00e9pen regener\u00e1l\u00f3dott, visszah\u00faz\u00f3dott. Ekkor m\u00e9g eg\u00e9sz norm\u00e1lisan n\u00e9ztem ki pocakt\u00e1jon. A<span>\u00a0<\/span><strong>harmadik sz\u00fcl\u00e9st k\u00f6vet\u0151en azonban m\u00e1r a hasam akkora lett<\/strong>, hogy hi\u00e1ba fogytam, a hasam akkor m\u00e9g nagyobbnak t\u0171nt.<\/p>\n<p><strong><span class=\"velemeny\">&#8222;Kimondhatatlanul zavart, hogy nem tudok csinos ruh\u00e1kba, f\u00f6ls\u0151kbe b\u00fajni; csak olyanokba, amik lebegnek rajtam, mert nem tudtam elviselni a domborod\u00f3 pocak l\u00e1tv\u00e1ny\u00e1t.&#8221;<\/span><\/strong><\/p>\n<p>Ehhez m\u00e9g hozz\u00e1j\u00e1rult az is, hogy sokan k\u00e9rdezgett\u00e9k, hogy mikor j\u00f6n a negyedik baba, gratul\u00e1lhatunk? H\u00e1t ezek a mondatok, amik j\u00f3l f\u00f6ldbe tudj\u00e1k d\u00f6ng\u00f6lni az embert.<\/p>\n<p>Elkezdtem keresg\u00e9lni az interneten zs\u00edrlesz\u00edv\u00e1s t\u00e9m\u00e1ban. Min\u00e9l t\u00f6bbet kutattam, olvastam, ann\u00e1l jobban elbizonytalanodtam. Sz\u00e1mtalan honlapot b\u00f6ng\u00e9sztem \u00e1t, rengeteg f\u00f3rumot elolvastam; m\u00e9g regisztr\u00e1ltam is, hogy el\u0151tte-ut\u00e1na k\u00e9peket tudjak n\u00e9zegetni.<br \/>Azt\u00e1n valahogy felhagytam az eg\u00e9sszel, eg\u00e9szen id\u00e9n m\u00e1rciusig. Ekkor egy fontos esem\u00e9nyre kerestem ruh\u00e1t; sokat megpr\u00f3b\u00e1ltam, de a hasam mindenhol gondot jelentett. Az elad\u00f3 h\u00f6lgyek t\u00f6bbs\u00e9ge rendk\u00edv\u00fcl diszkr\u00e9ten pr\u00f3b\u00e1lta e cs\u00f6ppnyi zavar\u00f3 t\u00e9nyez\u0151t figyelmen k\u00edv\u00fcl hagyni, \u00e9s nagy lelkesed\u00e9ssel besz\u00e9lt r\u00e1 az adott ruh\u00e1ra. Volt egy h\u00f6lgy azonban, aki csak ennyit mondott \u201eKedvesem<span>\u00a0<\/span><strong>ez a hatalmas has mindig ott lesz,<\/strong><span>\u00a0<\/span>hi\u00e1ba akar csinosan kin\u00e9zni, ezt el kell fogadnia!\u201d Mondanom sem kell ruh\u00e1t ott nem vettem, de tal\u00e1n sosem fogok. Mindenesetre t\u00e9nyleg ez a megjegyz\u00e9s volt az, ami a v\u00e9gs\u0151 elhat\u00e1roz\u00e1st meghozta n\u00e1lam.<\/p>\n<p>\u00dajra neki\u00e1lltam keresni zs\u00edrlesz\u00edv\u00e1ssal kapcsolatban, de most m\u00e1r konkr\u00e9t klinik\u00e1t, orvost kerestem. A sok doktor\u00far k\u00f6z\u00f6tt bukkantam r\u00e1 L\u00e9vay Bernadettre; nagyon \u00f6r\u00fcltem, hogy<span>\u00a0<\/span><strong>tal\u00e1ltam egy n\u0151t, egy any\u00e1t, akir\u0151l el tudtam k\u00e9pzelni, hogy \u00e1t\u00e9rzi a testi probl\u00e9m\u00e1k m\u00f6g\u00f6tt rejl\u0151 lelki bajt is<\/strong>.<br \/>Term\u00e9szetesen r\u00e1kerestem a nev\u00e9re, \u00e9s a seg\u00edt\u0151k\u00e9szs\u00e9ge, \u00f6nzetlens\u00e9ge m\u00e9g szimpatikusabb\u00e1 tette \u0151t sz\u00e1momra. Elhat\u00e1roztam elmegyek hozz\u00e1 konzult\u00e1ci\u00f3ra, hiszen mit vesz\u00edthetek? Hiszen a honlap t\u00e1j\u00e9koztat\u00e1sa alapj\u00e1n (\u00e9s val\u00f3j\u00e1ban is), a konzult\u00e1ci\u00f3 ingyenes, meg tudom a lehet\u0151s\u00e9geimet, szem\u00e9lyesen tal\u00e1lkozom a doktorn\u0151vel, l\u00e1thatom a klinik\u00e1t.<br \/>Felh\u00edvtam a megadott mobilsz\u00e1mot, amit maga a Doktorn\u0151 vett fel, \u00e9s azonnal tudtam id\u0151pontot egyeztetni vele 1 h\u00e9ttel k\u00e9s\u0151bbre. Nagyon v\u00e1rtam a tal\u00e1lkoz\u00e1st, \u00e9s nem csal\u00f3dtam. Egy energikus, k\u00f6zvetlen, hat\u00e1rozott n\u0151t ismerhettem meg L\u00e9vay Bernadett szem\u00e9ly\u00e9ben. Elmondtam neki, hogy zs\u00edrlesz\u00edv\u00e1st szeretn\u00e9k, \u0151 megvizsg\u00e1lt, \u00e9s elmagyar\u00e1zta, hogy a zs\u00edrlesz\u00edv\u00e1s \u00f6nmag\u00e1ban nem oldan\u00e1 meg a probl\u00e9m\u00e1mat, mert sajnos a k\u00e9t hasizmom is elt\u00e1volodott egym\u00e1st\u00f3l, ami k\u00e9s\u0151bb ak\u00e1r s\u00e9rvet is okozhat. Hasplasztik\u00e1ra van sz\u00fcks\u00e9g \u2013 mondta. R\u00e9szletesen ismertette a m\u0171t\u00e9t menet\u00e9t, az el\u0151tte \u00e9s ut\u00e1na id\u0151szak jellemz\u0151it, berajzolta a hasamon a m\u0171t\u00e9ti folyamatot. B\u00facs\u00fazol csak annyit mondott: \u201eSz\u00e9p lesz, megl\u00e1tod! Gondold \u00e1t, \u00e9s jelentkezz!\u201d<\/p>\n<p>\u00c9s \u00e9n \u00e1tgondoltam azon az est\u00e9n, eld\u00f6nt\u00f6ttem, hogy akarom, hogy norm\u00e1lisan n\u00e9zzek ki, akarom a m\u0171t\u00e9tet \u00e9s v\u00e1llalok minden kellemetlens\u00e9get, neh\u00e9zs\u00e9get. M\u00e1snap m\u00e1r megvolt az id\u0151pont a m\u0171t\u00e9tre, addig is \u00e9s a m\u0171t\u00e9t ut\u00e1n is<span>\u00a0<\/span><strong>Doktorn\u0151vel folyamatosan tartottuk a kapcsolatot e-mailben<\/strong>, b\u00e1rmi k\u00e9rd\u00e9sem volt, gyorsan kaptam r\u00e1 v\u00e1laszt.<br \/>N\u00e9h\u00e1ny sz\u00f3 a \u201ekellemetlens\u00e9gekr\u0151l\u201d: a m\u0171t\u00e9tet megel\u0151z\u0151en n\u00e9h\u00e1ny vizsg\u00e1lat elv\u00e9geztet\u00e9s\u00e9re sz\u00fcks\u00e9g van: v\u00e9rv\u00e9tel, EKG, mellkasr\u00f6ntgen, hasi ultrahang.\u00a0 Ezekkel a leletekkel kell a m\u0171t\u00e9t el\u0151tt megjelenni.<br \/>Elj\u00f6tt az a bizonyos m\u0171t\u00e9ti nap, nagyon izgultam el\u0151tte; de olyan gyorsan peregtek az esem\u00e9nyek, hogy amikor m\u00e1r bent voltam a klinik\u00e1n, nem foglalkoztam az izgalommal. Megkaptam a szob\u00e1mat, elrendeztem a b\u0151r\u00f6nd\u00f6met; kicsit v\u00e1rakoztam, \u00e9s m\u00e1r vittek is a m\u0171t\u0151be. Mivel ez altat\u00e1sos m\u0171t\u00e9t, csak arra eml\u00e9kszem, hogy keltegetnek, \u00e9n \u00e9ppen egy csodasz\u00e9p z\u00f6ld dombon toltam egy babakocsit, nagyon kellemes \u00e9rz\u00e9s volt; majd szorosan r\u00e1m tekert\u00e9k a hask\u00f6t\u0151t.<\/p>\n<p><strong><span class=\"velemeny\">&#8222;a seb sz\u00e9pen gy\u00f3gyult, \u00e9s ez er\u0151t adott&#8221;<\/span><\/strong><\/p>\n<p>Ezut\u00e1n m\u00e9g sok\u00e1ig aludtam a szob\u00e1mban, \u00e9s h\u00e1t amire \u00e9bredtem az minden volt, csak nem kellemes. Nagyon fesz\u00edtett a hasam, nem tudtam egyed\u00fcl felkelni, csak a n\u0151v\u00e9r seg\u00edts\u00e9g\u00e9vel. \u00c9s h\u00e1t kil\u00f3gott az a k\u00e9t hossz\u00fa cs\u0151 alul. Ekkor tudatosult bennem, hogy ez nem kis dolog ez t\u00e9nyleg egy M\u0170T\u00c9T! Nem tudtam kiegyenesedni, de m\u00e1sodszorra m\u00e1r egyed\u00fcl keltem fel az \u00e1gyb\u00f3l, \u00e9s jobban ment a mosd\u00f3ba s\u00e9t\u00e1l\u00e1s is. \u00c9s ez a fokozatoss\u00e1g az eg\u00e9sz gy\u00f3gyul\u00e1si folyamatra jellemz\u0151 volt. Visszat\u00e9rve a klinik\u00e1n t\u00f6lt\u00f6tt est\u00e9re, nem voltak f\u00e1jdalmaim, t\u00e9nyleg csak a fesz\u00edt\u0151 \u00e9rz\u00e9st tudom eml\u00edteni; m\u00e1snap d\u00e9lben j\u00f6tt Doktorn\u0151, megn\u00e9zett, meg\u00edrta a z\u00e1r\u00f3jelent\u00e9st, elmondta, hogy mire sz\u00e1m\u00edthatok, hogyan kezeljem magamat otthon. Elhagyhattam a klinik\u00e1t, de a k\u00e9t cs\u0151 velem j\u00f6tt. Egy h\u00e9tig \u00e1lland\u00f3 seg\u00edts\u00e9gemre volt egy kedves bar\u00e1tn\u0151m, aki mosdatott (mert bizony ez az elej\u00e9n egyed\u00fcl nem nagyon megy), ell\u00e1tta a h\u00e1ztart\u00e1st, \u00e9s legf\u0151k\u00e9ppen tartotta bennem a lelket. Mert bizony sokszor neh\u00e9z volt, legink\u00e1bb a tehetetlens\u00e9g, a kiszolg\u00e1ltatotts\u00e1g \u00e9rz\u00e9s\u00e9t meg\u00e9lni. De<span>\u00a0<\/span><strong>a seb sz\u00e9pen gy\u00f3gyult, \u00e9s ez er\u0151t adott<\/strong>. Hat h\u00e9tig nem emeltem, nem vezettem, minden utas\u00edt\u00e1st betartottam. Semmilyen komplik\u00e1ci\u00f3 nem l\u00e9pett fel, most m\u00e1r a hegem is sz\u00e9pen halv\u00e1nyodik;<span>\u00a0<\/span><strong>a hasam feszes, a sz\u0171k ruh\u00e1kat m\u00e1r fel tudom venni; s\u0151t sokan megdics\u00e9rnek<\/strong>, hogy mennyit fogytam, pedig val\u00f3j\u00e1ban nem is&#8230;<\/p>\n<p>Minden f\u00e1jdalom, neh\u00e9zs\u00e9g, k\u00f6nny ellen\u00e9re nem b\u00e1ntam meg a m\u0171t\u00e9tet, \u00fajracsin\u00e1ln\u00e1m, ilyen eredm\u00e9nyre sz\u00e1m\u00edtottam, el\u00e9gedett vagyok.<span>\u00a0<\/span><strong>Csak azt b\u00e1nom, hogy ennyi \u00e9vig halogattam a d\u00f6nt\u00e9st!<\/strong><\/p>\n<p><strong>K\u00f6sz\u00f6nj\u00fck M\u00e1rt\u00e1nak, hogy megosztotta vel\u00fcnk t\u00f6rt\u00e9net\u00e9t \u00e9s v\u00e9lem\u00e9ny\u00e9t!<\/strong><\/p>[\/et_pb_text][et_pb_button button_url=&#8221;https:\/\/drlbeauty.com\/hu\/referencia\/sikertortenetek\/&#8221; button_text=&#8221;Tov\u00e1bbi sikert\u00f6rt\u00e9netek&#8221; button_alignment=&#8221;left&#8221; _builder_version=&#8221;4.17.1&#8243; _module_preset=&#8221;default&#8221; custom_button=&#8221;on&#8221; button_text_size=&#8221;17px&#8221; button_text_color=&#8221;#FFFFFF&#8221; button_bg_color=&#8221;#9a63b7&#8243; button_border_color=&#8221;RGBA(255,255,255,0)&#8221; button_border_radius=&#8221;100px&#8221; button_font=&#8221;Raleway||||||||&#8221; background_layout=&#8221;dark&#8221; custom_margin=&#8221;9px|||||&#8221; custom_padding=&#8221;|||&#8221; hover_enabled=&#8221;0&#8243; button_text_size_tablet=&#8221;16px&#8221; button_text_size_phone=&#8221;15px&#8221; button_text_size_last_edited=&#8221;on|desktop&#8221; global_colors_info=&#8221;{}&#8221; button_letter_spacing__hover=&#8221;2px&#8221; button_letter_spacing__hover_enabled=&#8221;on&#8221; sticky_enabled=&#8221;0&#8243; button_bg_enable_color=&#8221;on&#8221;][\/et_pb_button][\/et_pb_column][\/et_pb_row][\/et_pb_section]\n","protected":false},"excerpt":{"rendered":"<p>&#8222;a hasam feszes, a sz\u0171k ruh\u00e1kat m\u00e1r fel tudom venni; s\u0151t sokan megdics\u00e9rnek, hogy mennyit fogytam, pedig val\u00f3j\u00e1ban nem is&#8230;&#8221; M\u00e1rta sikert\u00f6rt\u00e9nete\u00a0(38 \u00e9ves) A hasplasztika m\u0171t\u00e9tem nem egy hirtelen elhat\u00e1roz\u00e1s eredm\u00e9nye volt. Legal\u00e1bb h\u00e1rom \u00e9ve gy\u00f6t\u00f6rtem magamat \u00e9s sz\u0171kebb k\u00f6rnyezetemet a \u201ehatalmas has\u201d probl\u00e9m\u00e1mmal. Az igazs\u00e1g az, hogy a csal\u00e1dom \u2013 els\u0151sorban a F\u00e9rjem \u00e9s [&hellip;]<\/p>\n","protected":false},"author":1,"featured_media":0,"parent":844,"menu_order":0,"comment_status":"closed","ping_status":"closed","template":"","meta":{"_et_pb_use_builder":"on","_et_pb_old_content":"<!-- wp:divi\/placeholder \/-->","_et_gb_content_width":"","footnotes":""},"class_list":["post-900","page","type-page","status-publish","hentry"],"yoast_head":"<!-- This site is optimized with the Yoast SEO plugin v26.8 - https:\/\/yoast.com\/product\/yoast-seo-wordpress\/ -->\n<title>M\u00e1rta - dr LBeauty Plasztikai Seb\u00e9szet<\/title>\n<meta name=\"robots\" content=\"index, follow, max-snippet:-1, max-image-preview:large, max-video-preview:-1\" \/>\n<link rel=\"canonical\" href=\"https:\/\/drlbeauty.com\/hu\/sikertortenetek\/marta\/\" \/>\n<meta property=\"og:locale\" content=\"hu_HU\" \/>\n<meta property=\"og:type\" content=\"article\" \/>\n<meta property=\"og:title\" content=\"M\u00e1rta - dr LBeauty Plasztikai Seb\u00e9szet\" \/>\n<meta property=\"og:description\" content=\"&quot;a hasam feszes, a sz\u0171k ruh\u00e1kat m\u00e1r fel tudom venni; s\u0151t sokan megdics\u00e9rnek, hogy mennyit fogytam, pedig val\u00f3j\u00e1ban nem is...&quot; M\u00e1rta sikert\u00f6rt\u00e9nete\u00a0(38 \u00e9ves) A hasplasztika m\u0171t\u00e9tem nem egy hirtelen elhat\u00e1roz\u00e1s eredm\u00e9nye volt. Legal\u00e1bb h\u00e1rom \u00e9ve gy\u00f6t\u00f6rtem magamat \u00e9s sz\u0171kebb k\u00f6rnyezetemet a \u201ehatalmas has\u201d probl\u00e9m\u00e1mmal. Az igazs\u00e1g az, hogy a csal\u00e1dom \u2013 els\u0151sorban a F\u00e9rjem \u00e9s [&hellip;]\" \/>\n<meta property=\"og:url\" content=\"https:\/\/drlbeauty.com\/hu\/sikertortenetek\/marta\/\" \/>\n<meta property=\"og:site_name\" content=\"dr LBeauty Plasztikai Seb\u00e9szet\" \/>\n<meta property=\"article:modified_time\" content=\"2023-08-03T08:13:41+00:00\" \/>\n<meta name=\"twitter:card\" content=\"summary_large_image\" \/>\n<meta name=\"twitter:label1\" content=\"Becs\u00fclt olvas\u00e1si id\u0151\" \/>\n\t<meta name=\"twitter:data1\" content=\"6 perc\" \/>\n<script type=\"application\/ld+json\" class=\"yoast-schema-graph\">{\"@context\":\"https:\/\/schema.org\",\"@graph\":[{\"@type\":\"WebPage\",\"@id\":\"https:\/\/drlbeauty.com\/hu\/sikertortenetek\/marta\/\",\"url\":\"https:\/\/drlbeauty.com\/hu\/sikertortenetek\/marta\/\",\"name\":\"M\u00e1rta - dr LBeauty Plasztikai Seb\u00e9szet\",\"isPartOf\":{\"@id\":\"https:\/\/drlbeauty.com\/hu\/#website\"},\"datePublished\":\"2022-02-23T12:20:07+00:00\",\"dateModified\":\"2023-08-03T08:13:41+00:00\",\"breadcrumb\":{\"@id\":\"https:\/\/drlbeauty.com\/hu\/sikertortenetek\/marta\/#breadcrumb\"},\"inLanguage\":\"hu\",\"potentialAction\":[{\"@type\":\"ReadAction\",\"target\":[\"https:\/\/drlbeauty.com\/hu\/sikertortenetek\/marta\/\"]}]},{\"@type\":\"BreadcrumbList\",\"@id\":\"https:\/\/drlbeauty.com\/hu\/sikertortenetek\/marta\/#breadcrumb\",\"itemListElement\":[{\"@type\":\"ListItem\",\"position\":1,\"name\":\"Kezd\u0151lap\",\"item\":\"https:\/\/drlbeauty.com\/hu\/\"},{\"@type\":\"ListItem\",\"position\":2,\"name\":\"Sikert\u00f6rt\u00e9netek\",\"item\":\"https:\/\/drlbeauty.com\/hu\/sikertortenetek\/\"},{\"@type\":\"ListItem\",\"position\":3,\"name\":\"M\u00e1rta\"}]},{\"@type\":\"WebSite\",\"@id\":\"https:\/\/drlbeauty.com\/hu\/#website\",\"url\":\"https:\/\/drlbeauty.com\/hu\/\",\"name\":\"dr LBeauty Plasztikai Seb\u00e9szet\",\"description\":\"My WordPress Blog\",\"publisher\":{\"@id\":\"https:\/\/drlbeauty.com\/hu\/#\/schema\/person\/21f1e9bac1ad5d5c110e02de659b156c\"},\"potentialAction\":[{\"@type\":\"SearchAction\",\"target\":{\"@type\":\"EntryPoint\",\"urlTemplate\":\"https:\/\/drlbeauty.com\/hu\/?s={search_term_string}\"},\"query-input\":{\"@type\":\"PropertyValueSpecification\",\"valueRequired\":true,\"valueName\":\"search_term_string\"}}],\"inLanguage\":\"hu\"},{\"@type\":[\"Person\",\"Organization\"],\"@id\":\"https:\/\/drlbeauty.com\/hu\/#\/schema\/person\/21f1e9bac1ad5d5c110e02de659b156c\",\"name\":\"Dr. L\u00e9vay Bernadett\",\"image\":{\"@type\":\"ImageObject\",\"inLanguage\":\"hu\",\"@id\":\"https:\/\/drlbeauty.com\/hu\/#\/schema\/person\/image\/\",\"url\":\"https:\/\/drlbeauty.com\/hu\/wp-content\/uploads\/2022\/02\/cropped-drlbeauty-weblogo.png\",\"contentUrl\":\"https:\/\/drlbeauty.com\/hu\/wp-content\/uploads\/2022\/02\/cropped-drlbeauty-weblogo.png\",\"width\":512,\"height\":512,\"caption\":\"Dr. L\u00e9vay Bernadett\"},\"logo\":{\"@id\":\"https:\/\/drlbeauty.com\/hu\/#\/schema\/person\/image\/\"},\"sameAs\":[\"https:\/\/drlbeauty.com\/hu\"]}]}<\/script>\n<!-- \/ Yoast SEO plugin. -->","yoast_head_json":{"title":"M\u00e1rta - dr LBeauty Plasztikai Seb\u00e9szet","robots":{"index":"index","follow":"follow","max-snippet":"max-snippet:-1","max-image-preview":"max-image-preview:large","max-video-preview":"max-video-preview:-1"},"canonical":"https:\/\/drlbeauty.com\/hu\/sikertortenetek\/marta\/","og_locale":"hu_HU","og_type":"article","og_title":"M\u00e1rta - dr LBeauty Plasztikai Seb\u00e9szet","og_description":"\"a hasam feszes, a sz\u0171k ruh\u00e1kat m\u00e1r fel tudom venni; s\u0151t sokan megdics\u00e9rnek, hogy mennyit fogytam, pedig val\u00f3j\u00e1ban nem is...\" M\u00e1rta sikert\u00f6rt\u00e9nete\u00a0(38 \u00e9ves) A hasplasztika m\u0171t\u00e9tem nem egy hirtelen elhat\u00e1roz\u00e1s eredm\u00e9nye volt. Legal\u00e1bb h\u00e1rom \u00e9ve gy\u00f6t\u00f6rtem magamat \u00e9s sz\u0171kebb k\u00f6rnyezetemet a \u201ehatalmas has\u201d probl\u00e9m\u00e1mmal. Az igazs\u00e1g az, hogy a csal\u00e1dom \u2013 els\u0151sorban a F\u00e9rjem \u00e9s [&hellip;]","og_url":"https:\/\/drlbeauty.com\/hu\/sikertortenetek\/marta\/","og_site_name":"dr LBeauty Plasztikai Seb\u00e9szet","article_modified_time":"2023-08-03T08:13:41+00:00","twitter_card":"summary_large_image","twitter_misc":{"Becs\u00fclt olvas\u00e1si id\u0151":"6 perc"},"schema":{"@context":"https:\/\/schema.org","@graph":[{"@type":"WebPage","@id":"https:\/\/drlbeauty.com\/hu\/sikertortenetek\/marta\/","url":"https:\/\/drlbeauty.com\/hu\/sikertortenetek\/marta\/","name":"M\u00e1rta - dr LBeauty Plasztikai Seb\u00e9szet","isPartOf":{"@id":"https:\/\/drlbeauty.com\/hu\/#website"},"datePublished":"2022-02-23T12:20:07+00:00","dateModified":"2023-08-03T08:13:41+00:00","breadcrumb":{"@id":"https:\/\/drlbeauty.com\/hu\/sikertortenetek\/marta\/#breadcrumb"},"inLanguage":"hu","potentialAction":[{"@type":"ReadAction","target":["https:\/\/drlbeauty.com\/hu\/sikertortenetek\/marta\/"]}]},{"@type":"BreadcrumbList","@id":"https:\/\/drlbeauty.com\/hu\/sikertortenetek\/marta\/#breadcrumb","itemListElement":[{"@type":"ListItem","position":1,"name":"Kezd\u0151lap","item":"https:\/\/drlbeauty.com\/hu\/"},{"@type":"ListItem","position":2,"name":"Sikert\u00f6rt\u00e9netek","item":"https:\/\/drlbeauty.com\/hu\/sikertortenetek\/"},{"@type":"ListItem","position":3,"name":"M\u00e1rta"}]},{"@type":"WebSite","@id":"https:\/\/drlbeauty.com\/hu\/#website","url":"https:\/\/drlbeauty.com\/hu\/","name":"dr LBeauty Plasztikai Seb\u00e9szet","description":"My WordPress Blog","publisher":{"@id":"https:\/\/drlbeauty.com\/hu\/#\/schema\/person\/21f1e9bac1ad5d5c110e02de659b156c"},"potentialAction":[{"@type":"SearchAction","target":{"@type":"EntryPoint","urlTemplate":"https:\/\/drlbeauty.com\/hu\/?s={search_term_string}"},"query-input":{"@type":"PropertyValueSpecification","valueRequired":true,"valueName":"search_term_string"}}],"inLanguage":"hu"},{"@type":["Person","Organization"],"@id":"https:\/\/drlbeauty.com\/hu\/#\/schema\/person\/21f1e9bac1ad5d5c110e02de659b156c","name":"Dr. L\u00e9vay Bernadett","image":{"@type":"ImageObject","inLanguage":"hu","@id":"https:\/\/drlbeauty.com\/hu\/#\/schema\/person\/image\/","url":"https:\/\/drlbeauty.com\/hu\/wp-content\/uploads\/2022\/02\/cropped-drlbeauty-weblogo.png","contentUrl":"https:\/\/drlbeauty.com\/hu\/wp-content\/uploads\/2022\/02\/cropped-drlbeauty-weblogo.png","width":512,"height":512,"caption":"Dr. L\u00e9vay Bernadett"},"logo":{"@id":"https:\/\/drlbeauty.com\/hu\/#\/schema\/person\/image\/"},"sameAs":["https:\/\/drlbeauty.com\/hu"]}]}},"_links":{"self":[{"href":"https:\/\/drlbeauty.com\/hu\/wp-json\/wp\/v2\/pages\/900","targetHints":{"allow":["GET"]}}],"collection":[{"href":"https:\/\/drlbeauty.com\/hu\/wp-json\/wp\/v2\/pages"}],"about":[{"href":"https:\/\/drlbeauty.com\/hu\/wp-json\/wp\/v2\/types\/page"}],"author":[{"embeddable":true,"href":"https:\/\/drlbeauty.com\/hu\/wp-json\/wp\/v2\/users\/1"}],"replies":[{"embeddable":true,"href":"https:\/\/drlbeauty.com\/hu\/wp-json\/wp\/v2\/comments?post=900"}],"version-history":[{"count":5,"href":"https:\/\/drlbeauty.com\/hu\/wp-json\/wp\/v2\/pages\/900\/revisions"}],"predecessor-version":[{"id":2931,"href":"https:\/\/drlbeauty.com\/hu\/wp-json\/wp\/v2\/pages\/900\/revisions\/2931"}],"up":[{"embeddable":true,"href":"https:\/\/drlbeauty.com\/hu\/wp-json\/wp\/v2\/pages\/844"}],"wp:attachment":[{"href":"https:\/\/drlbeauty.com\/hu\/wp-json\/wp\/v2\/media?parent=900"}],"curies":[{"name":"wp","href":"https:\/\/api.w.org\/{rel}","templated":true}]}}