{"id":909,"date":"2022-02-23T12:30:37","date_gmt":"2022-02-23T12:30:37","guid":{"rendered":"https:\/\/teszt.drlbeauty.com\/hu\/?page_id=909"},"modified":"2023-08-03T08:10:45","modified_gmt":"2023-08-03T08:10:45","slug":"emese","status":"publish","type":"page","link":"https:\/\/drlbeauty.com\/hu\/sikertortenetek\/emese\/","title":{"rendered":"Emese"},"content":{"rendered":"\n[et_pb_section fb_built=&#8221;1&#8243; _builder_version=&#8221;4.14.8&#8243; _module_preset=&#8221;default&#8221; global_colors_info=&#8221;{}&#8221; theme_builder_area=&#8221;post_content&#8221;][et_pb_row _builder_version=&#8221;4.14.8&#8243; _module_preset=&#8221;default&#8221; custom_margin=&#8221;9px|||||&#8221; custom_padding=&#8221;|||&#8221; global_colors_info=&#8221;{}&#8221; button_text_size_tablet=&#8221;18px&#8221; button_text_size_phone=&#8221;15px&#8221; button_text_size_last_edited=&#8221;on|desktop&#8221; button_letter_spacing__hover=&#8221;2px&#8221; button_letter_spacing__hover_enabled=&#8221;on&#8221; theme_builder_area=&#8221;post_content&#8221;][et_pb_column type=&#8221;4_4&#8243; _builder_version=&#8221;4.14.8&#8243; _module_preset=&#8221;default&#8221; global_colors_info=&#8221;{}&#8221; theme_builder_area=&#8221;post_content&#8221;][et_pb_text _builder_version=&#8221;4.14.8&#8243; _module_preset=&#8221;default&#8221; text_font=&#8221;Open Sans||||||||&#8221; text_text_color=&#8221;rgba(0,0,0,0.82)&#8221; text_font_size=&#8221;16px&#8221; header_font=&#8221;Vollkorn||||||||&#8221; header_text_color=&#8221;rgba(0,0,0,0.81)&#8221; header_font_size=&#8221;36px&#8221; header_line_height=&#8221;1.7em&#8221; hover_enabled=&#8221;0&#8243; text_font_size_tablet=&#8221;15px&#8221; text_font_size_phone=&#8221;15px&#8221; text_font_size_last_edited=&#8221;on|desktop&#8221; header_font_size_tablet=&#8221;30px&#8221; header_font_size_phone=&#8221;22px&#8221; header_font_size_last_edited=&#8221;on|desktop&#8221; global_colors_info=&#8221;{}&#8221; theme_builder_area=&#8221;post_content&#8221; sticky_enabled=&#8221;0&#8243;]<p><span>&#8222;Minden n\u0151nek lehet\u0151s\u00e9get k\u00e9ne kapnia a harm\u00f3ni\u00e1ra, az \u00f6nbecs\u00fcl\u00e9sre, a saj\u00e1t maguk kiteljesed\u00e9s\u00e9re.&#8221;<\/span><\/p>\n<h1><span class=\"sikertortenet-cim\">Emese sikert\u00f6rt\u00e9nete<span>\u00a0<\/span><\/span><span class=\"sikertortenet-cim\">(31 \u00e9ves)<\/span><\/h1>\n<p><strong>Vajon mi k\u00e9sztet egy n\u0151t arra, hogy plasztikai seb\u00e9szhez forduljon? Hi\u00fas\u00e1g? Elkeseredetts\u00e9g? Mag\u00e1nak vagy tal\u00e1n m\u00e1snak val\u00f3 megfelel\u00e9si v\u00e1gy? A tehetetlens\u00e9g \u00e9rz\u00e9se? A csal\u00f3dotts\u00e1g, hogy nem k\u00e9pes \u201ecsup\u00e1n\u201d \u00f6ner\u0151b\u0151l v\u00e1ltoztatni mag\u00e1n? A k\u00e9nyszer? Eg\u00e9szs\u00e9g\u00fcgyi okok? Az \u00e9rv\u00e9nyes\u00fcl\u00e9s lehet\u0151s\u00e9ge?<\/strong><\/p>\n<p>Mindenkit m\u00e1s vez\u00e9rel, az \u00e9n esetemben tal\u00e1n a fentiek \u00f6sszess\u00e9ge.<\/p>\n<p>Mindig is ducibb l\u00e1ny voltam, markolhat\u00f3 idomokkal. Egy cseppet sem zavart, \u00f6nbizalommal teli, boldog kamaszkorom volt, a f\u00e9rjemet is \u201et\u00f6lt\u00f6tt galambk\u00e9nt\u201d ismertem meg. A gyerekkoromra nem volt jellemz\u0151 a reformkonyha, a sal\u00e1t\u00e1t nem igaz\u00e1n ismert\u00fck. Az eg\u00e9szs\u00e9ges \u00e9letm\u00f3dhoz vezet\u0151 hossz\u00fa \u00faton a f\u0151iskola egy\u00e9rtelm\u0171en zs\u00e1kutca volt. Az \u00e9vekig tart\u00f3 \u00f6ssze-vissza ev\u00e9s, a bulik \u00e9s a gyorskaj\u00e1k ahhoz vezettek, hogy m\u00e1r 68 kil\u00f3san \u00e1lltam az olt\u00e1r el\u00e9. Akkor m\u00e1r kezdtem rosszul \u00e9rezni magam a b\u0151r\u00f6mben, de nem el\u00e9gg\u00e9 ahhoz, hogy tegyek is valamit ellene. Az els\u0151 gyermekemn\u00e9l 78 kil\u00f3val kezdtem el a terhess\u00e9get, a 9 h\u00f3nap v\u00e9g\u00e9re el\u00e9rtem a 93 kil\u00f3t. A<span>\u00a0<\/span><strong>sz\u00fcl\u00e9s ut\u00e1n m\u00e1r tudtam, hogy \u00edgy nem fogok tudni anyak\u00e9nt helyt\u00e1llni, ha nem vagyok el\u00e9gedettebb magammal<\/strong>. Az elhat\u00e1roz\u00e1s megvolt, elkezd\u0151d\u00f6tt egy \u00faj korszak az \u00e9letemben. Az els\u0151 f\u00e9l \u00e9vet legink\u00e1bb az inform\u00e1ci\u00f3szerz\u00e9s tette ki, hiszen semmi kiindul\u00e1si pontom nem volt a helyes t\u00e1pl\u00e1lkoz\u00e1st, mozg\u00e1st illet\u0151en. Szerencs\u00e9re a szoptat\u00e1s sor\u00e1n gyorsan \u00e9s l\u00e1tv\u00e1nyosan olvadtak le r\u00f3lam a kil\u00f3k. A folyamatot az is seg\u00edtette, hogy a kisfiam ig\u00e9nyeit figyelembe v\u00e9ve f\u0151ztem, ami igencsak eg\u00e9szs\u00e9gesnek volt mondhat\u00f3. Id\u0151vel a heti egy mozg\u00e1s is be\u00e9p\u00fclt az \u00e9letembe. Alig t\u00f6bb mint egy \u00e9v alatt 55 kil\u00f3ra fogytam le.<span>\u00a0<\/span><strong>A testem \u00f3ri\u00e1si ig\u00e9nybev\u00e9telnek volt kit\u00e9ve a terhess\u00e9g alatt \u00e9s ut\u00e1n, a 40 kil\u00f3s s\u00falyingadoz\u00e1s, az \u00e9letvitel \u00e9s a helytelen t\u00e1pl\u00e1lkoz\u00e1s t\u00f6nkretette a b\u0151r\u00f6met.<\/strong><span>\u00a0<\/span>A terhess\u00e9g sor\u00e1n a k\u00f6ld\u00f6k\u00f6m f\u00f6l\u00e9 \u00e9r\u0151, vastag \u00e9s m\u00e9ly stri\u00e1k alakultak ki, melyek az eg\u00e9sz alhasamon \u00e9s a combom bels\u0151 fel\u00e9n is v\u00e9gigfutottak. A melleim az eredeti C kos\u00e1rb\u00f3l D-re duzzadt a szoptat\u00e1s alatt, b\u00e1r ez nem b\u00e1ntott kicsit sem, tejem volt b\u0151ven, \u00e9s a telt keblek kifejezetten tetszettek.<\/p>\n<p>B\u00e1r a fogy\u00e1s nem egyik napr\u00f3l a m\u00e1sikra t\u00f6rt\u00e9nt,<span>\u00a0<\/span><strong>a b\u0151r\u00f6m k\u00e9ptelen volt k\u00f6vetni a v\u00e1ltoz\u00e1st<\/strong>. Kifogytam bel\u0151le. Ennek ellen\u00e9re ez akkor m\u00e9g az\u00e9rt nem zavart annyira, mert a fogy\u00e1s okozta \u00f6r\u00f6m er\u0151s volt. Elkezdtem komolyabban edzeni, m\u00e9g ink\u00e1bb odafigyelni a t\u00e1pl\u00e1lkoz\u00e1sra, hogy saj\u00e1t \u00f6ner\u0151b\u0151l alak\u00edthassam a testem, feszes\u00edtsem a b\u0151r\u00f6m. Annak ellen\u00e9re, hogy a m\u00e1sodik terhess\u00e9gem sor\u00e1n rengeteget h\u00edztam, 4-5 h\u00f3nap alatt visszanyertem a terhess\u00e9g el\u0151tti alakomat, ism\u00e9t 55-57 kil\u00f3 voltam. De sajnos a meztelen val\u00f3s\u00e1g nagyon elkeser\u00edt\u0151 volt.<span>\u00a0<\/span><strong>Kiny\u00falt, l\u00f3g\u00f3 b\u0151r a hason, a mellek hely\u00e9n meg k\u00e9t \u00fcres tejeszacsk\u00f3, ami \u00f6n\u00e1ll\u00f3 \u00e9letet \u00e9lt, a melltart\u00f3b\u00f3l kibuggyant<\/strong>, oldalt fekve r\u00e1k\u00f6ny\u00f6k\u00f6ltek a gyerekek, \u00e9s olyan lapos volt, hogy fel lehetett volna tekerni palacsint\u00e1nak. A helyzet a szoptat\u00e1s v\u00e9ge fel\u00e9 (1 \u00e9v ut\u00e1n) m\u00e9g borzalmasabb lett.<span>\u00a0<\/span><strong>A melleimb\u0151l csak k\u00e9t b\u0151rtasak maradt<\/strong>. V\u00e9kony voltam, ruh\u00e1ban csinosnak mondhat\u00f3, de ugyanakkor a t\u00fck\u00f6r el\u0151tt \u00e1llva s\u00edrhatn\u00e9kom volt.<span>\u00a0<\/span><strong>Jobban oda kellett figyelni az \u00f6lt\u00f6zk\u00f6d\u00e9sre, mint duci koromban<\/strong>, hogy eltakarjam a b\u0151rt a hasamon, \u00e9s kord\u00e1ban tartsam a kis tasakjaimat.<span>\u00a0<\/span><strong>Egy\u00e1ltal\u00e1n nem voltam boldog<\/strong>. Elj\u00f6tt az a pont az \u00e9letemben, hogy komolyan elgondolkodtam; vagy ezzel \u00e9lek egy\u00fctt tov\u00e1bb, \u00e9s 30 \u00e9vesen p\u00f3l\u00f3ban szeretkezek a f\u00e9rjemmel, \u00e9s ker\u00fcl\u00f6m a t\u00fckr\u00f6t, vagy ut\u00e1na j\u00e1rok a lehet\u0151s\u00e9geknek.<\/p>\n<p>Az zavart a legink\u00e1bb, hogy mindent megtettem az\u00e9rt, hogy eg\u00e9szs\u00e9ges \u00e9s csinos legyek,<span>\u00a0<\/span><strong>de egy ponton t\u00fal b\u00e1rmennyit sportoltam, edzettem, semmi sem haszn\u00e1lt, a visszamaradt b\u0151rt nem tudtam elt\u00fcntetni.<\/strong><span>\u00a0<\/span>Nem voltam k\u00e9pes tov\u00e1bb alak\u00edtani, v\u00e1ltoztatni a testemen. Ez a tehetetlens\u00e9g vezetett od\u00e1ig, hogy felvetettem a f\u00e9rjemnek a gondolatot; plasztikai seb\u00e9szhez forduln\u00e9k. Tartottam a reakci\u00f3j\u00e1t\u00f3l, de sz\u00fcks\u00e9gem volt a v\u00e9lem\u00e9ny\u00e9re, hiszen magam is bizonytalan voltam. Annyi k\u00e9rd\u00e9s, agg\u00e1ly, k\u00e9tely mer\u00fclt fel bennem. Neh\u00e9z volt a sztereot\u00edpi\u00e1kt\u00f3l elvonatkoztatni.<\/p>\n<p>A f\u00e9rjemmel t\u00f6rt\u00e9nt besz\u00e9lget\u00e9s nagyon megnyugtatott, \u00e9s meger\u0151s\u00edtette az elhat\u00e1roz\u00e1somat. Hozz\u00e1teszem, hogy az \u00e9n f\u00e9rjem soha \u201enem l\u00e1tta\u201d azokat a stri\u00e1kat, a l\u00f3g\u00f3 hasb\u0151rt \u00e9s a l\u00f3g\u00f3 melleimet, nem l\u00e1tott cs\u00fany\u00e1bbnak, soha nem tett egyetlen negat\u00edv megjegyz\u00e9st sem. \u0150 teljesen elfogadta azt a testet, ami lett, annak ellen\u00e9re, hogy teljesen m\u00e1s volt, mint a megismerked\u00e9s\u00fcnkkor. H\u00e1t k\u00e9rem ez az igazi szerelem, b\u00e1rmilyen v\u00e1ltoz\u00e1son mentem kereszt\u00fcl testileg \u00e9s lelkileg, \u0151 mindig mellettem volt\/van.<\/p>\n<p><strong>\u00a0<span class=\"velemeny\">&#8222;A f\u00e9rjem nem b\u00e1tor\u00edtott \u00e9s b\u00edztatott egy\u00e9rtelm\u0171en, nem volt ellene hat\u00e1rozottan, hanem hagyta, hogy \u00e9n d\u00f6ntsek err\u0151l, \u00e9s biztos\u00edtott a t\u00e1mogat\u00e1s\u00e1r\u00f3l. Pont erre volt sz\u00fcks\u00e9gem. Tudta, hogy mit jelent ez nekem, \u00e9s hogy mennyire frusztr\u00e1l a kin\u00e9zetem.&#8221;<\/span><\/strong><\/p>\n<p>\u00a0Az els\u0151 k\u00e9rd\u00e9s az volt, hogy csak mellm\u0171t\u00e9t legyen vagy has is? Lehet-e a kett\u0151t egyszerre egy\u00e1ltal\u00e1n? A melleimet felvarrni is kell vagy \u201ecsak\u201d kit\u00f6lteni sz\u00fcks\u00e9ges? T\u00fcrelmetlen ember l\u00e9v\u00e9n m\u00e1r m\u00e1snap m\u0171t\u00e9tre mentem volna, annyira feler\u0151s\u00f6d\u00f6tt bennem a v\u00e1gy, a v\u00e1ltoz\u00e1s lehet\u0151s\u00e9ge. \u00c1m ez egy nem kis anyagi vonzattal j\u00e1r\u00f3, \u00e9letre sz\u00f3l\u00f3 d\u00f6nt\u00e9s, ami alapos k\u00f6r\u00fcltekint\u00e9st \u00e9s megfontol\u00e1st ig\u00e9nyel. Elkezdtem az inform\u00e1ci\u00f3gy\u0171jt\u00e9st, t\u00e1j\u00e9koz\u00f3d\u00e1st, konzult\u00e1ci\u00f3s id\u0151pontok szervez\u00e9s\u00e9t.<\/p>\n<p>A Budai Eszt\u00e9tikai K\u00f6zpontba a n\u0151gy\u00f3gy\u00e1szom javaslat\u00e1ra mentem el.<span>\u00a0<\/span><strong>El\u0151tte k\u00e9t helyen j\u00e1rtam, ahol k\u00e9t, teljesen ellentmond\u00e1sos szakv\u00e9lem\u00e9nyt kaptam, ami el\u00e9gg\u00e9 elbizonytalan\u00edtott.<\/strong><span>\u00a0<\/span>Az els\u0151 helyen az orvos szerint fel kell varrni a melleimet, implant\u00e1tumot kell behelyezni, \u00e9s a hasplasztik\u00e1ra csak k\u00fcl\u00f6n ker\u00fclhet sor. A m\u00e1sodik seb\u00e9sz minden gond n\u00e9lk\u00fcl elv\u00e9gezte volna a kombin\u00e1lt m\u0171t\u00e9tet, \u00e9s a felvarr\u00e1st sem tartotta indokoltnak. \u00c9rthet\u0151 teh\u00e1t, hogy zavartan \u00e9s kiss\u00e9 bizalmatlanul mentem a 3. helyre, m\u00e9gis tele izgalommal \u00e9s rem\u00e9nnyel.<\/p>\n<p><strong>A Bernivel val\u00f3 tal\u00e1lkoz\u00e1s sor\u00e1n minden k\u00e9ts\u00e9gem elsz\u00e1llt. K\u00f6zvetlens\u00e9ge, embers\u00e9ge \u00e9s szakmai hozz\u00e1\u00e1ll\u00e1sa egy\u00e9rtelm\u0171en eld\u00f6nt\u00f6tt\u00e9k, \u0151 fog megm\u0171teni.<\/strong><span>\u00a0<\/span>Az els\u0151 konzult\u00e1ci\u00f3 alkalm\u00e1val minden fontos k\u00e9rd\u00e9semre v\u00e1laszt kaptam. Felpr\u00f3b\u00e1lhattam az implant\u00e1tumokat, berajzolta a testemen a beavatkoz\u00e1s m\u00e9rt\u00e9k\u00e9t, f\u0151bb vonalait. Teljes nyugalommal j\u00f6ttem el a klinik\u00e1r\u00f3l. A k\u00f6vetkez\u0151 tal\u00e1lkoz\u00e1sunkig t\u00f6bbsz\u00f6r \u00edrtam Berninek, ha felmer\u00fclt a k\u00e9rd\u00e9s, \u00e9s \u0151 mindig k\u00e9szs\u00e9ggel v\u00e1laszolt. A m\u0171t\u00e9t id\u0151pontj\u00e1t a szoptat\u00e1s befejez\u00e9s\u00e9t k\u00f6vet\u0151 5. h\u00f3nap v\u00e9g\u00e9re tett\u00fck, 2015. janu\u00e1r 31-re.<span>\u00a0<\/span><strong>A m\u0171t\u00e9t el\u0151tti vizsg\u00e1latok elv\u00e9gz\u00e9s\u00e9hez rengeteg seg\u00edts\u00e9get kaptam Bernit\u0151l, \u00edgy a nagy napra gond n\u00e9lk\u00fcl fel tudtam k\u00e9sz\u00fclni.<\/strong><\/p>\n<p>Aznap teljesen nyugodtan mentem be a klinik\u00e1ra \u00e9s elfoglaltam a szob\u00e1mat. Berni j\u00f6tt \u00e9s berajzolt. Eml\u00e9kszem, hogy a sportmelltart\u00f3t \u00e9s a f\u0171z\u0151t szorongatva s\u00e9t\u00e1ltam be a m\u0171t\u0151be, felfek\u00fcdtem a m\u0171t\u0151asztalra \u00e9s nagyon-nagyon f\u00e1ztam. Kombin\u00e1lt m\u0171t\u00e9tet v\u00e9geztek rajtam, Mentor 375 implant\u00e1tumot helyeztek be \u00e9s a hasamon k\u00f6ld\u00f6k\u00e1thelyez\u00e9ssel j\u00e1r\u00f3 teljes hasplasztik\u00e1ra ker\u00fclt sor. Az ut\u00e1na k\u00f6vetkez\u0151 p\u00e1r \u00f3r\u00e1b\u00f3l eml\u00e9kfoszl\u00e1nyaim vannak csak, hogy beemelnek az \u00e1gyba, \u00e9s csak aludni szeretn\u00e9k. Nem voltak f\u00e1jdalmaim az \u00e9bred\u00e9st k\u00f6vet\u0151en, csak a bel\u0151lem kil\u00f3g\u00f3 folyad\u00e9kgy\u0171jt\u0151 tasakok voltak idegenek sz\u00e1momra (persze hamar \u00f6sszebar\u00e1tkoztunk, mivel mindenhova cipelnem kellett \u0151ket J). A melleimb\u0151l m\u00e1r a m\u0171t\u00e9tet k\u00f6vet\u0151en elt\u00e1vol\u00edtott\u00e1k a tasakokat, \u00edgy m\u00e1snap, amikor elhagyhattam a klinik\u00e1t, m\u00e1r csak k\u00e9t \u201et\u00e1rsammal\u201d t\u00e1voztam. Fura volt, hogy g\u00f6rnyedten j\u00e1rtam sok\u00e1ig, nem tudtam kiegyenesedni, annyira feszes lett a b\u0151r a hasamon. \u00cdgy 10 h\u00f3nap eltelt\u00e9vel m\u00e1r nem eml\u00e9kszem mindenre a fel\u00e9p\u00fcl\u00e9s id\u0151szak\u00e1b\u00f3l, az elej\u00e9n voltak napok, amikor elgondolkodtam az \u00e9pelm\u00e9j\u0171s\u00e9gemr\u0151l, hogy mindezt bev\u00e1llaltam. K\u00e9t kisgyerek mellett a mindennapi feladatok ell\u00e1t\u00e1sa alapos tervez\u00e9st ig\u00e9nyeltek, a h\u00e1ztart\u00e1s \u00e9s a gyerekek k\u00f6r\u00fcli teend\u0151k emel\u00e9s \u00e9s meger\u0151ltet\u00e9s n\u00e9lk\u00fcl igencsak nagy kih\u00edv\u00e1snak bizonyultak. De a f\u00e9rjem rengeteget seg\u00edtett \u00e9s a gyerekek is szokatlanul egy\u00fcttm\u0171k\u00f6d\u0151ek voltak.<span>\u00a0<\/span><strong>Fura, de olyan gyorsan eltelt az els\u0151 p\u00e1r h\u00e9t, hogy minden kellemetlens\u00e9g\u00e9vel, neh\u00e9zs\u00e9g\u00e9vel egy\u00fctt szinte kit\u00f6rl\u0151d\u00f6tt az eml\u00e9kezetemb\u0151l.<\/strong><\/p>\n<p>M\u00e1jusban m\u00e9g sor ker\u00fclt egy bimb\u00f3 k\u00f6r\u00fcli felvarr\u00e1sra, addig pedig rendszeresen kontrollra j\u00e1rtam Bernihez, varratszed\u00e9sre, sebk\u00f6t\u00e9sre, \u00e9s h\u00f3napr\u00f3l-h\u00f3napra l\u00e1ttam a gy\u00f3gyul\u00e1st. A m\u00e1sodik, korrekci\u00f3s m\u0171t\u00e9t helyi \u00e9rz\u00e9stelen\u00edt\u00e9ssel t\u00f6rt\u00e9nt, v\u00e9gig \u00e9bren voltam alatta.\u00a0 Nos, az egy \u00f6r\u00f6k \u00e9lm\u00e9ny marad, konkr\u00e9tan v\u00e9gigr\u00f6h\u00f6gtem az eg\u00e9szet. Mialatt k\u00e9toldalr\u00f3l h\u00fazt\u00e1k a melleimet, szabt\u00e1k, varrt\u00e1k, j\u00f3kat sztorizgattunk, \u00e9nekelt\u00fcnk, piercingekr\u0151l besz\u00e9lgett\u00fcnk \u00e9s j\u00f3 nagyokat nevett\u00fcnk.<span>\u00a0<\/span><strong>Az eg\u00e9sz t\u00e1rsas\u00e1g, Bernit\u0151l kezdve a n\u0151v\u00e9rekig mindenki annyira kedves, k\u00f6zvetlen \u00e9s j\u00f3fej volt, hogy minden alkalommal teljes nyugodts\u00e1ggal, bizalommal \u00e9rkeztem a klinik\u00e1ra.<\/strong><\/p>\n<p>A kontrollok ritkultak, a hegek halv\u00e1nyodtak, de Bernihez a mai napig b\u00e1tran fordulhatok tan\u00e1cs\u00e9rt, kereshetem k\u00e9rd\u00e9ssel \u00e9s j\u00f3 \u00e9rz\u00e9ssel mes\u00e9lek r\u00f3la b\u00e1rkinek, akit beavatok az \u00e1tv\u00e1ltoz\u00e1som t\u00f6rt\u00e9net\u00e9be. Nyomon k\u00f6vetem az \u00e9let\u00e9t \u00e9s szakmai p\u00e1ly\u00e1j\u00e1t a k\u00f6z\u00f6ss\u00e9gi oldalon, b\u00fcszk\u00e9n szavazok r\u00e1 az Aranyanyu D\u00edj p\u00e1ly\u00e1zat\u00e1n, mert lehet\u0151s\u00e9get kaptam t\u0151le.<span>\u00a0<\/span><strong>Lehet\u0151s\u00e9get a kiegyens\u00falyozotts\u00e1gra, kiv\u00e1l\u00f3 alapot a testem form\u00e1l\u00e1s\u00e1ra, \u00f6nbizalmat, n\u0151iess\u00e9get, magabiztoss\u00e1got.<span>\u00a0<\/span><\/strong><strong>Minden n\u0151nek lehet\u0151s\u00e9get k\u00e9ne kapnia a harm\u00f3ni\u00e1ra, az \u00f6nbecs\u00fcl\u00e9sre, a saj\u00e1t maguk kiteljesed\u00e9s\u00e9re.<\/strong><\/p>\n<p><strong>K\u00f6sz\u00f6nj\u00fck Emes\u00e9nek, hogy megosztotta vel\u00fcnk t\u00f6rt\u00e9net\u00e9t \u00e9s v\u00e9lem\u00e9ny\u00e9t!<\/strong><\/p>[\/et_pb_text][et_pb_button button_url=&#8221;https:\/\/drlbeauty.com\/hu\/referencia\/sikertortenetek\/&#8221; button_text=&#8221;Tov\u00e1bbi sikert\u00f6rt\u00e9netek&#8221; button_alignment=&#8221;left&#8221; _builder_version=&#8221;4.14.8&#8243; _module_preset=&#8221;default&#8221; custom_button=&#8221;on&#8221; button_text_size=&#8221;19px&#8221; button_text_color=&#8221;#FFFFFF&#8221; button_bg_color=&#8221;#7c367f&#8221; button_border_color=&#8221;RGBA(255,255,255,0)&#8221; button_border_radius=&#8221;100px&#8221; button_font=&#8221;Raleway||||||||&#8221; background_layout=&#8221;dark&#8221; custom_margin=&#8221;9px|||||&#8221; custom_padding=&#8221;|||&#8221; button_text_size_tablet=&#8221;18px&#8221; button_text_size_phone=&#8221;15px&#8221; button_text_size_last_edited=&#8221;on|desktop&#8221; global_colors_info=&#8221;{}&#8221; button_letter_spacing__hover=&#8221;2px&#8221; button_letter_spacing__hover_enabled=&#8221;on&#8221; theme_builder_area=&#8221;post_content&#8221;][\/et_pb_button][\/et_pb_column][\/et_pb_row][\/et_pb_section]\n","protected":false},"excerpt":{"rendered":"<p>&#8222;Minden n\u0151nek lehet\u0151s\u00e9get k\u00e9ne kapnia a harm\u00f3ni\u00e1ra, az \u00f6nbecs\u00fcl\u00e9sre, a saj\u00e1t maguk kiteljesed\u00e9s\u00e9re.&#8221; Emese sikert\u00f6rt\u00e9nete\u00a0(31 \u00e9ves) Vajon mi k\u00e9sztet egy n\u0151t arra, hogy plasztikai seb\u00e9szhez forduljon? Hi\u00fas\u00e1g? Elkeseredetts\u00e9g? Mag\u00e1nak vagy tal\u00e1n m\u00e1snak val\u00f3 megfelel\u00e9si v\u00e1gy? A tehetetlens\u00e9g \u00e9rz\u00e9se? A csal\u00f3dotts\u00e1g, hogy nem k\u00e9pes \u201ecsup\u00e1n\u201d \u00f6ner\u0151b\u0151l v\u00e1ltoztatni mag\u00e1n? A k\u00e9nyszer? Eg\u00e9szs\u00e9g\u00fcgyi okok? Az \u00e9rv\u00e9nyes\u00fcl\u00e9s lehet\u0151s\u00e9ge? Mindenkit [&hellip;]<\/p>\n","protected":false},"author":1,"featured_media":0,"parent":844,"menu_order":0,"comment_status":"closed","ping_status":"closed","template":"","meta":{"_et_pb_use_builder":"on","_et_pb_old_content":"<!-- wp:divi\/placeholder \/-->","_et_gb_content_width":"","footnotes":""},"class_list":["post-909","page","type-page","status-publish","hentry"],"yoast_head":"<!-- This site is optimized with the Yoast SEO plugin v26.8 - https:\/\/yoast.com\/product\/yoast-seo-wordpress\/ -->\n<title>Emese - dr LBeauty Plasztikai Seb\u00e9szet<\/title>\n<meta name=\"robots\" content=\"index, follow, max-snippet:-1, max-image-preview:large, max-video-preview:-1\" \/>\n<link rel=\"canonical\" href=\"https:\/\/drlbeauty.com\/hu\/sikertortenetek\/emese\/\" \/>\n<meta property=\"og:locale\" content=\"hu_HU\" \/>\n<meta property=\"og:type\" content=\"article\" \/>\n<meta property=\"og:title\" content=\"Emese - dr LBeauty Plasztikai Seb\u00e9szet\" \/>\n<meta property=\"og:description\" content=\"&quot;Minden n\u0151nek lehet\u0151s\u00e9get k\u00e9ne kapnia a harm\u00f3ni\u00e1ra, az \u00f6nbecs\u00fcl\u00e9sre, a saj\u00e1t maguk kiteljesed\u00e9s\u00e9re.&quot; Emese sikert\u00f6rt\u00e9nete\u00a0(31 \u00e9ves) Vajon mi k\u00e9sztet egy n\u0151t arra, hogy plasztikai seb\u00e9szhez forduljon? Hi\u00fas\u00e1g? Elkeseredetts\u00e9g? Mag\u00e1nak vagy tal\u00e1n m\u00e1snak val\u00f3 megfelel\u00e9si v\u00e1gy? A tehetetlens\u00e9g \u00e9rz\u00e9se? A csal\u00f3dotts\u00e1g, hogy nem k\u00e9pes \u201ecsup\u00e1n\u201d \u00f6ner\u0151b\u0151l v\u00e1ltoztatni mag\u00e1n? A k\u00e9nyszer? Eg\u00e9szs\u00e9g\u00fcgyi okok? Az \u00e9rv\u00e9nyes\u00fcl\u00e9s lehet\u0151s\u00e9ge? Mindenkit [&hellip;]\" \/>\n<meta property=\"og:url\" content=\"https:\/\/drlbeauty.com\/hu\/sikertortenetek\/emese\/\" \/>\n<meta property=\"og:site_name\" content=\"dr LBeauty Plasztikai Seb\u00e9szet\" \/>\n<meta property=\"article:modified_time\" content=\"2023-08-03T08:10:45+00:00\" \/>\n<meta name=\"twitter:card\" content=\"summary_large_image\" \/>\n<meta name=\"twitter:label1\" content=\"Becs\u00fclt olvas\u00e1si id\u0151\" \/>\n\t<meta name=\"twitter:data1\" content=\"8 perc\" \/>\n<script type=\"application\/ld+json\" class=\"yoast-schema-graph\">{\"@context\":\"https:\/\/schema.org\",\"@graph\":[{\"@type\":\"WebPage\",\"@id\":\"https:\/\/drlbeauty.com\/hu\/sikertortenetek\/emese\/\",\"url\":\"https:\/\/drlbeauty.com\/hu\/sikertortenetek\/emese\/\",\"name\":\"Emese - dr LBeauty Plasztikai Seb\u00e9szet\",\"isPartOf\":{\"@id\":\"https:\/\/drlbeauty.com\/hu\/#website\"},\"datePublished\":\"2022-02-23T12:30:37+00:00\",\"dateModified\":\"2023-08-03T08:10:45+00:00\",\"breadcrumb\":{\"@id\":\"https:\/\/drlbeauty.com\/hu\/sikertortenetek\/emese\/#breadcrumb\"},\"inLanguage\":\"hu\",\"potentialAction\":[{\"@type\":\"ReadAction\",\"target\":[\"https:\/\/drlbeauty.com\/hu\/sikertortenetek\/emese\/\"]}]},{\"@type\":\"BreadcrumbList\",\"@id\":\"https:\/\/drlbeauty.com\/hu\/sikertortenetek\/emese\/#breadcrumb\",\"itemListElement\":[{\"@type\":\"ListItem\",\"position\":1,\"name\":\"Kezd\u0151lap\",\"item\":\"https:\/\/drlbeauty.com\/hu\/\"},{\"@type\":\"ListItem\",\"position\":2,\"name\":\"Sikert\u00f6rt\u00e9netek\",\"item\":\"https:\/\/drlbeauty.com\/hu\/sikertortenetek\/\"},{\"@type\":\"ListItem\",\"position\":3,\"name\":\"Emese\"}]},{\"@type\":\"WebSite\",\"@id\":\"https:\/\/drlbeauty.com\/hu\/#website\",\"url\":\"https:\/\/drlbeauty.com\/hu\/\",\"name\":\"dr LBeauty Plasztikai Seb\u00e9szet\",\"description\":\"My WordPress Blog\",\"publisher\":{\"@id\":\"https:\/\/drlbeauty.com\/hu\/#\/schema\/person\/21f1e9bac1ad5d5c110e02de659b156c\"},\"potentialAction\":[{\"@type\":\"SearchAction\",\"target\":{\"@type\":\"EntryPoint\",\"urlTemplate\":\"https:\/\/drlbeauty.com\/hu\/?s={search_term_string}\"},\"query-input\":{\"@type\":\"PropertyValueSpecification\",\"valueRequired\":true,\"valueName\":\"search_term_string\"}}],\"inLanguage\":\"hu\"},{\"@type\":[\"Person\",\"Organization\"],\"@id\":\"https:\/\/drlbeauty.com\/hu\/#\/schema\/person\/21f1e9bac1ad5d5c110e02de659b156c\",\"name\":\"Dr. L\u00e9vay Bernadett\",\"image\":{\"@type\":\"ImageObject\",\"inLanguage\":\"hu\",\"@id\":\"https:\/\/drlbeauty.com\/hu\/#\/schema\/person\/image\/\",\"url\":\"https:\/\/drlbeauty.com\/hu\/wp-content\/uploads\/2022\/02\/cropped-drlbeauty-weblogo.png\",\"contentUrl\":\"https:\/\/drlbeauty.com\/hu\/wp-content\/uploads\/2022\/02\/cropped-drlbeauty-weblogo.png\",\"width\":512,\"height\":512,\"caption\":\"Dr. L\u00e9vay Bernadett\"},\"logo\":{\"@id\":\"https:\/\/drlbeauty.com\/hu\/#\/schema\/person\/image\/\"},\"sameAs\":[\"https:\/\/drlbeauty.com\/hu\"]}]}<\/script>\n<!-- \/ Yoast SEO plugin. -->","yoast_head_json":{"title":"Emese - dr LBeauty Plasztikai Seb\u00e9szet","robots":{"index":"index","follow":"follow","max-snippet":"max-snippet:-1","max-image-preview":"max-image-preview:large","max-video-preview":"max-video-preview:-1"},"canonical":"https:\/\/drlbeauty.com\/hu\/sikertortenetek\/emese\/","og_locale":"hu_HU","og_type":"article","og_title":"Emese - dr LBeauty Plasztikai Seb\u00e9szet","og_description":"\"Minden n\u0151nek lehet\u0151s\u00e9get k\u00e9ne kapnia a harm\u00f3ni\u00e1ra, az \u00f6nbecs\u00fcl\u00e9sre, a saj\u00e1t maguk kiteljesed\u00e9s\u00e9re.\" Emese sikert\u00f6rt\u00e9nete\u00a0(31 \u00e9ves) Vajon mi k\u00e9sztet egy n\u0151t arra, hogy plasztikai seb\u00e9szhez forduljon? Hi\u00fas\u00e1g? Elkeseredetts\u00e9g? Mag\u00e1nak vagy tal\u00e1n m\u00e1snak val\u00f3 megfelel\u00e9si v\u00e1gy? A tehetetlens\u00e9g \u00e9rz\u00e9se? A csal\u00f3dotts\u00e1g, hogy nem k\u00e9pes \u201ecsup\u00e1n\u201d \u00f6ner\u0151b\u0151l v\u00e1ltoztatni mag\u00e1n? A k\u00e9nyszer? Eg\u00e9szs\u00e9g\u00fcgyi okok? Az \u00e9rv\u00e9nyes\u00fcl\u00e9s lehet\u0151s\u00e9ge? Mindenkit [&hellip;]","og_url":"https:\/\/drlbeauty.com\/hu\/sikertortenetek\/emese\/","og_site_name":"dr LBeauty Plasztikai Seb\u00e9szet","article_modified_time":"2023-08-03T08:10:45+00:00","twitter_card":"summary_large_image","twitter_misc":{"Becs\u00fclt olvas\u00e1si id\u0151":"8 perc"},"schema":{"@context":"https:\/\/schema.org","@graph":[{"@type":"WebPage","@id":"https:\/\/drlbeauty.com\/hu\/sikertortenetek\/emese\/","url":"https:\/\/drlbeauty.com\/hu\/sikertortenetek\/emese\/","name":"Emese - dr LBeauty Plasztikai Seb\u00e9szet","isPartOf":{"@id":"https:\/\/drlbeauty.com\/hu\/#website"},"datePublished":"2022-02-23T12:30:37+00:00","dateModified":"2023-08-03T08:10:45+00:00","breadcrumb":{"@id":"https:\/\/drlbeauty.com\/hu\/sikertortenetek\/emese\/#breadcrumb"},"inLanguage":"hu","potentialAction":[{"@type":"ReadAction","target":["https:\/\/drlbeauty.com\/hu\/sikertortenetek\/emese\/"]}]},{"@type":"BreadcrumbList","@id":"https:\/\/drlbeauty.com\/hu\/sikertortenetek\/emese\/#breadcrumb","itemListElement":[{"@type":"ListItem","position":1,"name":"Kezd\u0151lap","item":"https:\/\/drlbeauty.com\/hu\/"},{"@type":"ListItem","position":2,"name":"Sikert\u00f6rt\u00e9netek","item":"https:\/\/drlbeauty.com\/hu\/sikertortenetek\/"},{"@type":"ListItem","position":3,"name":"Emese"}]},{"@type":"WebSite","@id":"https:\/\/drlbeauty.com\/hu\/#website","url":"https:\/\/drlbeauty.com\/hu\/","name":"dr LBeauty Plasztikai Seb\u00e9szet","description":"My WordPress Blog","publisher":{"@id":"https:\/\/drlbeauty.com\/hu\/#\/schema\/person\/21f1e9bac1ad5d5c110e02de659b156c"},"potentialAction":[{"@type":"SearchAction","target":{"@type":"EntryPoint","urlTemplate":"https:\/\/drlbeauty.com\/hu\/?s={search_term_string}"},"query-input":{"@type":"PropertyValueSpecification","valueRequired":true,"valueName":"search_term_string"}}],"inLanguage":"hu"},{"@type":["Person","Organization"],"@id":"https:\/\/drlbeauty.com\/hu\/#\/schema\/person\/21f1e9bac1ad5d5c110e02de659b156c","name":"Dr. L\u00e9vay Bernadett","image":{"@type":"ImageObject","inLanguage":"hu","@id":"https:\/\/drlbeauty.com\/hu\/#\/schema\/person\/image\/","url":"https:\/\/drlbeauty.com\/hu\/wp-content\/uploads\/2022\/02\/cropped-drlbeauty-weblogo.png","contentUrl":"https:\/\/drlbeauty.com\/hu\/wp-content\/uploads\/2022\/02\/cropped-drlbeauty-weblogo.png","width":512,"height":512,"caption":"Dr. L\u00e9vay Bernadett"},"logo":{"@id":"https:\/\/drlbeauty.com\/hu\/#\/schema\/person\/image\/"},"sameAs":["https:\/\/drlbeauty.com\/hu"]}]}},"_links":{"self":[{"href":"https:\/\/drlbeauty.com\/hu\/wp-json\/wp\/v2\/pages\/909","targetHints":{"allow":["GET"]}}],"collection":[{"href":"https:\/\/drlbeauty.com\/hu\/wp-json\/wp\/v2\/pages"}],"about":[{"href":"https:\/\/drlbeauty.com\/hu\/wp-json\/wp\/v2\/types\/page"}],"author":[{"embeddable":true,"href":"https:\/\/drlbeauty.com\/hu\/wp-json\/wp\/v2\/users\/1"}],"replies":[{"embeddable":true,"href":"https:\/\/drlbeauty.com\/hu\/wp-json\/wp\/v2\/comments?post=909"}],"version-history":[{"count":5,"href":"https:\/\/drlbeauty.com\/hu\/wp-json\/wp\/v2\/pages\/909\/revisions"}],"predecessor-version":[{"id":2926,"href":"https:\/\/drlbeauty.com\/hu\/wp-json\/wp\/v2\/pages\/909\/revisions\/2926"}],"up":[{"embeddable":true,"href":"https:\/\/drlbeauty.com\/hu\/wp-json\/wp\/v2\/pages\/844"}],"wp:attachment":[{"href":"https:\/\/drlbeauty.com\/hu\/wp-json\/wp\/v2\/media?parent=909"}],"curies":[{"name":"wp","href":"https:\/\/api.w.org\/{rel}","templated":true}]}}